{"id":909,"date":"2023-10-23T14:04:00","date_gmt":"2023-10-23T14:04:00","guid":{"rendered":"https:\/\/mundoletroso.com.ar\/blog\/disclaimer-sobre-malware\/"},"modified":"2025-11-30T23:58:32","modified_gmt":"2025-11-30T23:58:32","slug":"disclaimer-sobre-malware","status":"publish","type":"page","link":"https:\/\/mundoletroso.com.ar\/blog\/disclaimer-sobre-malware\/","title":{"rendered":"Disclaimer sobre Malware"},"content":{"rendered":"<\/p>\n<div class=\"separator\" style=\"clear: both;text-align: center\">\n<\/div>\n<div class=\"separator\" style=\"clear: both;text-align: center\"><a href=\"https:\/\/i.postimg.cc\/Rh8RwyxQ\/Discle02.png\" style=\"margin-left: 1em;margin-right: 1em\"><img loading=\"lazy\" decoding=\"async\" border=\"0\" data-original-height=\"640\" data-original-width=\"1280\" height=\"301\" src=\"https:\/\/i.postimg.cc\/Rh8RwyxQ\/Discle02.png\" width=\"601\" \/><\/a><\/div>\n<p>&nbsp;<\/p>\n<p style=\"text-align: justify\"><span style=\"font-family: Merienda\">Todos los archivos compartidos en <b data-end=\"128\" data-start=\"111\"><span style=\"color: #c27ba0\">Mundo Letroso<\/span><\/b> son <b data-end=\"182\" data-start=\"133\"><span style=\"color: #3d85c6\">escaneados con antivirus antes de ser subidos<\/span><\/b> a plataformas como Mega, MediaFire u otras nubes.<br data-end=\"235\" data-start=\"232\" \/><br \/>\nEsto se hace <b data-end=\"265\" data-start=\"248\"><span style=\"color: #990000\">sin excepci\u00f3n<\/span><\/b>, tanto por seguridad de ustedes como por la m\u00eda, ya que gestiono todo desde mi propia computadora.<\/p>\n<p><\/span><\/p>\n<div class=\"separator\" style=\"clear: both;text-align: center\"><a href=\"https:\/\/i.postimg.cc\/DyCQD5B3\/AA02.png\" style=\"clear: left;float: left;margin-bottom: 1em;margin-right: 1em\"><img loading=\"lazy\" decoding=\"async\" border=\"0\" data-original-height=\"628\" data-original-width=\"1200\" height=\"340\" src=\"https:\/\/i.postimg.cc\/DyCQD5B3\/AA02.png\" width=\"651\" \/><\/a><\/div>\n<p><\/p>\n<div class=\"separator\" style=\"clear: both;text-align: center\"><\/div>\n<p data-end=\"259\" data-start=\"199\"><span style=\"font-family: Merienda\">\ud83d\udee1\ufe0f <b data-end=\"259\" data-start=\"203\"><span style=\"color: #674ea7\"><u>Sobre seguridad, virus y responsabilidad del usuario<\/u><\/span><\/b><\/span><\/p>\n<p data-end=\"562\" data-start=\"261\"><span style=\"font-family: Merienda\">He recibido varias consultas sobre este tema, as\u00ed que aclaro nuevamente:<br data-end=\"336\" data-start=\"333\" \/><br \/>\n<b data-end=\"472\" data-start=\"336\"><span style=\"color: #3d85c6\">Todos los archivos que subimos a Mundo Letroso son escaneados con antivirus antes de ser almacenados en nubes como MEGA o MediaFire.<\/span><\/b> Hago todo desde mi propia computadora y no pondr\u00eda en riesgo ni mi PC ni el de ustedes.<\/span><\/p>\n<p data-end=\"841\" data-start=\"564\"><span style=\"font-family: Merienda\">\ud83d\udccc Sin embargo, es importante entender que <b data-end=\"674\" data-start=\"607\"><span style=\"color: #3d85c6\">una vez los archivos est\u00e1n en la nube, el tr\u00e1fico ya es p\u00fablico<\/span><\/b> y escapa de mi control directo. Yo puedo tomar todas las medidas posibles, pero <b data-end=\"807\" data-start=\"755\"><span style=\"color: #3d85c6\">no existe seguridad 100% garantizada en Internet<\/span><\/b>. Quien diga lo contrario, miente.<\/span><\/p>\n<p data-end=\"1058\" data-start=\"843\"><span style=\"font-family: Merienda\">\ud83e\udde0 Por eso, <b data-end=\"940\" data-start=\"855\"><span style=\"color: #3d85c6\">todo lo que <i>obtengas<\/i> o navegues ser\u00e1 bajo tu propia responsabilidad y criterio<\/span>.<\/b><br data-end=\"943\" data-start=\"940\" \/><br \/>\nNo me refiero solo a este blog, sino al uso general en Internet. La prevenci\u00f3n y el uso consciente son fundamentales.<\/span><\/p>\n<p data-end=\"1321\" data-start=\"1060\"><span style=\"font-family: Merienda\">\u26a0\ufe0f Los <b data-end=\"1093\" data-start=\"1067\">acortadores de enlaces<\/b> como adf.ly u ouo son necesarios para proteger los enlaces directos y evitar denuncias por contenido con derechos de autor. Sin ellos, podr\u00edan cerrarme las cuentas de almacenamiento e incluso este blog. <b data-end=\"1321\" data-start=\"1299\"><span style=\"color: #cc0000\">Es un riesgo real<\/span>.<\/p>\n<p><\/b><\/span><\/p>\n<p data-end=\"1344\" data-start=\"1323\"><span style=\"font-family: Merienda;font-size: medium\">\ud83d\udea9 <b><span style=\"color: #b45f06\"><u>A tener en cuenta<\/u>:<br \/><\/span><\/b><\/span><\/p>\n<ul data-end=\"1718\" data-start=\"1345\">\n<li data-end=\"1408\" data-start=\"1345\">\n<p data-end=\"1408\" data-start=\"1347\"><span style=\"font-family: Merienda\">Estos acortadores pueden tener <b data-end=\"1407\" data-start=\"1378\"><span style=\"color: #990000\">mucha publicidad enga\u00f1osa<\/span><\/b>.<\/span><\/p>\n<\/li>\n<li data-end=\"1459\" data-start=\"1409\">\n<p data-end=\"1459\" data-start=\"1411\"><span style=\"font-family: Merienda\">No hagas clic en lo primero que diga \u201c<b><span style=\"color: #990000\">Download<\/span><\/b>\u201d.<\/span><\/p>\n<\/li>\n<li data-end=\"1528\" data-start=\"1460\">\n<p data-end=\"1528\" data-start=\"1462\"><span style=\"font-family: Merienda\"><b data-end=\"1498\" data-start=\"1462\"><span style=\"color: #990000\">Cerr\u00e1 las pesta\u00f1as publicitarias<\/span><\/b> y no <i>bajes<\/i> nada extra\u00f1o.<\/span><\/p>\n<\/li>\n<li data-end=\"1607\" data-start=\"1529\">\n<p data-end=\"1607\" data-start=\"1531\"><span style=\"font-family: Merienda\">Si algo se <i>baja<\/i> autom\u00e1ticamente, <b data-end=\"1606\" data-start=\"1568\"><span style=\"color: #990000\">cancelalo o elim\u00ednalo de inmediato<\/span><\/b>.<\/span><\/p>\n<\/li>\n<li data-end=\"1718\" data-start=\"1608\">\n<p data-end=\"1718\" data-start=\"1610\"><span style=\"font-family: Merienda\"><b data-end=\"1671\" data-start=\"1610\"><span style=\"color: #990000\">Los archivos reales no se <i>obtienen<\/i> desde los acortadores<\/span><\/b>, sino desde las nubes (MEGA, MediaFire, etc.).<\/p>\n<p><\/span><\/p>\n<\/li>\n<\/ul>\n<p data-end=\"1933\" data-start=\"1720\"><span style=\"font-family: Merienda\">\ud83d\udcf7 En el <b data-end=\"1753\" data-start=\"1729\"><span style=\"color: #ff00fe\">TDD<\/span><\/b> incluyo im\u00e1genes para ayudarte a identificar los botones correctos. <br \/>Aun as\u00ed, es posible que se abran pesta\u00f1as adicionales: cerralas y segu\u00ed intentando hasta llegar al enlace real.<\/span><\/p>\n<p data-end=\"2145\" data-start=\"1935\"><span style=\"font-family: Merienda\">\ud83d\uded1 Tambi\u00e9n puede ocurrir que al <i>obtener<\/i> desde MEGA u otra nube, tu antivirus lance una advertencia. Eso no significa que el archivo est\u00e9 infectado, pero si ten\u00e9s dudas, <b data-end=\"2145\" data-start=\"2108\"><span style=\"color: #3d85c6\">escanealo de nuevo por tu cuenta<\/span>.<\/b><\/span><\/p>\n<p data-end=\"2292\" data-start=\"2147\"><span style=\"font-family: Merienda\">\ud83d\udcac Yo tambi\u00e9n he pasado por eso: a veces todo parece correcto y aun as\u00ed algo se cuela. Por eso, tener un buen antivirus y sentido com\u00fan es clave.<\/span><\/p>\n<p data-end=\"2524\" data-start=\"2294\"><span style=\"font-family: Merienda\">\u2764\ufe0f <i data-end=\"2524\" data-start=\"2297\">Record\u00e1 que lo que hacemos es una labor sin fines de lucro, hecha por amor a los libros. No traducimos ni editamos, solo compartimos lo que ya existe y muchas veces no se encuentra disponible en espa\u00f1ol o en algunos pa\u00edses.<\/i><\/span><\/p>\n<p style=\"text-align: justify\">\n<p data-end=\"2665\" data-start=\"2526\"><span style=\"font-family: Merienda\">\ud83d\ude4f Te pedimos comprensi\u00f3n, responsabilidad y respeto por el trabajo que hay detr\u00e1s de todo esto.<br data-end=\"2625\" data-start=\"2622\" \/><br \/>\nY sobre todo, cuid\u00e1 tu seguridad online.<\/p>\n<p><\/span><\/p>\n<p style=\"text-align: justify\"><span style=\"text-align: left\"><\/span><\/p>\n<div class=\"separator\" style=\"clear: both;text-align: center\"><span style=\"font-family: Merienda\"><a href=\"https:\/\/i.postimg.cc\/k4dMjRyN\/966500115592380416.gif\" style=\"clear: left;float: left;margin-bottom: 1em;margin-right: 1em\"><\/a><\/span><\/div>\n<blockquote><p><span style=\"font-family: Merienda\"><span style=\"text-align: left\"><\/p>\n<div class=\"separator\" style=\"clear: both;text-align: center\"><a href=\"https:\/\/i.postimg.cc\/k4dMjRyN\/966500115592380416.gif\" style=\"clear: left;float: left;margin-bottom: 1em;margin-right: 1em\"><img loading=\"lazy\" decoding=\"async\" border=\"0\" data-original-height=\"19\" data-original-width=\"19\" height=\"19\" src=\"https:\/\/i.postimg.cc\/k4dMjRyN\/966500115592380416.gif\" width=\"19\" \/><\/a><\/div>\n<p><\/span><b data-end=\"198\" data-start=\"145\" style=\"text-align: left\"><span style=\"color: #3d85c6\">Usen siempre un antivirus y mantenlo actualizado.<\/span><\/b><span style=\"text-align: left\"> Es fundamental para navegar y <i>obtener<\/i> los contenidos con seguridad.<\/span><\/span><\/p><\/blockquote>\n<p><span style=\"font-family: Merienda\">&nbsp;<\/span><\/p>\n<p><span style=\"text-align: left\"><span style=\"font-family: Merienda\"><\/span><\/span><\/p>\n<p data-end=\"438\" data-start=\"255\"><span style=\"font-family: Merienda\">\u26a0\ufe0f Yo puedo garantizar que <b data-end=\"315\" data-start=\"282\"><span style=\"color: #990000\">los archivos se suben limpios<\/span><\/b>, pero <b data-end=\"391\" data-start=\"322\"><span style=\"color: #990000\">no puedo controlar lo que ocurra durante o despu\u00e9s de la des c@r ga<\/span><\/b>. Cada usuario debe tomar sus propios recaudos.<\/span><\/p>\n<p data-end=\"648\" data-start=\"440\"><span style=\"font-family: Merienda\">\ud83d\uded1 No puedo hacer magia ni me responsabilizo por problemas que surjan fuera de mi control. A veces incluso <b data-end=\"606\" data-start=\"549\"><span style=\"color: #3d85c6\">los navegadores como Chrome detectan falsos positivos<\/span><\/b>, as\u00ed que revisen bien antes de alarmarse.<\/span><\/p>\n<p style=\"text-align: justify\"><span style=\"font-family: Merienda;font-size: medium\"><\/p>\n<p><\/span><\/p>\n<p data-end=\"763\" data-start=\"650\"><span style=\"font-family: Merienda\">\ud83d\ude4f Espero que con esto quede claro. Subimos todo con cuidado, pero la seguridad final tambi\u00e9n depende de ustedes.<\/span><\/p>\n<\/p>\n<p style=\"text-align: justify\"><\/p>\n<div style=\"background-color: white;text-align: center\"><span style=\"color: #c27ba0;font-size: 18px\">\u268a\u2740\u268a\u2740\u268a\u2740\u268a\u2740\u268a\u2740\u268a\u2740\u268a\u2740\u268a\u2740\u268a\u2740\u268a\u2740\u268a\u2740\u268a\u2740<\/span><\/div>\n","protected":false},"excerpt":{"rendered":"<p>&nbsp; Todos los archivos compartidos en Mundo Letroso son escaneados con antivirus antes de ser subidos a plataformas como Mega, MediaFire u otras nubes. Esto se hace sin excepci\u00f3n, tanto por seguridad de ustedes como por la m\u00eda, ya que gestiono todo desde mi propia computadora. \ud83d\udee1\ufe0f Sobre seguridad, virus y responsabilidad del usuario He [&hellip;]<\/p>\n","protected":false},"author":1,"featured_media":0,"parent":0,"menu_order":0,"comment_status":"closed","ping_status":"closed","template":"","meta":{"footnotes":""},"class_list":["post-909","page","type-page","status-publish","hentry"],"_links":{"self":[{"href":"https:\/\/mundoletroso.com.ar\/blog\/wp-json\/wp\/v2\/pages\/909","targetHints":{"allow":["GET"]}}],"collection":[{"href":"https:\/\/mundoletroso.com.ar\/blog\/wp-json\/wp\/v2\/pages"}],"about":[{"href":"https:\/\/mundoletroso.com.ar\/blog\/wp-json\/wp\/v2\/types\/page"}],"author":[{"embeddable":true,"href":"https:\/\/mundoletroso.com.ar\/blog\/wp-json\/wp\/v2\/users\/1"}],"replies":[{"embeddable":true,"href":"https:\/\/mundoletroso.com.ar\/blog\/wp-json\/wp\/v2\/comments?post=909"}],"version-history":[{"count":1,"href":"https:\/\/mundoletroso.com.ar\/blog\/wp-json\/wp\/v2\/pages\/909\/revisions"}],"predecessor-version":[{"id":910,"href":"https:\/\/mundoletroso.com.ar\/blog\/wp-json\/wp\/v2\/pages\/909\/revisions\/910"}],"wp:attachment":[{"href":"https:\/\/mundoletroso.com.ar\/blog\/wp-json\/wp\/v2\/media?parent=909"}],"curies":[{"name":"wp","href":"https:\/\/api.w.org\/{rel}","templated":true}]}}