{"id":903,"date":"2023-10-27T18:36:00","date_gmt":"2023-10-27T18:36:00","guid":{"rendered":"https:\/\/mundoletroso.com.ar\/blog\/servicios-que-utilizamos-tutorial\/"},"modified":"2026-05-01T00:49:32","modified_gmt":"2026-05-01T03:49:32","slug":"servicios-que-utilizamos-tutorial","status":"publish","type":"page","link":"https:\/\/mundoletroso.com.ar\/blog\/servicios-que-utilizamos-tutorial\/","title":{"rendered":"Servicios que utilizamos [TDD]"},"content":{"rendered":"<div class=\"separator\" style=\"clear: both; text-align: center;\"><img loading=\"lazy\" decoding=\"async\" class=\"aligncenter size-medium\" src=\"https:\/\/i.postimg.cc\/RV3MB3X0\/Serviciosqu0-5.png\" width=\"1149\" height=\"120\" \/><\/div>\n<div class=\"separator\" style=\"clear: both; text-align: center;\">\u00a0<\/div>\n<div>\n<div style=\"text-align: left;\">\n<p class=\"font-claude-response-body break-words whitespace-normal leading-[1.7]\"><span style=\"font-family: Kalam; font-size: 17px;\">En esta secci\u00f3n explicaremos todos los servicios externos que usamos: contenedores de enlaces, nubes de almacenamiento y dem\u00e1s plataformas.<\/span><\/p>\n<p class=\"font-claude-response-body break-words whitespace-normal leading-[1.7]\"><span style=\"font-family: Kalam; font-size: 17px;\">Es importante que los conozcas para que sepas exactamente ad\u00f3nde est\u00e1s ingresando y no termines en sitios maliciosos o poco seguros.<\/span><\/p>\n<blockquote>\n<p>&nbsp;<\/p>\n<p class=\"font-claude-response-body break-words whitespace-normal leading-[1.7]\"><span style=\"font-family: Kalam; font-size: 17px;\">\u26a0\ufe0f No olvides leer el <span style=\"color: #ed61a7;\"><strong>Disclaimer sobre Malware y Virus<\/strong><\/span> al final de esta p\u00e1gina.<\/span><\/p>\n<\/blockquote>\n<p>&nbsp;<\/p>\n<\/div>\n<\/div>\n<div style=\"text-align: justify;\"><span style=\"font-family: verdana;\">\u00a0<\/span><\/div>\n<div><img loading=\"lazy\" decoding=\"async\" class=\"aligncenter size-medium\" src=\"https:\/\/i.postimg.cc\/4xfR3m1n\/SC1-5.png\" width=\"1149\" height=\"120\" \/><\/div>\n<div>\n<p>&nbsp;<\/p>\n<p class=\"font-claude-response-body break-words whitespace-normal leading-[1.7]\"><span style=\"font-family: Kalam; font-size: 17px;\">Tras la eliminaci\u00f3n de los sitios contenedores que ven\u00edamos usando hace m\u00e1s de 5 a\u00f1os, fue necesario migrar a nuevas plataformas.<\/span><\/p>\n<p class=\"font-claude-response-body break-words whitespace-normal leading-[1.7]\"><span style=\"font-family: Kalam; font-size: 17px;\">\u2728 Actualmente usamos:<\/span><\/p>\n<ul class=\"[li_&amp;]:mb-0 [li_&amp;]:mt-1 [li_&amp;]:gap-1 [&amp;:not(:last-child)_ul]:pb-1 [&amp;:not(:last-child)_ol]:pb-1 list-disc flex flex-col gap-1 pl-8 mb-3\">\n<li class=\"whitespace-normal break-words pl-2\"><span style=\"font-family: Kalam; font-size: 17px;\"><span style=\"color: #a2d2ff;\"><strong>ControlC: <\/strong><\/span>\u00a0de forma temporal y como \u00fanico sitio de terceros.<\/span><\/li>\n<li class=\"whitespace-normal break-words pl-2\"><span style=\"font-family: Kalam; font-size: 17px;\"><span style=\"color: #a2d2ff;\"><strong>WordPress modificado y sitio web propio:<\/strong><\/span>\u00a0el principal y secundario a partir de los \u00faltimos posts de 2025, ambos alojados en hosting propio para evitar inconvenientes futuros.<\/span><\/li>\n<\/ul>\n<p>&nbsp;<\/p>\n<p class=\"font-claude-response-body break-words whitespace-normal leading-[1.7]\"><span style=\"font-family: Kalam; font-size: 17px;\"><strong>\ud83d\udc26 <span style=\"color: #0000ff;\">Novedad \u2014 contrase\u00f1a en los pastes: <\/span><\/strong>Todos los pastes tienen contrase\u00f1a. Solo puede acceder quien la ingrese correctamente. La encontraras en el mismo lugar donde est\u00e1n los enlaces. <span style=\"color: #ff0000;\"><strong>No se responder\u00e1n mensajes, emails ni tickets para solicitarla<\/strong><\/span>.<\/span><\/p>\n<p>&nbsp;<\/p>\n<p><span style=\"font-family: 'Maven Pro'; font-size: 20px; color: #ed61a7;\"><strong>Tener en cuenta:<\/strong><\/span><\/p>\n<p>&nbsp;<\/p>\n<ul>\n<li class=\"font-claude-response-body break-words whitespace-normal leading-[1.7]\"><span style=\"font-family: Kalam; font-size: 17px;\"><span style=\"color: #a2d2ff;\"><strong>Actualizaciones de contenido:<\/strong><\/span> Cuando una serie se actualiza, se agrega un nuevo enlace dentro del contenedor existente. Los enlaces principales <span style=\"color: #ff0000;\"><strong>no cambian<\/strong><\/span>, solo se actualiza el contenido. Lo mismo aplica para las publicaciones del blog. \u274c Nunca se crea una publicaci\u00f3n nueva para las actualizaciones. <span style=\"color: #ff0000;\"><strong><em>Siempre busca en la publicaci\u00f3n original<\/em><\/strong><\/span>.<\/span><\/li>\n<\/ul>\n<p>&nbsp;<\/p>\n<ul>\n<li class=\"font-claude-response-body break-words whitespace-normal leading-[1.7]\"><span style=\"font-family: Kalam; font-size: 17px;\"><span style=\"color: #a2d2ff;\"><strong>Orden de lectura:<\/strong><\/span> Si buscas contenido dentro de un mismo universo, verifica el orden de lectura antes de descargar. Generalmente es el que proporciona el autor. Siempre est\u00e1 subido y actualizado en el blog, y los archivos est\u00e1n organizados siguiendo ese orden. La numeraci\u00f3n de las publicaciones es solo organizaci\u00f3n visual y no siempre coincide exactamente con el orden de lectura correcto, que ver\u00e1s una vez descomprimidos los archivos.<\/span><\/li>\n<\/ul>\n<\/div>\n<p>&nbsp;<\/p>\n<ul>\n<li><span style=\"font-family: Kalam; font-size: 17px;\">Usamos varias opciones de \u00abobtenci\u00f3n\u00bb dentro de los contenedores: <b data-end=\"208\" data-start=\"185\"><span style=\"color: #674ea7;\">Opci\u00f3n 1<\/span> y <span style=\"color: #674ea7;\">Opci\u00f3n 2, ambos <\/span><\/b>con <b data-end=\"236\" data-is-only-node=\"\" data-start=\"214\"><span style=\"color: #674ea7;\">el mismo contenido<\/span><\/b>, para que siempre haya una alternativa si alguna falla. La opci\u00f3n 2 podemos llamarlo tambi\u00e9n \u00ab<b><span style=\"color: #674ea7;\">Mirror<\/span><\/b>\u00ab.\u00a0<\/span><\/li>\n<\/ul>\n<p>&nbsp;<\/p>\n<div>\n<p class=\"font-claude-response-body break-words whitespace-normal leading-[1.7]\"><span style=\"font-family: Kalam; font-size: 17px;\"><span style=\"color: #ed61a7;\"><strong>Antes de hacerme correcciones<\/strong><\/span>, por favor descarguen todo el contenido. Acepto aportes de informaci\u00f3n, pero no reclamos sin fundamentos, especialmente si a\u00fan no han descargado nada. En caso de dudas, por favor consulten en lugar de increpar.\ud83d\ude42<\/span><\/p>\n<p>&nbsp;<\/p>\n<\/div>\n<div><img loading=\"lazy\" decoding=\"async\" class=\"aligncenter size-medium\" src=\"https:\/\/i.postimg.cc\/g0vJ9Xrz\/SC01.png\" width=\"1200\" height=\"628\" \/><\/div>\n<div>\u00a0<\/div>\n<div><img loading=\"lazy\" decoding=\"async\" class=\"aligncenter size-medium\" src=\"https:\/\/i.ibb.co\/cKQNRNd2\/Servutiliz03-5.png\" width=\"2400\" height=\"1256\" \/><\/div>\n<div>\u00a0<\/div>\n<div>\u00a0<\/div>\n<div style=\"text-align: justify;\"><span style=\"font-family: verdana;\">\u00a0<\/span><\/div>\n<div><img loading=\"lazy\" decoding=\"async\" class=\"aligncenter size-medium\" src=\"https:\/\/i.postimg.cc\/0QYbszfc\/NDA0-5.png\" width=\"1149\" height=\"120\" \/><\/div>\n<p>&nbsp;<\/p>\n<p><span style=\"color: #ed61a7; font-family: 'Maven Pro'; font-size: 20px;\"><strong>Las principales \u00abnubes\u00bb que utilizamos para alojar el contenido son:<\/strong><\/span><\/p>\n<p>&nbsp;<\/p>\n<ul>\n<li><span style=\"font-family: Kalam; font-size: 17px;\">\u00a0Mega<\/span><\/li>\n<li><span style=\"font-family: Kalam; font-size: 17px;\">\u00a0Mediafire<\/span><\/li>\n<li><span style=\"font-family: Kalam; font-size: 17px;\">\u00a0PCloud<\/span><\/li>\n<li><span style=\"font-family: Kalam; font-size: 17px;\">\u00a0TAP (sale como: mia.nl.tab.digital)<\/span><\/li>\n<li><span style=\"font-family: Kalam; font-size: 17px;\">\u00a0Drime<\/span><\/li>\n<li><span style=\"font-family: Kalam; font-size: 17px;\">\u00a0Proton Drive<\/span><\/li>\n<li><span style=\"font-family: Kalam; font-size: 17px;\">\u00a0IceDrive<\/span><\/li>\n<li><span style=\"font-family: Kalam; font-size: 17px;\">\u00a0InfiniCLOUD<\/span><\/li>\n<li><span style=\"font-family: Kalam; font-size: 17px;\">\u00a0Google Drive<\/span><\/li>\n<\/ul>\n<p><span style=\"font-family: Kalam; font-size: 17px;\"><small>Son utilizados de manera aleatoria. Intentar\u00e9 mantenerlos siempre actualizados. Por favor si encuentran alg\u00fan enlace subido en servicios que no sean estos, ser\u00e1 porque no son los correctos.<\/p>\n<p><\/small><\/span><\/p>\n<p><span style=\"font-family: Kalam; font-size: 17px;\">Al entrar a la nube, verifica que el nombre del archivo tenga nuestras etiquetas\/iniciales para confirmar que es nuestro. Luego descarga normal.<\/span><\/p>\n<p>&nbsp;<\/p>\n<p><span style=\"font-family: 'Maven Pro'; font-size: 20px;\"><strong><span style=\"color: #ed61a7;\">Normalmente utilizamos estas etiquetas para nuestros archivos:<\/span><\/strong><\/span><\/p>\n<p>&nbsp;<\/p>\n<ul>\n<li><span style=\"font-family: Kalam; font-size: 17px;\"><strong>\u00a0<span style=\"color: #0000ff;\">Series \u2192<\/span><\/strong> \u00abx.xx-xx_xx\u00bb = N\u00famero de libro. Siglas\/iniciales del titulo del libro _ iniciales del autor\/autores<\/span><\/li>\n<li><span style=\"font-family: Kalam; font-size: 17px;\"><span style=\"color: #0000ff;\"><strong>Libro unico \u2192<\/strong><\/span> \u00abxx_xx\u00bb = Siglas\/iniciales del titulo del libro _ iniciales del autor\/autores<\/span><\/li>\n<\/ul>\n<p>&nbsp;<\/p>\n<p><img loading=\"lazy\" decoding=\"async\" class=\"aligncenter size-medium\" src=\"https:\/\/i.postimg.cc\/fy58Lss8\/servutil01.png\" width=\"1200\" height=\"628\" \/><\/p>\n<div>\u00a0<\/div>\n<div style=\"text-align: left;\"><img loading=\"lazy\" decoding=\"async\" class=\"aligncenter size-medium\" src=\"https:\/\/i.postimg.cc\/XvR5wzx4\/Servutiliz02.png\" width=\"1200\" height=\"628\" \/><\/div>\n<div class=\"separator\" style=\"clear: both; text-align: left;\">\u00a0<\/div>\n<div style=\"text-align: center;\">\n<div style=\"text-align: left;\">\n<div style=\"background-color: white; font-family: arial, sans-serif; font-size: 18px;\"><b><span style=\"color: #ff00fe;\"><img loading=\"lazy\" decoding=\"async\" class=\"aligncenter size-medium\" src=\"https:\/\/i.postimg.cc\/HW6LdCg9\/Servutiliz02-5.png\" width=\"1280\" height=\"670\" \/><\/span><\/b><\/div>\n<div>\u00a0<\/div>\n<div style=\"background-color: white; text-align: center;\">\n<div style=\"text-align: left;\">\n<div><img loading=\"lazy\" decoding=\"async\" class=\"aligncenter size-medium\" src=\"https:\/\/i.postimg.cc\/65sB96Pz\/Servutiliz02-6.png\" width=\"1280\" height=\"670\" \/><\/div>\n<div>\u00a0<\/div>\n<div>\n<p class=\"font-claude-response-body break-words whitespace-normal leading-[1.7]\"><span style=\"font-family: 'Maven Pro'; font-size: 20px; color: #ed61a7;\"><strong>Sobre los l\u00edmites de descarga y las plataformas que usamos<\/strong><\/span><\/p>\n<p>&nbsp;<\/p>\n<p class=\"font-claude-response-body break-words whitespace-normal leading-[1.7]\"><span style=\"font-family: Kalam; font-size: 17px;\">Algunos servicios como MEGA tienen l\u00edmites de descarga (por ejemplo, 2 GB por d\u00eda por IP). Esto es una restricci\u00f3n propia de cada plataforma, no depende de nosotros ni podemos modificarlo. Si quieres eliminar esas restricciones, puedes optar por una cuenta premium directamente con el servicio. Por favor no escribas reclamando por algo que est\u00e1 fuera de nuestro control.<\/span><\/p>\n<p>&nbsp;<\/p>\n<p class=\"font-claude-response-body break-words whitespace-normal leading-[1.7]\"><span style=\"font-family: Kalam; font-size: 17px;\"><span style=\"color: #ed61a7;\"><strong>\u00bfPor qu\u00e9 usamos estas plataformas y no otras?<\/strong><\/span> <\/span><\/p>\n<p class=\"font-claude-response-body break-words whitespace-normal leading-[1.7]\"><span style=\"font-family: Kalam; font-size: 17px;\">No hay muchas opciones que sean confiables, seguras y que no eliminen archivos con el tiempo. MEGA y MediaFire son las m\u00e1s estables, solo borran enlaces ante denuncias o infracciones concretas. Con el tiempo hemos ido sumando otras nubes de respaldo, pero no para reemplazar a las principales sino para complementarlas. Cambiar de servicio no es tan simple como parece. Si en alg\u00fan momento encontramos alternativas igual de fiables, las incorporaremos.<\/span><\/p>\n<\/div>\n<div>\u00a0<\/div>\n<div><span style=\"font-family: Kalam; font-size: 17px;\">\u00a0\ud83d\udca0 Todos los enlaces estar\u00e1n protegidos por un acortador de enlaces. A continuaci\u00f3n explicar\u00e9 lo que es&#8230;\u00a0<\/span><\/div>\n<\/div>\n<\/div>\n<\/div>\n<\/div>\n<div>\u00a0<\/div>\n<div>\u00a0<\/div>\n<div style=\"text-align: center;\">\n<div>\n<div>\n<div><img loading=\"lazy\" decoding=\"async\" class=\"aligncenter size-medium\" src=\"https:\/\/i.postimg.cc\/sgj8PqqM\/ADE1-6.png\" width=\"1149\" height=\"120\" \/><\/div>\n<\/div>\n<div>\n<p>&nbsp;<\/p>\n<p><img loading=\"lazy\" decoding=\"async\" class=\"aligncenter size-medium\" src=\"https:\/\/i.postimg.cc\/DmkDhn1h\/Servutiliz05-1.png\" width=\"1280\" height=\"670\" \/><\/p>\n<\/div>\n<\/div>\n<div style=\"text-align: left;\">\n<div>\u00a0<\/div>\n<div style=\"text-align: center;\"><span style=\"font-family: 'Maven Pro'; font-size: 20px;\"><strong style=\"color: #cc99ff; text-align: left;\">\ud83d\udd17 <span style=\"color: #ed61a7;\">Sobre los acortadores de enlaces<\/span><\/strong><\/span><\/div>\n<div>\n<div>\u00a0<\/div>\n<div>\n<span style=\"font-family: Kalam; font-size: 17px;\">S\u00e9 que generan dudas, pero necesito usarlos para proteger los enlaces originales y evitar que se indexen f\u00e1cilmente, lo que podr\u00eda causar problemas por derechos de autor.<\/span><\/div>\n<\/div>\n<div style=\"text-align: center;\">\n<div>\u00a0<\/div>\n<div style=\"text-align: left;\">\n<p data-end=\"398\" data-start=\"280\"><span style=\"color: #ed61a7;\"><strong><span style=\"font-family: 'Maven Pro'; font-size: 20px;\">\u00bfC\u00f3mo se pasa?<\/span><\/strong><\/span><\/p>\n<p data-end=\"398\" data-start=\"280\">\u00a0<\/p>\n<p data-end=\"398\" data-start=\"280\"><span style=\"font-family: Kalam; font-size: 17px;\">Los enlaces <span style=\"color: #0000ff;\"><strong>ouo<\/strong><\/span> tienen un contador de 5 segundos antes de habilitar el bot\u00f3n rojo para continuar. Durante este proceso, es probable que se abran ventanas\/pesta\u00f1as de publicidad o se intente descargar contenido no deseado. Simplemente cierra esas ventanas y, si algo se descarga sin tu permiso, canc\u00e9lalo o elim\u00ednalo de inmediato.<\/span><\/p>\n<p data-end=\"398\" data-start=\"280\"><span style=\"font-family: Kalam; font-size: 17px;\">Debes llegar a la p\u00e1gina de la nube correspondiente (Mega, Mediafire, etc). Por lo general, se logra en uno o dos intentos, quiz\u00e1s mas. Ten paciencia.\u00a0 <em><small>Este paso no puedes saltarlo, es obligatorio.<\/small><\/em><\/span><\/p>\n<p data-end=\"398\" data-start=\"280\"><span style=\"font-family: Kalam; font-size: 17px;\">El acortador de enlaces puede caerse ocasionalmente. Si al abrir el enlace no carga o el sitio aparece como ca\u00eddo, solo queda esperar unos minutos u horas a que el servicio se restablezca, ya no depender\u00e1 de nosotros.<\/span><\/p>\n<p data-end=\"398\" data-start=\"280\">\u00a0<\/p>\n<blockquote>\n<p data-end=\"398\" data-start=\"280\"><em><span style=\"font-family: Kalam; font-size: 17px;\">\u274c No soliciten ayuda por este motivo, ya que no depende de nosotros. Todos debemos esperar de la misma forma.<\/span><\/em><\/p>\n<\/blockquote>\n<p data-end=\"398\" data-start=\"280\">\u00a0<\/p>\n<div>\n<div>\u00a0<\/div>\n<div><span style=\"font-family: 'Maven Pro'; font-size: 20px; color: #ed61a7;\">\ud83d\udee1\ufe0f <strong>\u00bfDudas sobre malware o virus?<\/strong><\/span><\/div>\n<div><br data-end=\"107\" data-start=\"104\" \/><br \/>\n<span style=\"font-family: Kalam; font-size: 17px;\">Se recomienda leer nuestro Disclaimer relacionado con el tema de virus y malware, donde se aclaran aspectos importantes sobre seguridad al momento de descargar contenido.<\/span><\/div>\n<div>\u00a0<\/div>\n<\/div>\n<div class=\"separator\" style=\"clear: both; text-align: center;\">\u00a0<\/div>\n<\/div>\n<\/div>\n<\/div>\n<\/div>\n<div style=\"text-align: center;\"><a href=\"https:\/\/mundoletroso.com.ar\/blog\/disclaimer-sobre-malware\/\" target=\"_blank\" rel=\"noopener\"><img loading=\"lazy\" decoding=\"async\" class=\"aligncenter\" title=\"Disclaimer\" src=\"https:\/\/i.imgur.com\/mhlbn43.png\" width=\"278\" height=\"87\" \/><\/a><\/div>\n<div style=\"text-align: center;\">\u00a0<\/div>\n<div style=\"text-align: center;\">\u00a0<\/div>\n<div style=\"text-align: center;\">\u00a0<\/div>\n<div style=\"text-align: center;\">\u00a0<\/div>\n<div style=\"text-align: center;\">\u00a0<\/div>\n<div style=\"text-align: center;\">\u00a0<\/div>\n<div style=\"text-align: center;\">\u00a0<\/div>\n<div style=\"text-align: center;\">\u00a0<\/div>\n<p><!-- \u25b8 BOT\u00d3N: Volver al tutorial (peque\u00f1o) --><\/p>\n<p style=\"text-align: left;\"><a style=\"display: inline-flex; align-items: center; gap: 8px; background: #f4a7b0; color: #fff; text-decoration: none; font-family: Arial, sans-serif; font-weight: 800; font-size: 11px; padding: 8px 18px; border-radius: 50px; border: 3px solid #a8d8f0; letter-spacing: 1.5px; box-shadow: 3px 3px 0px #a8d8f0;\" href=\"https:\/\/mundoletroso.com.ar\/blog\/tdd\/\"> <span style=\"font-size: 13px; color: #d63a6a; line-height: 1;\">\u276e\u276e<\/span> <span style=\"color: #fff;\">VOLVER AL TUTORIAL<\/span> <\/a><\/p>\n<p><!-- \u25b8 FIN BOT\u00d3N: Volver al tutorial (peque\u00f1o) --><\/p>\n<p>&nbsp;<\/p>\n","protected":false},"excerpt":{"rendered":"<p>\u00a0 En esta secci\u00f3n explicaremos todos los servicios externos que usamos: contenedores de enlaces, nubes de almacenamiento y dem\u00e1s plataformas. Es importante que los conozcas para que sepas exactamente ad\u00f3nde est\u00e1s ingresando y no termines en sitios maliciosos o poco seguros. &nbsp; \u26a0\ufe0f No olvides leer el Disclaimer sobre Malware y Virus al final de [&hellip;]<\/p>\n","protected":false},"author":1,"featured_media":0,"parent":0,"menu_order":0,"comment_status":"closed","ping_status":"closed","template":"","meta":{"footnotes":""},"class_list":["post-903","page","type-page","status-publish","hentry"],"_links":{"self":[{"href":"https:\/\/mundoletroso.com.ar\/blog\/wp-json\/wp\/v2\/pages\/903","targetHints":{"allow":["GET"]}}],"collection":[{"href":"https:\/\/mundoletroso.com.ar\/blog\/wp-json\/wp\/v2\/pages"}],"about":[{"href":"https:\/\/mundoletroso.com.ar\/blog\/wp-json\/wp\/v2\/types\/page"}],"author":[{"embeddable":true,"href":"https:\/\/mundoletroso.com.ar\/blog\/wp-json\/wp\/v2\/users\/1"}],"replies":[{"embeddable":true,"href":"https:\/\/mundoletroso.com.ar\/blog\/wp-json\/wp\/v2\/comments?post=903"}],"version-history":[{"count":10,"href":"https:\/\/mundoletroso.com.ar\/blog\/wp-json\/wp\/v2\/pages\/903\/revisions"}],"predecessor-version":[{"id":3749,"href":"https:\/\/mundoletroso.com.ar\/blog\/wp-json\/wp\/v2\/pages\/903\/revisions\/3749"}],"wp:attachment":[{"href":"https:\/\/mundoletroso.com.ar\/blog\/wp-json\/wp\/v2\/media?parent=903"}],"curies":[{"name":"wp","href":"https:\/\/api.w.org\/{rel}","templated":true}]}}