{"id":899,"date":"2026-01-18T04:22:00","date_gmt":"2026-01-18T07:22:00","guid":{"rendered":"https:\/\/mundoletroso.com.ar\/blog\/orden-de-lectura-universo-cambiaformas-catherine-lievens-mayo-2024\/"},"modified":"2026-01-18T04:23:11","modified_gmt":"2026-01-18T07:23:11","slug":"orden-de-lectura-universo-cambiaformas-catherine-lievens","status":"publish","type":"page","link":"https:\/\/mundoletroso.com.ar\/blog\/orden-de-lectura-universo-cambiaformas-catherine-lievens\/","title":{"rendered":"[ORDEN DE LECTURA] Universo Cambiaformas &#8211; Catherine Lievens (Enero 2026)"},"content":{"rendered":"<p>&nbsp;<\/p>\n<div class=\"separator\" style=\"clear: both; text-align: center;\"><a style=\"margin-left: 1em; margin-right: 1em;\" href=\"https:\/\/i.imgur.com\/MudvcBR.png\"><img loading=\"lazy\" decoding=\"async\" src=\"https:\/\/i.imgur.com\/MudvcBR.png\" width=\"540\" height=\"304\" border=\"0\" data-original-height=\"451\" data-original-width=\"800\" \/><\/a><\/div>\n<div>\u00a0<\/div>\n<div style=\"text-align: center;\"><b><i><span style=\"color: #6aa84f; font-size: x-small;\">\u00daltima actualizaci\u00f3n: 18\/01\/2026<\/span><\/i><\/b><\/div>\n<p style=\"text-align: left;\">\u00a0<\/p>\n<p style=\"text-align: left;\"><span style=\"font-family: Catamaran;\">Ir\u00e9 actualizando a medida que est\u00e9n de manera oficial y vaya publicando sus traducciones en el blog.<\/span><br \/>\n<span style=\"font-family: Catamaran;\">Recuerden que si quieren colaborar y compartir estos o cualquier otro libro pueden hacerlo libremente solo deber\u00e1n envi\u00e1rmelo exclusivamente por nuestro correo electr\u00f3nico, no se preocupen si deben enviar varios mensajes porque s\u00e9 que todos tienen limites de capacidad. mundoletroso@outlook.com<\/span><\/p>\n<p>&nbsp;<\/p>\n<p><strong><span style=\"color: #38761d; font-family: Catamaran; font-size: large;\">Este Universo esta conformado por las siguientes Series:<\/p>\n<p><\/span><\/strong><\/p>\n<p><span style=\"font-family: Catamaran;\"><b>1. <a href=\"https:\/\/mundoletroso.com.ar\/blog\/2021\/05\/23\/1-whitedell-pride-catherine-lievens-universo-cambiaformas-espanol-pdf\/\" target=\"_blank\" rel=\"noopener\">La colonia de Whitedell<\/a> [Whitedell Pride]<br \/>\n2. <a href=\"https:\/\/mundoletroso.com.ar\/blog\/2021\/05\/23\/2-manada-gillhan-catherine-lievens-universo-cambiaformas-espanol-pdf\/\" target=\"_blank\" rel=\"noopener\">Manada Gillhan<\/a> [Gillham Pack]<br \/>\n3. <a href=\"https:\/\/mundoletroso.com.ar\/blog\/2021\/05\/23\/3-council-enforcers-catherine-lievens-universo-cambiaformas-espanol-pdf\/\" target=\"_blank\" rel=\"noopener\">Ejecutores del Consejo<\/a> [Council Enforcers]<br \/>\n4. <i><span style=\"color: red;\"><a href=\"https:\/\/mundoletroso.com.ar\/blog\/2021\/12\/14\/4-shifters-de-wyoming-12-anos-despues-catherine-lievens-universo-cambiaformas-espanol\/\" target=\"_blank\" rel=\"noopener\">Cambiadores de Wyoming: 12 a\u00f1os despu\u00e9s<\/a><\/span><\/i> [Wyoming Shifters: 12 Years Later]<br \/>\n5. <i><span style=\"color: red;\"><a href=\"https:\/\/mundoletroso.com.ar\/blog\/2023\/04\/11\/5-council-assassins-catherine-lievens-universo-cambiaformas-espanol\/\" target=\"_blank\" rel=\"noopener\">Asesinos del Consejo<\/a><\/span><\/i> [Council Assassins]<br \/>\n6. <i><a href=\"https:\/\/mundoletroso.com.ar\/blog\/2023\/07\/27\/6-green-hill-pride-catherine-lievens-universo-cambiaformas-espanol\/\" target=\"_blank\" rel=\"noopener\">Manada de Green Hill<\/a><\/i> [Green Hill Pride]<br \/>\n7. <i><span style=\"color: red;\"><a href=\"https:\/\/mundoletroso.com.ar\/blog\/2023\/07\/27\/7-mutants-catherine-lievens-universo-cambiaformas-espanol\/\" target=\"_blank\" rel=\"noopener\">Mutantes<\/a><\/span><\/i> [Mutants]<br \/>\n8.\u00a0<span style=\"color: red;\">Krsnik Clan<\/span><\/b><\/span><\/p>\n<p>&nbsp;<\/p>\n<p><span style=\"font-family: Catamaran;\"><span style=\"font-size: large;\">Lo marcado en\u00a0<\/span><b style=\"font-size: large;\"><span style=\"color: red;\">ROJO<\/span><\/b><span style=\"font-size: large;\">\u00a0es que no esta <u>todav\u00eda<\/u> disponible en el blog.<\/span><\/span><\/p>\n<p>&nbsp;<\/p>\n<p><span style=\"font-family: Catamaran; font-size: 17px;\">1. Jamie &#8211; Whitedell Pride<br \/>\n<\/span><span style=\"font-family: Catamaran; font-size: 17px;\">2. Derick -Whitedell Pride<br \/>\n<\/span><span style=\"font-family: Catamaran; font-size: 17px;\">3. Nolan -Whitedell Pride<br \/>\n<\/span><span style=\"font-family: Catamaran; font-size: 17px;\">4. Finn -Whitedell Pride<br \/>\n<\/span><span style=\"font-family: Catamaran; font-size: 17px;\">5. Jeremy -Whitedell Pride<br \/>\n<\/span><span style=\"font-family: Catamaran; font-size: 17px;\">6. Oliver -Whitedell Pride<br \/>\n<\/span><span style=\"font-family: Catamaran; font-size: 17px;\">7. Ani -Whitedell Pride<br \/>\n<\/span><span style=\"font-family: Catamaran; font-size: 17px;\">8. Adrian -Whitedell Pride<br \/>\n<\/span><span style=\"font-family: Catamaran; font-size: 17px;\">9. Andrew -Whitedell Pride<br \/>\n<\/span><span style=\"font-family: Catamaran; font-size: 17px;\">10. Xavier &#8211; Gillham Pack<br \/>\n<\/span><span style=\"font-family: Catamaran; font-size: 17px;\">11. Keenan -Whitedell Pride<br \/>\n<\/span><span style=\"font-family: Catamaran; font-size: 17px;\">12. Zach &#8211; Gillham Pack<br \/>\n<\/span><span style=\"font-family: Catamaran; font-size: 17px;\">13. Jared -Whitedell Pride<br \/>\n<\/span><span style=\"font-family: Catamaran; font-size: 17px;\">14. Craig &#8211; Gillham Pack<br \/>\n<\/span><span style=\"font-family: Catamaran; font-size: 17px;\">15. Troy -Whitedell Pride<br \/>\n<\/span><span style=\"font-family: Catamaran; font-size: 17px;\">16. Noah &#8211; Gillham Pack<br \/>\n<\/span><span style=\"font-family: Catamaran; font-size: 17px;\">17. Nysys -Whitedell Pride<br \/>\n<\/span><span style=\"font-family: Catamaran; font-size: 17px;\">18. Rick &#8211; Gillham Pack<br \/>\n<\/span><span style=\"font-family: Catamaran; font-size: 17px;\">19. Isaiah -Whitedell Pride<br \/>\n<\/span><span style=\"font-family: Catamaran; font-size: 17px;\">20. Arlen &#8211; Gillham Pack<br \/>\n<\/span><span style=\"font-family: Catamaran; font-size: 17px;\">21. Shad -Whitedell Pride<br \/>\n<\/span><span style=\"font-family: Catamaran; font-size: 17px;\">22. Demi &#8211; Gillham Pack<br \/>\n<\/span><span style=\"font-family: Catamaran; font-size: 17px;\">23. Jayden -Whitedell Pride<br \/>\n<\/span><span style=\"font-family: Catamaran; font-size: 17px;\">24. Elias &#8211; Gillham Pack<br \/>\n<\/span><span style=\"font-family: Catamaran; font-size: 17px;\">25. Wes &#8211; Whitedell Pride<\/span><br \/>\n<span style=\"font-family: Catamaran; font-size: 17px;\">25.5.\u00a0 A Whitedell Christmas &#8211; Whitedell Pride<\/p>\n<p><\/span><\/p>\n<p><span style=\"font-family: Catamaran; font-size: 17px;\">26. Jago &#8211; Gillham Pack<br \/>\n<\/span><span style=\"font-family: Catamaran; font-size: 17px;\">27. Darin -Whitedell Pride<br \/>\n<\/span><span style=\"font-family: Catamaran; font-size: 17px;\">28. Merle &#8211; Gillham Pack<br \/>\n<\/span><span style=\"font-family: Catamaran; font-size: 17px;\">29. Adan -Whitedell Pride<br \/>\n<\/span><span style=\"font-family: Catamaran; font-size: 17px;\">30. Elliott &#8211; Gillham Pack<br \/>\n<\/span><span style=\"font-family: Catamaran; font-size: 17px;\">31. Delevan -Whitedell Pride<br \/>\n<\/span><span style=\"font-family: Catamaran; font-size: 17px;\">32. Mal &#8211; Gillham Pack<br \/>\n<\/span><span style=\"font-family: Catamaran; font-size: 17px;\">33. Trevor -Whitedell Pride<br \/>\n<\/span><span style=\"font-family: Catamaran; font-size: 17px;\">34. Simon &#8211; Gillham Pack<br \/>\n<\/span><span style=\"font-family: Catamaran; font-size: 17px;\">35. Andr\u00e9 -Whitedell Pride<br \/>\n<\/span><span style=\"font-family: Catamaran; font-size: 17px;\">36. Kir &#8211; Gillham Pack<br \/>\n<\/span><span style=\"font-family: Catamaran; font-size: 17px;\">37. Benjamin -Whitedell Pride<br \/>\n<\/span><span style=\"font-family: Catamaran; font-size: 17px;\">38. Iggy &#8211; Gillham Pack<br \/>\n<\/span><span style=\"font-family: Catamaran; font-size: 17px;\">39. Noem -Whitedell Pride<br \/>\n<\/span><span style=\"font-family: Catamaran; font-size: 17px;\">40. Dallas &#8211; Gillham Pack<br \/>\n<\/span><span style=\"font-family: Catamaran; font-size: 17px;\">41. Aeron -Whitedell Pride<br \/>\n<\/span><span style=\"font-family: Catamaran; font-size: 17px;\">42. Clea &#8211; Gillham Pack<br \/>\n<\/span><span style=\"font-family: Catamaran; font-size: 17px;\">43. Daniel &#8211; Council Enforcers<br \/>\n<\/span><span style=\"font-family: Catamaran; font-size: 17px;\">44. Nuallan &#8211; Gillham Pack<br \/>\n<\/span><span style=\"font-family: Catamaran; font-size: 17px;\">45. Anthony &#8211; Council Enforcers<br \/>\n<\/span><span style=\"font-family: Catamaran; font-size: 17px;\">46. Calvin &#8211; Gillham Pack<br \/>\n<\/span><span style=\"font-family: Catamaran; font-size: 17px;\">47. Kin &#8211; Council Enforcers<br \/>\n<\/span><span style=\"font-family: Catamaran; font-size: 17px;\">48. Sei &#8211; Gillham Pack<br \/>\n<\/span><span style=\"font-family: Catamaran; font-size: 17px;\">49. Cerris &#8211; Council Enforcers<br \/>\n<\/span><span style=\"font-family: Catamaran; font-size: 17px;\">50. Geoffrey &#8211; Gillham Pack<br \/>\n<\/span><span style=\"font-family: Catamaran; font-size: 17px;\">51. Yerad &#8211; Council Enforcers<br \/>\n<\/span><span style=\"font-family: Catamaran; font-size: 17px;\">52. Neriah &#8211; Gillham Pack<br \/>\n<\/span><span style=\"font-family: Catamaran; font-size: 17px;\">53. Mael &#8211; Council Enforcers<br \/>\n<\/span><span style=\"font-family: Catamaran; font-size: 17px;\">54. Rabbit &#8211; Gillham Pack<br \/>\n<\/span><span style=\"font-family: Catamaran; font-size: 17px;\">55. Damien &#8211; Council Enforcers<br \/>\n<\/span><span style=\"font-family: Catamaran; font-size: 17px;\">56. Shawn &#8211; Gillham Pack<br \/>\n<\/span><span style=\"font-family: Catamaran; font-size: 17px;\">56.5. The assassin&#8217;s firt vacation\u00a0&#8211; Gillham Pack<br \/>\n<\/span><span style=\"font-family: Catamaran; font-size: 17px;\">57. Jordan &#8211; Council Enforcers<br \/>\n<\/span><span style=\"font-family: Catamaran; font-size: 17px;\">58. Kanan &#8211; Gillham Pack<br \/>\n<\/span><span style=\"font-family: Catamaran; font-size: 17px;\">58.5. Family\u00a0&#8211; Gillham Pack<br \/>\n<\/span><span style=\"font-family: Catamaran; font-size: 17px;\">59. Maximilian &#8211; Council Enforcers<br \/>\n<\/span><span style=\"font-family: Catamaran; font-size: 17px;\">60. Caleb &#8211; Council Enforcers<br \/>\n<\/span><span style=\"font-family: Catamaran; font-size: 17px;\">61. Asher &#8211; Wyoming Shifters: 12 Years Later<br \/>\n<\/span><span style=\"font-family: Catamaran; font-size: 17px;\">62. Tristan &#8211; Council Enforcers<br \/>\n<\/span><span style=\"font-family: Catamaran; font-size: 17px;\">63. Jessie &#8211; Council Enforcers<br \/>\n<\/span><span style=\"font-family: Catamaran; font-size: 17px;\">64. Ned &#8211; Wyoming Shifters: 12 Years Later<br \/>\n<\/span><span style=\"font-family: Catamaran; font-size: 17px;\">65. Lucas &#8211; Council Enforcers<br \/>\n<\/span><span style=\"font-family: Catamaran; font-size: 17px;\">66. Josh &#8211; Wyoming Shifters: 12 Years Later<br \/>\n<\/span><span style=\"font-family: Catamaran; font-size: 17px;\">67. Ryan &#8211; Council Enforcers<br \/>\n<\/span><span style=\"font-family: Catamaran; font-size: 17px;\">68. Hugo &#8211; Wyoming Shifters: 12 Years Later<br \/>\n<\/span><span style=\"font-family: Catamaran; font-size: 17px;\">69. Roark &#8211; Council Assassins<br \/>\n<\/span><span style=\"font-family: Catamaran; font-size: 17px;\">70. Noel &#8211; Council Assassins<br \/>\n<\/span><span style=\"font-family: Catamaran; font-size: 17px;\">71. Xander &#8211; Council Enforcers<br \/>\n<\/span><span style=\"font-family: Catamaran; font-size: 17px;\">72. Beck &#8211; Council Assassins<br \/>\n<\/span><span style=\"font-family: Catamaran; font-size: 17px;\">73. Sterling &#8211; Wyoming Shifters: 12 Years Later<br \/>\n<\/span><span style=\"font-family: Catamaran; font-size: 17px;\">74. Colin &#8211; Council Enforcers<br \/>\n<\/span><span style=\"font-family: Catamaran; font-size: 17px;\">75. Milo &#8211; Council Assassins<br \/>\n<\/span><span style=\"font-family: Catamaran; font-size: 17px;\">76. Nathan &#8211; Wyoming Shifters: 12 Years Later<br \/>\n<\/span><span style=\"font-family: Catamaran; font-size: 17px;\">77. Grey &#8211; Council Enforcers<br \/>\n<\/span><span style=\"font-family: Catamaran; font-size: 17px;\">78. The Vacation From Hell &#8211; Council Assassins<br \/>\n<\/span><span style=\"font-family: Catamaran; font-size: 17px;\">79. Evan &#8211; Council Assassins<br \/>\n<\/span><span style=\"font-family: Catamaran; font-size: 17px;\">80. Sasha &#8211; Council Enforcers<br \/>\n<\/span><span style=\"font-family: Catamaran; font-size: 17px;\">80.5.\u00a0A Valentines Bond\u00a0&#8211; Council Enforcers<\/p>\n<p><\/span><\/p>\n<p><span style=\"font-family: Catamaran; font-size: 17px;\">81. Brandon &#8211; Wyoming Shifters: 12 Years Later<br \/>\n<\/span><span style=\"font-family: Catamaran; font-size: 17px;\">82. Win &#8211; Council Assassins<br \/>\n<\/span><span style=\"font-family: Catamaran; font-size: 17px;\">83. Michael &#8211; Council Enforcers<br \/>\n<\/span><span style=\"font-family: Catamaran; font-size: 17px;\">84. Lee &#8211; Wyoming Shifters: 12 Years Later<br \/>\n<\/span><span style=\"font-family: Catamaran; font-size: 17px;\">85. Lawrence &#8211; Council Assassins<br \/>\n<\/span><span style=\"font-family: Catamaran; font-size: 17px;\">86. Pryderi &#8211; Council Enforcers<br \/>\n<\/span><span style=\"font-family: Catamaran; font-size: 17px;\">87. Gabriel &#8211; Wyoming Shifters: 12 Years Later<br \/>\n<\/span><span style=\"font-family: Catamaran; font-size: 17px;\">88. Halloween Sabotage &#8211; Council Assassins<br \/>\n<\/span><span style=\"font-family: Catamaran; font-size: 17px;\">89. Ulric &#8211; Council Assassins<br \/>\n<\/span><span style=\"font-family: Catamaran; font-size: 17px;\">90. Justin &#8211; Council Enforcers<br \/>\n<\/span><span style=\"font-family: Catamaran; font-size: 17px;\">91. Galbraith &#8211; Green Hill Pride<br \/>\n<\/span><span style=\"font-family: Catamaran; font-size: 17px;\">92. Dasha &#8211; Council Assassins<br \/>\n<\/span><span style=\"font-family: Catamaran; font-size: 17px;\">93. Ollie &#8211; Wyoming Shifters: 12 Years Later<br \/>\n<\/span><span style=\"font-family: Catamaran; font-size: 17px;\">94. Davis &#8211; Council Enforcers<br \/>\n<\/span><span style=\"font-family: Catamaran; font-size: 17px;\">95. Ellery\u00a0&#8211; Green Hill Pride<br \/>\n<\/span><span style=\"font-family: Catamaran; font-size: 17px;\">96. Summer Trouble &#8211; Council Assassins<br \/>\n<\/span><span style=\"font-family: Catamaran; font-size: 17px;\">97. Rocco &#8211; Council Assassins<br \/>\n<\/span><span style=\"font-family: Catamaran; font-size: 17px;\">98. Lorcan &#8211; Council Enforcers<br \/>\n<\/span><span style=\"font-family: Catamaran; font-size: 17px;\">99. Valentine &#8211; Green Hill Pride<br \/>\n<\/span><span style=\"font-family: Catamaran; font-size: 17px;\">100. Julian &#8211; Council Assassins<br \/>\n<\/span><span style=\"font-family: Catamaran; font-size: 17px;\">101. Jonathan &#8211; Council Enforcers<\/p>\n<p><\/span><\/p>\n<p><span style=\"font-family: Catamaran; font-size: 17px;\">102.\u00a0Aaron &#8211; Wyoming Shifters: 12 Years Later\u00a0 (No sale en la web oficial este orden)<br \/>\n<\/span><span style=\"font-family: Catamaran; font-size: 17px;\">103. Tony &#8211; Council Assassins<br \/>\n<\/span><span style=\"font-family: Catamaran; font-size: 17px;\">104. Niall &#8211; Green Hill Pride\u00a0<br \/>\n<\/span><span style=\"font-family: Catamaran; font-size: 17px;\">105. Tanner &#8211;\u00a0Council Enforcers\u00a0<br \/>\n<\/span><span style=\"font-family: Catamaran; font-size: 17px;\">106.\u00a0Miles &#8211;\u00a0\u00a0Council Assassins\u00a0<br \/>\n<\/span><span style=\"font-family: Catamaran; font-size: 17px;\">107. Jude &#8211; Green Hill Pride<br \/>\n<\/span><span style=\"font-family: Catamaran; font-size: 17px;\">108. Jasper &#8211; Council Assassins\u00a0<br \/>\n<\/span><span style=\"font-family: Catamaran; font-size: 17px;\">109. Moore &#8211; Mutants<br \/>\n<\/span><span style=\"font-family: Catamaran; font-size: 17px;\">110. Nestor &#8211; Green Hill Pride<br \/>\n<\/span><span style=\"font-family: Catamaran; font-size: 17px;\">111. Payne &#8211; Council Assassins<br \/>\n<\/span><span style=\"font-family: Catamaran; font-size: 17px;\">112.\u00a0Hayes &#8211; Mutants<br \/>\n<\/span><span style=\"font-family: Catamaran; font-size: 17px;\">113. Robin &#8211; Green Hill Pride<br \/>\n<\/span><span style=\"font-family: Catamaran; font-size: 17px;\">114. Kerwin &#8211; Council Assassins<br \/>\n<\/span><span style=\"font-family: Catamaran; font-size: 17px;\">115. Jessup &#8211; Mutants<br \/>\n<\/span><span style=\"font-family: Catamaran; font-size: 17px;\">116. Thedric &#8211; Green Hill Pride\u00a0<\/span><\/p>\n<p>&nbsp;<\/p>\n<div>\n<div><strong><em><span style=\"font-family: Catamaran; font-size: 17px; color: #ff0000;\">117. Rowan &#8211; Krsnik Clan\u00a0<\/span><\/em><\/strong><\/div>\n<div>\n<div><strong><em><span style=\"font-family: Catamaran; font-size: 17px; color: #ff0000;\">118. Wallace &#8211; Council Assassins\u00a0<\/span><\/em><\/strong><\/div>\n<div><strong><em><span style=\"font-family: Catamaran; font-size: 17px; color: #ff0000;\">119. Leon &#8211; Mutants<\/span><\/em><\/strong><\/div>\n<div><strong><em><span style=\"font-family: Catamaran; font-size: 17px; color: #ff0000;\">120. Farley &#8211; Green Hill Pride\u00a0<\/span><\/em><\/strong><\/div>\n<div><strong><em><span style=\"font-family: Catamaran; font-size: 17px; color: #ff0000;\">121. Alexis &#8211; Krsnik Clan\u00a0<\/span><\/em><\/strong><\/div>\n<div><strong><em><span style=\"font-family: Catamaran; font-size: 17px; color: #ff0000;\">122. Seymour &#8211; Council Assassins\u00a0<\/span><\/em><\/strong><\/div>\n<div>\n<div>\n<div><strong><em><span style=\"font-family: Catamaran; font-size: 17px; color: #ff0000;\">123. Teddy &#8211; Mutants\u00a0<\/span><\/em><\/strong><\/div>\n<div><strong><em><span style=\"font-family: Catamaran; font-size: 17px; color: #ff0000;\">124. Kyle &#8211; Green Hill Pride\u00a0<\/span><\/em><\/strong><\/div>\n<div><strong><em><span style=\"font-family: Catamaran; font-size: 17px; color: #ff0000;\">125. Garretson &#8211; Krsnik Clan\u00a0<\/span><\/em><\/strong><\/div>\n<\/div>\n<div>\u00a0<\/div>\n<div><span style=\"color: #ff0000;\"><strong><em><span style=\"font-family: Catamaran; font-size: 17px;\">126. Davey &#8211; Mutants<\/span><\/em><\/strong><\/span><br \/>\n<span style=\"color: #ff0000;\"><strong><em><span style=\"font-family: Catamaran; font-size: 17px;\">127. Christopher &#8211; Green Hill Pride<\/span><\/em><\/strong><\/span><br \/>\n<span style=\"color: #ff0000;\"><strong><em><span style=\"font-family: Catamaran; font-size: 17px;\">128. Kendrick &#8211; Krsnik Clan<\/span><\/em><\/strong><\/span><br \/>\n<span style=\"color: #ff0000;\"><strong><em><span style=\"font-family: Catamaran; font-size: 17px;\">129. Kennedy &#8211; Council Assassins<\/span><\/em><\/strong><\/span><br \/>\n<span style=\"color: #ff0000;\"><strong><em><span style=\"font-family: Catamaran; font-size: 17px;\">130. Hansen &#8211; Mutants<\/span><\/em><\/strong><\/span><br \/>\n<span style=\"color: #ff0000;\"><strong><em><span style=\"font-family: Catamaran; font-size: 17px;\">131. Jacob &#8211; Green Hill Pride<\/span><\/em><\/strong><\/span><br \/>\n<span style=\"color: #ff0000;\"><strong><em><span style=\"font-family: Catamaran; font-size: 17px;\">132. Devon &#8211; Krsnik Clan<\/span><\/em><\/strong><\/span><br \/>\n<span style=\"color: #ff0000;\"><strong><em><span style=\"font-family: Catamaran; font-size: 17px;\">133. Orlando &#8211; Council Assassins<\/span><\/em><\/strong><\/span><br \/>\n<span style=\"color: #ff0000;\"><strong><em><span style=\"font-family: Catamaran; font-size: 17px;\">134. Matthew &#8211; Mutants<\/span><\/em><\/strong><\/span><\/div>\n<\/div>\n<\/div>\n<div>\u00a0<\/div>\n<div>\n<div>\n<p>&#8212;<\/p>\n<p>&nbsp;<\/p>\n<\/div>\n<\/div>\n<\/div>\n","protected":false},"excerpt":{"rendered":"<p>&nbsp; \u00a0 \u00daltima actualizaci\u00f3n: 18\/01\/2026 \u00a0 Ir\u00e9 actualizando a medida que est\u00e9n de manera oficial y vaya publicando sus traducciones en el blog. Recuerden que si quieren colaborar y compartir estos o cualquier otro libro pueden hacerlo libremente solo deber\u00e1n envi\u00e1rmelo exclusivamente por nuestro correo electr\u00f3nico, no se preocupen si deben enviar varios mensajes porque [&hellip;]<\/p>\n","protected":false},"author":1,"featured_media":0,"parent":0,"menu_order":0,"comment_status":"closed","ping_status":"closed","template":"","meta":{"footnotes":""},"class_list":["post-899","page","type-page","status-publish","hentry"],"_links":{"self":[{"href":"https:\/\/mundoletroso.com.ar\/blog\/wp-json\/wp\/v2\/pages\/899","targetHints":{"allow":["GET"]}}],"collection":[{"href":"https:\/\/mundoletroso.com.ar\/blog\/wp-json\/wp\/v2\/pages"}],"about":[{"href":"https:\/\/mundoletroso.com.ar\/blog\/wp-json\/wp\/v2\/types\/page"}],"author":[{"embeddable":true,"href":"https:\/\/mundoletroso.com.ar\/blog\/wp-json\/wp\/v2\/users\/1"}],"replies":[{"embeddable":true,"href":"https:\/\/mundoletroso.com.ar\/blog\/wp-json\/wp\/v2\/comments?post=899"}],"version-history":[{"count":4,"href":"https:\/\/mundoletroso.com.ar\/blog\/wp-json\/wp\/v2\/pages\/899\/revisions"}],"predecessor-version":[{"id":3337,"href":"https:\/\/mundoletroso.com.ar\/blog\/wp-json\/wp\/v2\/pages\/899\/revisions\/3337"}],"wp:attachment":[{"href":"https:\/\/mundoletroso.com.ar\/blog\/wp-json\/wp\/v2\/media?parent=899"}],"curies":[{"name":"wp","href":"https:\/\/api.w.org\/{rel}","templated":true}]}}