{"id":895,"date":"2025-07-28T22:41:00","date_gmt":"2025-07-28T22:41:00","guid":{"rendered":"https:\/\/mundoletroso.com.ar\/blog\/como-comunicarse-con-el-staff-de-mundo-letroso\/"},"modified":"2026-05-03T00:11:05","modified_gmt":"2026-05-03T03:11:05","slug":"como-comunicarse-con-el-staff-de-mundo-letroso","status":"publish","type":"page","link":"https:\/\/mundoletroso.com.ar\/blog\/como-comunicarse-con-el-staff-de-mundo-letroso\/","title":{"rendered":"Comunicarse con el Staff de Mundo Letroso"},"content":{"rendered":"<div style=\"font-family: 'Quicksand', sans-serif; color: #444; line-height: 1.6;\">\n<div style=\"text-align: center; margin-bottom: 20px;\"><a href=\"https:\/\/i.postimg.cc\/Gth4sfrQ\/Post-para-instagram-ml-2024.png\" target=\"_blank\" rel=\"noopener\"><br \/>\n<img loading=\"lazy\" decoding=\"async\" class=\"\" style=\"max-width: 100%; height: 196px; border-radius: 15px;\" src=\"https:\/\/i.postimg.cc\/fTgqYbxr\/discord-avatares.png\" alt=\"Instagram\" width=\"196\" height=\"372\" \/><br \/>\n<\/a><\/div>\n<h2 style=\"text-align: center; font-family: 'Signika Negative', sans-serif; font-size: 30px; color: #ff00ff; margin-bottom: 20px;\"><span style=\"font-family: 'Maven Pro';\">V\u00cdAS DE COMUNICACI\u00d3N \u21b4<\/span><\/h2>\n<p>&nbsp;<\/p>\n<p><!-- Consideraciones Generales --><\/p>\n<div style=\"margin-bottom: 30px;\">\n<p><span style=\"font-family: Kalam; font-size: 19px; color: #cc99ff;\"><strong><span style=\"font-family: 'Maven Pro';\">\u26a0\ufe0f Consideraciones generales:<\/span><\/p>\n<p><\/strong><\/span><\/p>\n<ul>\n<li style=\"text-align: justify;\"><span style=\"font-family: Kalam; font-size: 17px; color: #000000;\">Por favor, no env\u00eden solo saludos esperando respuesta para luego explicar. Digan todo lo que necesiten desde el principio, as\u00ed ahorramos tiempo. (No olvidar el respeto y los modales).<\/span><\/li>\n<\/ul>\n<p style=\"text-align: justify;\"><span style=\"font-family: Kalam; font-size: 17px;\"><!-- Item 1 --><\/span><\/p>\n<p style=\"text-align: justify;\"><span style=\"font-family: Kalam; font-size: 17px;\"><!-- Item 2 --><\/span><\/p>\n<ul style=\"text-align: justify;\">\n<li><span style=\"font-family: Kalam; font-size: 17px; color: #000000;\">Paciencia ante todo. No se desesperen si tardo en contestar. Soy una sola persona manejando todo, pero siempre respondo.<\/span><\/li>\n<\/ul>\n<p style=\"text-align: justify;\"><span style=\"font-family: Kalam; font-size: 17px; color: #000000;\"><!-- Item 3 --><\/span><\/p>\n<ul style=\"text-align: justify;\">\n<li><span style=\"font-family: Kalam; font-size: 17px; color: #000000;\">No generen spam, no env\u00eden mensajes por diferentes redes sociales&#8230; todas est\u00e1n activas y con escribir en una sola es suficiente.<\/span><\/li>\n<\/ul>\n<p style=\"text-align: justify;\"><span style=\"font-family: Kalam; font-size: 17px; color: #000000;\"><!-- Item 4 --><\/span><\/p>\n<ul>\n<li style=\"text-align: justify;\"><span style=\"font-family: Kalam; font-size: 17px; color: #000000;\">Sean detallistas. Si tienen un problema, detallen exactamente qu\u00e9 pasa, qu\u00e9 pasos siguieron y, si pueden, incluyan capturas de pantalla. Eso agiliza mucho la ayuda.<\/span><span style=\"font-family: 'Merienda', cursive; font-size: 16px;\"><br \/>\n<\/span><\/li>\n<\/ul>\n<\/div>\n<p><!-- SECCI\u00d3N GENERAL --><\/p>\n<div style=\"text-align: center; margin: 30px 0; font-family: 'Kalam', cursive; font-size: 26px; color: #cc99ff;\">\u2550\u2550\u2550\u2550 \u22c6<span style=\"color: #c27ba0; font-weight: bold;\">GENERAL<\/span> \u22c6 \u2550\u2550\u2550\u2550<\/div>\n<div>\u00a0<\/div>\n<div style=\"font-family: 'Merienda', cursive; font-size: 16px;\">\n<p style=\"margin-bottom: 15px; text-align: justify;\"><span style=\"font-size: 17px; font-family: Kalam;\">\u2728 <strong><span style=\"color: #ed61a7;\">mundoletroso@outlook.com<\/span> \u2192<\/strong> Consultas, pedidos o colaboraciones <em>(libros, mangas, manhwas, etc.).<\/em> Aqu\u00ed es donde tambi\u00e9n deben acudir si fueron baneados o expulsados del servidor de DC o si tienen alg\u00fan inconveniente con el mismo.<\/span><\/p>\n<p>&nbsp;<\/p>\n<p style=\"margin-bottom: 15px; text-align: justify;\"><span style=\"font-size: 17px; font-family: Kalam;\">\u2728 <strong><span style=\"color: #ed61a7;\"><a style=\"color: #ed61a7; text-decoration: none; cursor: pointer !important; user-select: none !important;\" href=\"https:\/\/t.me\/mundoletroso_bot\" target=\"_blank\" rel=\"noopener\">Bot de Telegram<\/a><\/span> \u2192<\/strong> Disponible para comunicarse conmigo por Telegram. Soporte en general, incluyendo temas relacionados con DC.<\/span><\/p>\n<blockquote>\n<div style=\"gap: 8px; margin-bottom: 15px; text-align: justify;\"><span style=\"font-size: 17px; font-family: Kalam;\">\u274c Por aqu\u00ed no recibo pedidos de libros, ni colaboraciones.<\/span><\/div>\n<p style=\"margin-bottom: 10px; text-align: justify;\"><span style=\"font-size: 17px; font-family: Kalam;\">\u274c <strong>DM en Telegram \u2192<\/strong> <span style=\"color: red;\"><strong>No recibo mensajes directos\/privados.<\/strong><\/span><\/span><\/p>\n<\/blockquote>\n<\/div>\n<blockquote>\n<div style=\"display: flex; align-items: flex-start; gap: 8px; margin-bottom: 15px; text-align: justify;\"><span style=\"font-family: Kalam; font-size: 17px;\">\u274c No responder\u00e9 mas mensajes privados por mi cuenta de Telegram, tampoco pueden compartir mi usuario. Todo lo relacionado a Telegram se encuentra solamente aqu\u00ed en el blog, pueden usar el buscador.<\/span><\/div>\n<div>\u00a0<\/div>\n<\/blockquote>\n<\/div>\n<p><!-- Imagen Grande GBT --><\/p>\n<div style=\"margin: 25px 0; text-align: center;\">\n<div style=\"font-size: 13px; font-style: italic; margin-top: 5px;\"><img loading=\"lazy\" decoding=\"async\" class=\"aligncenter size-medium\" src=\"https:\/\/i.postimg.cc\/MKwcs3Hj\/GBT.png\" width=\"1200\" height=\"628\" \/><\/div>\n<div>\u00a0<\/div>\n<div><span style=\"font-family: Kalam; font-size: 26px;\"><span style=\"color: #cc99ff;\">\u2550\u2550\u2550\u2550 \u22c6<\/span><span style=\"color: #c27ba0; font-weight: bold;\">DC<\/span><span style=\"color: #cc99ff;\"> \u22c6 \u2550\u2550\u2550\u2550<\/span><\/span><\/div>\n<\/div>\n<div>\u00a0<\/div>\n<div style=\"font-family: 'Merienda', cursive; font-size: 16px;\">\n<p style=\"margin-bottom: 5px; text-align: justify;\"><span style=\"font-size: 17px; font-family: Kalam;\">\u2728 <b><span style=\"color: #ed61a7;\">DM en DC<\/span> \u2192<\/b> Solo respondo mensajes privados a quienes tengan problemas con la verificaci\u00f3n inicial.<\/span><\/p>\n<ul>\n<li style=\"text-align: justify;\"><span style=\"font-size: 17px; font-family: Kalam;\">Si ya eres miembro del servidor, us\u00e1 las otras v\u00edas de contacto.<\/span><\/li>\n<\/ul>\n<p>&nbsp;<\/p>\n<blockquote>\n<p style=\"margin-bottom: 15px; text-align: justify;\"><span style=\"font-size: 17px; font-family: Kalam;\"><span style=\"color: #0000ff;\"><b>\ud83c\udf1a <span style=\"text-decoration: underline;\">Excepci\u00f3n<\/span>:<\/b><\/span> <span style=\"color: #e06666; font-weight: bold;\">Colaboraciones<\/span> <span style=\"color: #e06666; font-weight: bold;\">de contenido para el blog.<\/span><\/span><\/p>\n<p style=\"margin-bottom: 15px; text-align: justify;\"><span style=\"font-family: Kalam; font-size: 17px; color: red; font-weight: bold;\">\u274c No acepto solicitudes de amistad.<\/span><\/p>\n<\/blockquote>\n<p style=\"text-align: justify;\">\u00a0<\/p>\n<p style=\"text-align: justify;\"><span style=\"font-family: Kalam;\"><!-- Item Solicitudes Amistad --><\/span><\/p>\n<p style=\"margin-bottom: 10px; text-align: justify;\"><span style=\"font-size: 17px; font-family: Kalam;\">\u2728 <b><span style=\"color: #ed61a7;\">Tickets<\/span> \u2192<\/b> Podr\u00e1s abrir un ticket en el servidor para hablar conmigo y explicar cualquier inconveniente que tengas.<\/span><\/p>\n<p style=\"text-align: justify;\"><span style=\"font-family: Kalam;\"><!-- Lista Tickets --><\/span><\/p>\n<blockquote>\n<div style=\"display: flex; align-items: flex-start; gap: 8px; margin-bottom: 8px; text-align: justify;\"><span style=\"font-size: 17px; font-family: Kalam;\">\u274c Si abr\u00eds uno, hacelo con responsabilidad. Si no vas a poder estar pendiente, mejor envi\u00e1 un correo.<\/span><\/div>\n<div style=\"display: flex; align-items: flex-start; gap: 8px; margin-bottom: 8px; text-align: justify;\"><span style=\"font-size: 17px; font-family: Kalam;\">\u274c Si no respond\u00e9s dentro de 24 hs, el ticket ser\u00e1 cerrado y eliminado.<\/span><\/div>\n<div style=\"display: flex; align-items: flex-start; gap: 8px; margin-bottom: 20px; text-align: justify;\"><span style=\"font-size: 17px; font-family: Kalam;\">\u274c No se aceptan colaboraciones ni pedidos por ese medio.<\/span><\/div>\n<\/blockquote>\n<div>\u00a0<\/div>\n<\/div>\n<p><!-- Imagen GT1_5 --><\/p>\n<div style=\"text-align: center; margin: 25px 0;\"><img loading=\"lazy\" decoding=\"async\" style=\"max-width: 100%; height: auto;\" src=\"https:\/\/i.postimg.cc\/jd6bS4G7\/GT1_5.png\" alt=\"GT1\" width=\"1280\" height=\"670\" \/><\/div>\n<div>\u00a0<\/div>\n<div style=\"margin-bottom: 20px; font-size: 17px; font-family: Merienda, cursive; text-align: justify;\"><span style=\"font-family: Kalam;\">\u2728 <span style=\"color: #ed61a7;\"><b>Bot ModMail<\/b><\/span> <b>\u2192<\/b> Podr\u00e1s enviarle un DM al bot y se crear\u00e1 autom\u00e1ticamente una conversaci\u00f3n que me llegar\u00e1 directo. El funcionamiento est\u00e1 explicado en DC, as\u00ed que por favor l\u00e9anlo all\u00ed para m\u00e1s detalles. \u21b4<\/span><\/div>\n<div>\u00a0<\/div>\n<div><img loading=\"lazy\" decoding=\"async\" class=\"aligncenter size-medium\" src=\"https:\/\/i.postimg.cc\/Ssfz3yT4\/MMSML.png\" width=\"1280\" height=\"670\" \/><\/div>\n<p><!-- Imagen Modmail --><\/p>\n<p><!-- SECCI\u00d3N OTROS --><\/p>\n<div style=\"text-align: center; margin: 30px 0; font-family: 'Kalam', cursive; font-size: 26px; color: #cc99ff;\">\u2550\u2550\u2550\u2550 \u22c6<span style=\"color: #c27ba0; font-weight: bold;\">OTROS<\/span> \u22c6 \u2550\u2550\u2550\u2550<\/div>\n<div>\u00a0<\/div>\n<div style=\"font-family: 'Merienda', cursive; font-size: 16px;\">\n<p style=\"margin-bottom: 15px; text-align: justify;\"><span style=\"font-size: 17px; font-family: Kalam;\">\u2728 <b><span style=\"color: #ed61a7;\">Comentarios en el blog<\/span> \u2192<\/b> Para agradecimientos, consultas r\u00e1pidas o aportar informaci\u00f3n relacionada con la publicaci\u00f3n.<\/span><\/p>\n<p>&nbsp;<\/p>\n<blockquote>\n<p style=\"margin-bottom: 15px; text-align: justify;\"><span style=\"font-size: 17px; font-family: Kalam;\">\u274c No uses los comentarios para hacer pedidos, pedir ayuda, compartir contrase\u00f1as, enlaces, correos ni spam.<\/span><\/p>\n<p>&nbsp;<\/p>\n<\/blockquote>\n<p style=\"margin-bottom: 15px; text-align: justify;\"><span style=\"font-size: 17px; font-family: Kalam;\">\u2728 <b><span style=\"color: #ed61a7;\">Sitios contenedores de enlaces<\/span> \u2192<\/b> Esta <u>prohibido<\/u> dejar comentarios all\u00ed.<\/span><\/p>\n<\/div>\n<p>&nbsp;<\/p>\n<p><!-- Advertencia Final --><\/p>\n<div style=\"text-align: center; margin-top: 40px; border-top: 1px dashed #ccc; padding-top: 20px;\">\n<p style=\"font-family: 'Satisfy', cursive; font-size: 24px; color: #6aa84f;\"><b>No compartir enlaces, invitaciones ni contrase\u00f1as.<\/b><\/p>\n<\/div>\n","protected":false},"excerpt":{"rendered":"<p>V\u00cdAS DE COMUNICACI\u00d3N \u21b4 &nbsp; \u26a0\ufe0f Consideraciones generales: Por favor, no env\u00eden solo saludos esperando respuesta para luego explicar. Digan todo lo que necesiten desde el principio, as\u00ed ahorramos tiempo. (No olvidar el respeto y los modales). Paciencia ante todo. No se desesperen si tardo en contestar. Soy una sola persona manejando todo, pero siempre [&hellip;]<\/p>\n","protected":false},"author":1,"featured_media":0,"parent":0,"menu_order":0,"comment_status":"closed","ping_status":"closed","template":"","meta":{"footnotes":""},"class_list":["post-895","page","type-page","status-publish","hentry"],"_links":{"self":[{"href":"https:\/\/mundoletroso.com.ar\/blog\/wp-json\/wp\/v2\/pages\/895","targetHints":{"allow":["GET"]}}],"collection":[{"href":"https:\/\/mundoletroso.com.ar\/blog\/wp-json\/wp\/v2\/pages"}],"about":[{"href":"https:\/\/mundoletroso.com.ar\/blog\/wp-json\/wp\/v2\/types\/page"}],"author":[{"embeddable":true,"href":"https:\/\/mundoletroso.com.ar\/blog\/wp-json\/wp\/v2\/users\/1"}],"replies":[{"embeddable":true,"href":"https:\/\/mundoletroso.com.ar\/blog\/wp-json\/wp\/v2\/comments?post=895"}],"version-history":[{"count":32,"href":"https:\/\/mundoletroso.com.ar\/blog\/wp-json\/wp\/v2\/pages\/895\/revisions"}],"predecessor-version":[{"id":3777,"href":"https:\/\/mundoletroso.com.ar\/blog\/wp-json\/wp\/v2\/pages\/895\/revisions\/3777"}],"wp:attachment":[{"href":"https:\/\/mundoletroso.com.ar\/blog\/wp-json\/wp\/v2\/media?parent=895"}],"curies":[{"name":"wp","href":"https:\/\/api.w.org\/{rel}","templated":true}]}}