{"id":883,"date":"2023-10-27T18:10:00","date_gmt":"2023-10-27T18:10:00","guid":{"rendered":"https:\/\/mundoletroso.com.ar\/blog\/pantalla-principal-tutorial\/"},"modified":"2026-05-03T01:50:05","modified_gmt":"2026-05-03T04:50:05","slug":"pantalla-principal-tutorial","status":"publish","type":"page","link":"https:\/\/mundoletroso.com.ar\/blog\/pantalla-principal-tutorial\/","title":{"rendered":"Pantalla Principal [TDD]"},"content":{"rendered":"<p><!-- Imagen Principal --><\/p>\n<div style=\"text-align: center; margin-bottom: 20px;\">\u00a0<\/div>\n<div><img loading=\"lazy\" decoding=\"async\" class=\"aligncenter size-medium\" src=\"https:\/\/i.postimg.cc\/FsrSxg9q\/Panta-Prin0-5.png\" width=\"766\" height=\"80\" \/><\/div>\n<p><!-- Texto Introducci\u00f3n --><\/p>\n<div>\u00a0<\/div>\n<div style=\"text-align: justify; margin-bottom: 20px;\"><span style=\"font-family: Kalam; font-size: 17px;\">Para empezar, es importante <b><span style=\"color: #3d85c6;\">conocer bien los men\u00fas y apartados del blog<\/span><\/b>, as\u00ed sabr\u00e1s d\u00f3nde encontrar todo.<br \/>\nMuchas dudas suelen resolverse desde la <b><span style=\"color: #3d85c6;\">pantalla principal<\/span><\/b>, donde est\u00e1n las secciones clave.<\/span><\/div>\n<div style=\"text-align: justify; margin-bottom: 20px;\"><span style=\"font-family: Kalam; font-size: 17px;\"><br \/>\n<\/span><\/p>\n<blockquote>\n<p style=\"margin-top: 10px;\"><span style=\"font-family: Kalam; font-size: 17px;\">\u26a0\ufe0f Estos apartados pueden cambiar de dise\u00f1o con el tiempo, pero los <span style=\"color: #0000ff;\"><b>b\u00e1sicos siempre estar\u00e1n visibles<\/b>.<\/span><\/span><\/p>\n<\/blockquote>\n<\/div>\n<div>\u00a0<\/div>\n<div><img loading=\"lazy\" decoding=\"async\" class=\"alignnone size-medium\" src=\"https:\/\/i.postimg.cc\/bvngVqfV\/MS02-1.png\" width=\"1280\" height=\"670\" \/><\/div>\n<div>\u00a0<\/div>\n<div style=\"text-align: justify; margin-bottom: 25px;\"><span style=\"font-family: 'Merienda', sans-serif;\"><span style=\"font-family: Kalam; font-size: 17px;\">\ud83d\udcc2 <b><span style=\"color: #38761d;\">Todos los apartados son \u00fatiles<\/span>,<\/b> te ayudar\u00e1n a encontrar contenido y resolver dudas.<\/span><br \/>\n<span style=\"font-family: Kalam; font-size: 17px;\">\ud83c\udd95 Las secciones de <span style=\"color: #8e7cc3;\"><b>Novedades<\/b> y <b>Actualizaciones<\/b><\/span> se actualizan con frecuencia, \u00a1vale la pena revisarlas cada tanto!<\/span><br \/>\n<span style=\"font-family: Kalam; font-size: 17px;\">\ud83d\udcab <span style=\"color: #0000ff;\"><b>Los botones importantes estar\u00e1n siempre al final de cada publicaci\u00f3n.<\/b><\/span><\/span><br \/>\n<\/span><\/div>\n<div>\u00a0<\/div>\n<div><img loading=\"lazy\" decoding=\"async\" class=\"aligncenter size-medium\" src=\"https:\/\/i.postimg.cc\/xd6yqqQt\/BL02-1.png\" width=\"1280\" height=\"670\" \/><\/div>\n<p><!-- Separador --><\/p>\n<div>\u00a0<\/div>\n<div><img loading=\"lazy\" decoding=\"async\" class=\"aligncenter size-medium\" src=\"https:\/\/i.postimg.cc\/NM06j65C\/CDE0-3.png\" width=\"1280\" height=\"670\" \/><\/div>\n<div>\u00a0<\/div>\n<div style=\"text-align: center; margin: 20px 0;\"><span style=\"color: #b5ead7;\"><b><span style=\"font-family: helvetica; font-size: 18px;\">\u227b\u2500\u2500\u2500\u2500\u2500 \u22c6\u2729\u22c6 \u2500\u2500\u2500\u2500\u2500\u227a<\/span><\/b><\/span><\/div>\n<p><!-- Nota final --><\/p>\n<div>\u00a0<\/div>\n<div style=\"text-align: center;\"><span style=\"text-decoration: underline; color: #ed61a7;\"><strong><span style=\"font-family: 'Maven Pro'; font-size: 19px;\">Dentro de todas las publicaciones<\/span><\/strong><\/span><\/div>\n<div>\u00a0<\/div>\n<div><img loading=\"lazy\" decoding=\"async\" class=\"aligncenter size-medium\" src=\"https:\/\/i.postimg.cc\/W3r3Cf55\/BL03-1.png\" width=\"1280\" height=\"670\" \/><\/div>\n<div style=\"text-align: left; margin-bottom: 20px;\"><span style=\"font-family: 'Merienda', sans-serif; font-size: 18px;\"><br \/>\n<span style=\"font-family: Kalam; font-size: 17px;\"><span style=\"color: #0e1318;\">\ud83d\udccc <\/span><span style=\"color: #ed61a7;\"><b>Le\u00e9 la informaci\u00f3n en la zona de comentarios antes de escribir.<\/b><\/span><\/span><br \/>\n<span style=\"color: #0e1318; font-family: Kalam; font-size: 17px;\">All\u00ed tambi\u00e9n se aclaran puntos importantes.<\/span><br \/>\n<\/span><\/div>\n<div>\u00a0<\/div>\n<div><img loading=\"lazy\" decoding=\"async\" class=\"aligncenter size-medium\" src=\"https:\/\/i.postimg.cc\/SRdyp0CS\/BL04-1.png\" width=\"1280\" height=\"670\" \/><\/div>\n<div>\u00a0<\/div>\n<div>\u00a0<\/div>\n<div style=\"text-align: center;\"><span style=\"text-decoration: underline; color: #ed61a7;\"><strong><span style=\"font-family: 'Maven Pro'; font-size: 20px;\">Donde se encuentra el TDD<\/span><\/strong><\/span><span style=\"color: #ed61a7;\"><strong><span style=\"font-family: 'Maven Pro'; font-size: 20px;\">?<\/span><\/strong><\/span><span style=\"color: #ed61a7;\"><strong><span style=\"font-family: 'Maven Pro'; font-size: 20px;\"> (Tutorial)<\/span><\/strong><\/span><\/div>\n<div>\u00a0<\/div>\n<div>\u00a0<\/div>\n<div><img loading=\"lazy\" decoding=\"async\" class=\"aligncenter size-medium\" src=\"https:\/\/i.postimg.cc\/yxZ7mGDg\/TDD0-3.png\" width=\"1280\" height=\"670\" \/><\/div>\n<p><!-- Imagen 4 --><\/p>\n<div style=\"margin-bottom: 30px; text-align: left;\">\u00a0<\/div>\n<p><!-- Bot\u00f3n Volver --><\/p>\n<div style=\"margin-top: 30px; text-align: left;\">\u00a0<\/div>\n<p><!-- \u25b8 BOT\u00d3N: Volver al tutorial (peque\u00f1o) --><\/p>\n<p style=\"text-align: left;\"><a style=\"display: inline-flex; align-items: center; gap: 8px; background: #f4a7b0; color: #fff; text-decoration: none; font-family: Arial, sans-serif; font-weight: 800; font-size: 11px; padding: 8px 18px; border-radius: 50px; border: 3px solid #a8d8f0; letter-spacing: 1.5px; box-shadow: 3px 3px 0px #a8d8f0;\" href=\"https:\/\/mundoletroso.com.ar\/blog\/tdd\/\"> <span style=\"font-size: 13px; color: #d63a6a; line-height: 1;\">\u276e\u276e<\/span> <span style=\"color: #fff;\">VOLVER AL TUTORIAL<\/span> <\/a><\/p>\n<p><!-- \u25b8 FIN BOT\u00d3N: Volver al tutorial (peque\u00f1o) --><\/p>\n","protected":false},"excerpt":{"rendered":"<p>\u00a0 \u00a0 Para empezar, es importante conocer bien los men\u00fas y apartados del blog, as\u00ed sabr\u00e1s d\u00f3nde encontrar todo. Muchas dudas suelen resolverse desde la pantalla principal, donde est\u00e1n las secciones clave. \u26a0\ufe0f Estos apartados pueden cambiar de dise\u00f1o con el tiempo, pero los b\u00e1sicos siempre estar\u00e1n visibles. \u00a0 \u00a0 \ud83d\udcc2 Todos los apartados son [&hellip;]<\/p>\n","protected":false},"author":1,"featured_media":0,"parent":0,"menu_order":0,"comment_status":"closed","ping_status":"closed","template":"","meta":{"footnotes":""},"class_list":["post-883","page","type-page","status-publish","hentry"],"_links":{"self":[{"href":"https:\/\/mundoletroso.com.ar\/blog\/wp-json\/wp\/v2\/pages\/883","targetHints":{"allow":["GET"]}}],"collection":[{"href":"https:\/\/mundoletroso.com.ar\/blog\/wp-json\/wp\/v2\/pages"}],"about":[{"href":"https:\/\/mundoletroso.com.ar\/blog\/wp-json\/wp\/v2\/types\/page"}],"author":[{"embeddable":true,"href":"https:\/\/mundoletroso.com.ar\/blog\/wp-json\/wp\/v2\/users\/1"}],"replies":[{"embeddable":true,"href":"https:\/\/mundoletroso.com.ar\/blog\/wp-json\/wp\/v2\/comments?post=883"}],"version-history":[{"count":6,"href":"https:\/\/mundoletroso.com.ar\/blog\/wp-json\/wp\/v2\/pages\/883\/revisions"}],"predecessor-version":[{"id":3787,"href":"https:\/\/mundoletroso.com.ar\/blog\/wp-json\/wp\/v2\/pages\/883\/revisions\/3787"}],"wp:attachment":[{"href":"https:\/\/mundoletroso.com.ar\/blog\/wp-json\/wp\/v2\/media?parent=883"}],"curies":[{"name":"wp","href":"https:\/\/api.w.org\/{rel}","templated":true}]}}