{"id":878,"date":"2024-11-20T16:34:00","date_gmt":"2024-11-20T16:34:00","guid":{"rendered":"https:\/\/mundoletroso.com.ar\/blog\/nuestras-categorias-y-canales-discord\/"},"modified":"2025-12-07T14:09:25","modified_gmt":"2025-12-07T17:09:25","slug":"nuestras-categorias-y-canales-discord","status":"publish","type":"page","link":"https:\/\/mundoletroso.com.ar\/blog\/nuestras-categorias-y-canales-discord\/","title":{"rendered":"Nuestras categorias y canales [DC]"},"content":{"rendered":"<div><a href=\"https:\/\/i.ibb.co\/qFcsGt4g\/Banner-avisos-ML.gif\"><img loading=\"lazy\" decoding=\"async\" class=\"aligncenter\" src=\"https:\/\/i.ibb.co\/qFcsGt4g\/Banner-avisos-ML.gif\" width=\"569\" height=\"285\" border=\"0\" data-original-height=\"864\" data-original-width=\"1728\" \/> <\/a><\/div>\n<div>\u00a0<\/div>\n<p><span style=\"font-family: Catamaran; font-size: 17px;\">\ud83c\udf38 \u00a1Hola, hola! En este post vas a encontrar varias capturas con explicaciones sobre todos los canales disponibles en nuestro servidor de DC. <\/span><span style=\"font-family: Catamaran; font-size: 17px;\">La idea es que sepas qu\u00e9 hay en cada uno y no te sientas perdido cuando ingreses.<\/span><\/p>\n<p><span style=\"font-family: Catamaran; font-size: 17px;\">No te tomar\u00e1 mucho tiempo leerlo , y te ayudar\u00e1 a moverte sin problema.<\/span><br \/>\n<span style=\"font-family: Catamaran; font-size: 17px;\">Muchos no est\u00e1n familiarizados con DC, por eso tambi\u00e9n prepar\u00e9 una gu\u00eda b\u00e1sica que explica c\u00f3mo funciona la plataforma y para qu\u00e9 sirve cada bot\u00f3n u opci\u00f3n.<\/span><\/p>\n<p><span style=\"font-family: Catamaran; font-size: 17px;\">Si aun as\u00ed la gu\u00eda no te resulta clara, te recomiendo dos cosas:<\/span><\/p>\n<p><span style=\"font-family: Catamaran; font-size: 17px;\">1\ufe0f\u20e3 \u00a0Aprend\u00e9 usando la plataforma. Nada mejor que explorar y probar sus funciones para entenderlas.<\/span><\/p>\n<p><span style=\"font-family: Catamaran; font-size: 17px;\">2\ufe0f\u20e3 Busc\u00e1 videos en YouTube. Hay much\u00edsimos tutoriales sencillos y din\u00e1micos que pueden ayudarte mejor.<\/span><br \/>\n<span style=\"font-family: Catamaran; font-size: 17px;\">Yo no soy youtuber ni profesora, pero hago lo posible por explicar todo de forma \u00fatil y accesible.<\/span><\/p>\n<p><span style=\"font-family: Catamaran; font-size: 17px;\">\ud83d\udc9c As\u00ed que ya no habr\u00e1 excusas: si algo no se entiende, ac\u00e1 y en la gu\u00eda est\u00e1 todo explicado.<\/span><\/p>\n<div>\n<div>\u00a0<\/div>\n<div><strong><span style=\"font-family: Catamaran; font-size: 20px; color: #cc99ff;\">\ud83d\udcab Comencemos:<\/span><\/strong><\/div>\n<div>\u00a0<\/div>\n<div><span style=\"font-family: Catamaran; font-size: 17px;\">Estos son las categor\u00edas y los canales que podr\u00e1n ver y leer antes de <span style=\"color: #008000;\">verificarte<\/span> , no explicar\u00e9 sobre este tema porque todo esto ya esta explayado en el TDD !.\u00a0<\/span><\/div>\n<div>\u00a0<\/div>\n<div>\u00a0<\/div>\n<\/div>\n<div><a href=\"https:\/\/i.postimg.cc\/6Q7Q6jbQ\/Canales-ML-SV.png\"> <img loading=\"lazy\" decoding=\"async\" src=\"https:\/\/i.postimg.cc\/6Q7Q6jbQ\/Canales-ML-SV.png\" width=\"745\" height=\"526\" border=\"0\" data-original-height=\"800\" data-original-width=\"1132\" \/> <\/a><\/div>\n<div>\u00a0<\/div>\n<div><span style=\"font-family: Catamaran; font-size: 17px;\">\ud83c\udf38 Desde aqu\u00ed en adelante son las categor\u00edas y canales exclusivos para Miembros (<span style=\"color: #339966;\"><strong>ya verificados<\/strong><\/span>).<\/span><\/div>\n<div>\u00a0<\/div>\n<div>\n<div><a href=\"https:\/\/mundoletroso.com.ar\/blog\/wp-content\/uploads\/2024\/11\/Canales20ML20V2.png\"> <img loading=\"lazy\" decoding=\"async\" src=\"https:\/\/blogger.googleusercontent.com\/img\/b\/R29vZ2xl\/AVvXsEhB_3HHAa8vgF7wAAYXEXyr66gAJPTpfCHqnEm-Yvt0-eTg4RG60EigmwudPeuKvOOgDYNWNdhDRAYPCjXIvYipNPQ41xz7AEBFwAPHS3uiCUGERXL6qNPsoLXgAt7upB7ZmJP0eNOCkcLN14HVBHtRDjsZ9pVLlkybLq4koNnLOImbBN4-3FFXK2E-rv5D\/w644-h455\/Canales%20ML%20V2.png\" width=\"728\" height=\"514\" border=\"0\" data-original-height=\"1414\" data-original-width=\"2000\" \/> <\/a><\/div>\n<\/div>\n<p>&nbsp;<\/p>\n<p><span style=\"font-family: Catamaran; font-size: 19px;\">\ud83c\udf53 <span style=\"color: #ff99cc;\"><strong>Actualizaci\u00f3n \u2013 Noviembre 2025<\/strong><\/span><\/span><\/p>\n<p><span style=\"font-family: Catamaran; font-size: 19px;\">A partir de ahora, todo el contenido estar\u00e1 organizado por a\u00f1o.<\/span><\/p>\n<p><span style=\"font-family: Catamaran; font-size: 19px;\">\ud83d\udcc1 Todo lo publicado durante 2025 se encontrar\u00e1 en el canal #C2025.<\/span><br \/>\n<span style=\"font-family: Catamaran; font-size: 19px;\">\ud83d\udcc1 El pr\u00f3ximo a\u00f1o estar\u00e1 en #C2026, y as\u00ed sucesivamente.<\/span><\/p>\n<p><span style=\"font-family: Catamaran; font-size: 19px;\">Esta nueva estructura permite un mejor manejo, orden y acceso al contenido del servidor.<\/span><br \/>\n<span style=\"font-family: Catamaran; font-size: 19px;\">\ud83d\udcda En el canal #Contenido permanecer\u00e1 todo lo publicado entre 2016 y 2024.<\/span><\/p>\n<p>&nbsp;<\/p>\n<div><a href=\"https:\/\/i.postimg.cc\/dtk1kgb5\/Canales-ML-V3.png\"> <img loading=\"lazy\" decoding=\"async\" src=\"https:\/\/i.postimg.cc\/dtk1kgb5\/Canales-ML-V3.png\" width=\"752\" height=\"531\" border=\"0\" data-original-height=\"800\" data-original-width=\"1132\" \/> <\/a><\/div>\n<div>\u00a0<\/div>\n<div><a href=\"https:\/\/i.postimg.cc\/Qt1x1B3G\/Canales-ML-V3.png\"> <img loading=\"lazy\" decoding=\"async\" src=\"https:\/\/i.postimg.cc\/Qt1x1B3G\/Canales-ML-V3.png\" width=\"756\" height=\"535\" border=\"0\" data-original-height=\"800\" data-original-width=\"1132\" \/> <\/a><\/div>\n<div>\u00a0<\/div>\n<div>\u00a0<\/div>\n<div><span style=\"font-family: Catamaran; font-size: 17px;\">\ud83d\udd12<em><span style=\"color: #99ccff;\"><strong>El candado que visualizan en algunos canales no les interfiere en nada a ustedes, es un tema de configuraci\u00f3n y es solo relevante para mi, as\u00ed que no se asusten.\u00a0<\/strong><\/span><\/em><\/span><\/div>\n<p>&nbsp;<\/p>\n<p><span style=\"font-family: Catamaran; font-size: 17px;\">Estos son todos los canales disponibles actualmente. <\/span><br \/>\n<span style=\"font-family: Catamaran; font-size: 17px;\">Si en el futuro se crean nuevos canales, esta lista se actualizar\u00e1 aqu\u00ed mismo.<\/span><\/p>\n<p>&nbsp;<\/p>\n<div><a href=\"https:\/\/mundoletroso.com.ar\/guiadc\/\" target=\"_blank\" rel=\"noopener\"> <img loading=\"lazy\" decoding=\"async\" class=\"aligncenter\" src=\"https:\/\/i.postimg.cc\/MTWnVnXC\/button-guia-basica-discord.png\" width=\"202\" height=\"52\" border=\"0\" data-original-height=\"52\" data-original-width=\"202\" \/> <\/a><\/div>\n<div>\u00a0<\/div>\n<div>\u00a0<\/div>\n<div><a href=\"https:\/\/mundoletroso.com.ar\/blog\/tdd\/\" target=\"_blank\" rel=\"noopener\"> <img loading=\"lazy\" decoding=\"async\" class=\"aligncenter\" src=\"https:\/\/i.postimg.cc\/CKCZRGMC\/button-tutorial-de-descargas.png\" width=\"202\" height=\"52\" border=\"0\" data-original-height=\"52\" data-original-width=\"202\" \/> <\/a><\/div>\n<p>&nbsp;<\/p>\n","protected":false},"excerpt":{"rendered":"<p>\u00a0 \ud83c\udf38 \u00a1Hola, hola! En este post vas a encontrar varias capturas con explicaciones sobre todos los canales disponibles en nuestro servidor de DC. La idea es que sepas qu\u00e9 hay en cada uno y no te sientas perdido cuando ingreses. No te tomar\u00e1 mucho tiempo leerlo , y te ayudar\u00e1 a moverte sin problema. [&hellip;]<\/p>\n","protected":false},"author":1,"featured_media":879,"parent":0,"menu_order":0,"comment_status":"closed","ping_status":"closed","template":"","meta":{"footnotes":""},"class_list":["post-878","page","type-page","status-publish","has-post-thumbnail","hentry"],"_links":{"self":[{"href":"https:\/\/mundoletroso.com.ar\/blog\/wp-json\/wp\/v2\/pages\/878","targetHints":{"allow":["GET"]}}],"collection":[{"href":"https:\/\/mundoletroso.com.ar\/blog\/wp-json\/wp\/v2\/pages"}],"about":[{"href":"https:\/\/mundoletroso.com.ar\/blog\/wp-json\/wp\/v2\/types\/page"}],"author":[{"embeddable":true,"href":"https:\/\/mundoletroso.com.ar\/blog\/wp-json\/wp\/v2\/users\/1"}],"replies":[{"embeddable":true,"href":"https:\/\/mundoletroso.com.ar\/blog\/wp-json\/wp\/v2\/comments?post=878"}],"version-history":[{"count":10,"href":"https:\/\/mundoletroso.com.ar\/blog\/wp-json\/wp\/v2\/pages\/878\/revisions"}],"predecessor-version":[{"id":2487,"href":"https:\/\/mundoletroso.com.ar\/blog\/wp-json\/wp\/v2\/pages\/878\/revisions\/2487"}],"wp:featuredmedia":[{"embeddable":true,"href":"https:\/\/mundoletroso.com.ar\/blog\/wp-json\/wp\/v2\/media\/879"}],"wp:attachment":[{"href":"https:\/\/mundoletroso.com.ar\/blog\/wp-json\/wp\/v2\/media?parent=878"}],"curies":[{"name":"wp","href":"https:\/\/api.w.org\/{rel}","templated":true}]}}