{"id":870,"date":"2024-08-25T18:23:00","date_gmt":"2024-08-25T18:23:00","guid":{"rendered":"https:\/\/mundoletroso.com.ar\/blog\/orden-de-lectura-de-jennifer-l-armentrout-noviembre-2025\/"},"modified":"2026-01-30T21:17:47","modified_gmt":"2026-01-31T00:17:47","slug":"orden-de-lectura-de-jennifer-l-armentrout","status":"publish","type":"page","link":"https:\/\/mundoletroso.com.ar\/blog\/orden-de-lectura-de-jennifer-l-armentrout\/","title":{"rendered":"ORDEN DE LECTURA Jennifer L. Armentrout [Noviembre 2025]"},"content":{"rendered":"<p>&nbsp;<\/p>\n<div class=\"separator\" style=\"clear: both; text-align: center;\"><a style=\"margin-left: 1em; margin-right: 1em;\" href=\"https:\/\/i.postimg.cc\/fykFBGkS\/ODL01.png\"><img loading=\"lazy\" decoding=\"async\" src=\"https:\/\/i.postimg.cc\/fykFBGkS\/ODL01.png\" width=\"566\" height=\"318\" border=\"0\" data-original-height=\"721\" data-original-width=\"1280\" \/><\/a><\/div>\n<div class=\"separator\" style=\"clear: both; text-align: center;\">\u00a0<\/div>\n<p>&nbsp;<\/p>\n<div dir=\"ltr\" style=\"background-color: white;\">\n<div style=\"text-align: center;\"><b style=\"color: #303030; , trebuchet, sans-serif;font-size: 14.3px;\"><span style=\"color: orange;\">ORDEN DE LECTURA DE\u00a0<\/span><\/b><span style=\"font-size: 14.3px; text-align: left;\"><span style=\"color: orange;\"><b>JENNIFER L. ARMENTROUT<\/b><\/span><\/span><\/div>\n<div style=\"color: #303030; , trebuchet, sans-serif;font-size: 14.3px; text-align: center;\">\n<p class=\"alert alert-info\" style=\"background-color: #d1ecf1; border-radius: 4px; color: #0c5460; font-family: Helvetica, sans-serif; font-size: 0.85rem; padding: 15px;\">(Ultima actualizaci\u00f3n 26\/11\/2025)<\/p>\n<\/div>\n<\/div>\n<div class=\"separator\" style=\"clear: both; text-align: center;\">\n<div style=\"background-color: white; color: #303030; , trebuchet, sans-serif;font-size: 14.3px;\">\u00a0<\/div>\n<div style=\"background-color: white; color: #303030; , trebuchet, sans-serif;font-size: 14.3px;\">\u00a0<\/div>\n<div style=\"background-color: white; text-align: left;\"><span style=\"color: #ff00fe; font-family: Catamaran; font-size: 20px;\"><span style=\"color: #339966;\"><strong>Series:<\/strong><\/span><\/p>\n<p><\/span><\/div>\n<div style=\"background-color: white; text-align: left;\"><span style=\"font-family: Catamaran; font-size: 20px;\"><span style=\"color: #303030;\">\u2022\u00a0<\/span><span style=\"background-color: transparent; text-align: center;\"><span style=\"color: #303030;\"><a href=\"https:\/\/mundoletroso.com.ar\/blog\/2024\/10\/20\/flesh-and-fire-_-jennifer-l-armentrout-espanol\/\" target=\"_blank\" rel=\"noopener\">Flesh and Fire<\/a><\/span><\/span><\/span><\/div>\n<div style=\"background-color: white; text-align: left;\"><span style=\"font-family: Catamaran; font-size: 20px;\"><span style=\"background-color: transparent; text-align: center;\"><span style=\"color: #303030;\">\u2022\u00a0<\/span><\/span><span style=\"background-color: transparent; text-align: center;\"><span style=\"color: #303030;\"><a href=\"https:\/\/mundoletroso.com.ar\/blog\/2024\/08\/25\/blood-and-ash-_-jennifer-l-armentrout-espanol\/\" target=\"_blank\" rel=\"noopener\">Blood and Ash<\/a><\/span><\/span><\/span><\/div>\n<div style=\"background-color: white; color: #303030; text-align: left;\"><span style=\"font-family: Caveat Brush; font-size: medium;\">\u00a0<\/span><\/div>\n<\/div>\n<p style=\"text-align: justify;\"><span style=\"font-family: Catamaran; font-size: 17px;\">\u26a0\ufe0f\u00a0<\/span><span style=\"font-family: Caveat Brush; font-size: medium;\"><span style=\"font-family: Catamaran; font-size: 17px;\">Este orden de lectura es el recomendado por la Autora y lo mantendr\u00e9 actualizado siempre que encuentre novedades, la autora aun se encuentra escribiendo un nuevo libro, aun as\u00ed las traducciones al espa\u00f1ol se toman tiempo indeterminado en salir, as\u00ed que no podemos asegurar cuanto demoraran los grupos de traductores en finalizar y compartir los libros para yo poder traerlo al blog.\u00a0<\/span><\/span><\/p>\n<p>&nbsp;<\/p>\n<ol style=\"text-align: left;\">\n<li><span style=\"font-family: Catamaran; font-size: 17px;\">From Blood and Ash &#8211; Blood and Ash<br \/>\n1.5. The Red Pearl Escene &#8211; Blood and Ash<\/span><\/li>\n<li><span style=\"font-size: 17px; font-family: Catamaran;\">A Kingdom of Flesh and Fire\u00a0&#8211;\u00a0Blood and Ash<\/span><\/li>\n<li><span style=\"font-size: 17px; font-family: Catamaran;\">The \u200bCrown of Gilded Bones\u00a0&#8211;\u00a0Blood and Ash<\/span><\/li>\n<li><span style=\"font-family: Catamaran; font-size: 17px;\">A Shadow in the Ember\u00a0&#8211;\u00a0Flesh and Fire<\/span><\/li>\n<li><span style=\"font-size: 17px; font-family: Catamaran;\">The War of Two Queens\u00a0&#8211;\u00a0Blood and Ash<\/span><\/li>\n<li><span style=\"font-size: 17px; font-family: Catamaran;\">A Light in the Flame\u00a0&#8211;\u00a0Flesh and Fire<\/span><\/li>\n<li><span style=\"font-size: 17px; font-family: Catamaran;\">A Soul of Ash and Blood\u00a0&#8211;\u00a0Blood and Ash<\/span><\/li>\n<li><span style=\"font-size: 17px; font-family: Catamaran;\">A Fire in the Flesh\u00a0&#8211;\u00a0Flesh and Fire<\/span><\/li>\n<li><span style=\"font-size: 17px; font-family: Catamaran;\">Visions of Flesh and Blood\u00a0&#8211; Blood and Ash<\/span><\/li>\n<li><span style=\"font-size: 17px; font-family: Catamaran;\">Born of Blood and Ash\u00a0&#8211;\u00a0Flesh and Fire<\/span><\/li>\n<li><span style=\"font-size: 17px; font-family: Catamaran;\">The Primal of Blood and Bone\u00a0&#8211;\u00a0Blood and Ash<\/span><\/li>\n<\/ol>\n<div><span style=\"color: red; font-family: Kumbh Sans; font-size: medium;\"><b><i>\u00a0<\/i><\/b><\/span><\/div>\n<div><span style=\"color: red; font-family: Kumbh Sans; font-size: medium;\"><b><i>\u00a0<\/i><\/b><\/span><\/div>\n<div><span style=\"font-family: Kumbh Sans;\"><b><i><span style=\"color: red; font-size: large;\">\u200b<\/span>Los libros en <span style=\"color: red;\">ROJO<\/span> son los que aun no est\u00e1n las traducciones en espa\u00f1ol, todo los dem\u00e1s se encuentran ya publicados en el blog.\u00a0<\/i><\/b><\/span><\/div>\n","protected":false},"excerpt":{"rendered":"<p>&nbsp; \u00a0 &nbsp; ORDEN DE LECTURA DE\u00a0JENNIFER L. ARMENTROUT (Ultima actualizaci\u00f3n 26\/11\/2025) \u00a0 \u00a0 Series: \u2022\u00a0Flesh and Fire \u2022\u00a0Blood and Ash \u00a0 \u26a0\ufe0f\u00a0Este orden de lectura es el recomendado por la Autora y lo mantendr\u00e9 actualizado siempre que encuentre novedades, la autora aun se encuentra escribiendo un nuevo libro, aun as\u00ed las traducciones al espa\u00f1ol [&hellip;]<\/p>\n","protected":false},"author":1,"featured_media":0,"parent":0,"menu_order":0,"comment_status":"closed","ping_status":"closed","template":"","meta":{"footnotes":""},"class_list":["post-870","page","type-page","status-publish","hentry"],"_links":{"self":[{"href":"https:\/\/mundoletroso.com.ar\/blog\/wp-json\/wp\/v2\/pages\/870","targetHints":{"allow":["GET"]}}],"collection":[{"href":"https:\/\/mundoletroso.com.ar\/blog\/wp-json\/wp\/v2\/pages"}],"about":[{"href":"https:\/\/mundoletroso.com.ar\/blog\/wp-json\/wp\/v2\/types\/page"}],"author":[{"embeddable":true,"href":"https:\/\/mundoletroso.com.ar\/blog\/wp-json\/wp\/v2\/users\/1"}],"replies":[{"embeddable":true,"href":"https:\/\/mundoletroso.com.ar\/blog\/wp-json\/wp\/v2\/comments?post=870"}],"version-history":[{"count":4,"href":"https:\/\/mundoletroso.com.ar\/blog\/wp-json\/wp\/v2\/pages\/870\/revisions"}],"predecessor-version":[{"id":3366,"href":"https:\/\/mundoletroso.com.ar\/blog\/wp-json\/wp\/v2\/pages\/870\/revisions\/3366"}],"wp:attachment":[{"href":"https:\/\/mundoletroso.com.ar\/blog\/wp-json\/wp\/v2\/media?parent=870"}],"curies":[{"name":"wp","href":"https:\/\/api.w.org\/{rel}","templated":true}]}}