{"id":866,"date":"2025-04-23T21:30:00","date_gmt":"2025-04-23T21:30:00","guid":{"rendered":"https:\/\/mundoletroso.com.ar\/blog\/%e3%80%94-publicaciones-especiales-indice%e3%80%95\/"},"modified":"2026-03-18T01:16:21","modified_gmt":"2026-03-18T04:16:21","slug":"%e3%80%94-publicaciones-especiales-indice%e3%80%95","status":"publish","type":"page","link":"https:\/\/mundoletroso.com.ar\/blog\/%e3%80%94-publicaciones-especiales-indice%e3%80%95\/","title":{"rendered":"\u3014 Publicaciones especiales &#8211; \u00cdndice\u3015"},"content":{"rendered":"<p>&nbsp;<\/p>\n<div class=\"separator\" style=\"clear: both; text-align: center;\"><a style=\"margin-left: 1em; margin-right: 1em;\" href=\"https:\/\/i.postimg.cc\/XYG6FL4S\/Banner-PE.png\"><img loading=\"lazy\" decoding=\"async\" src=\"https:\/\/i.postimg.cc\/XYG6FL4S\/Banner-PE.png\" width=\"579\" height=\"289\" border=\"0\" data-original-height=\"640\" data-original-width=\"1280\" \/><\/a><\/div>\n<p>&nbsp;<\/p>\n<p>&nbsp;<\/p>\n<p style=\"text-align: justify;\"><span style=\"color: #351c75; font-family: Barlow Condensed; font-size: medium;\">Dejar\u00e9 en esta p\u00e1gina un \u00edndice de todos los especiales que vaya publicando para que puedan ingresar c\u00f3modamente y no tengan que ir busc\u00e1ndolas.\u00a0<\/span><\/p>\n<p>&nbsp;<\/p>\n<div style=\"text-align: justify;\"><span style=\"color: #351c75; font-family: Barlow Condensed; font-size: medium;\">Los especiales se tratan de colecciones de varios libros de alg\u00fan autor en particular, tem\u00e1ticas, manhuas, manhwas, mangas, danmei entre otras novelas asi\u00e1ticas tambi\u00e9n, etc.<\/span><\/div>\n<div style=\"text-align: justify;\"><span style=\"color: #351c75; font-family: Barlow Condensed; font-size: medium;\">Son colecciones armadas por mi y que pienso que les puede interesar y no quiero hacer una sola publicaci\u00f3n en particular&#8230; por lo general cuando solo son un tomo y est\u00e1n completos, siempre lean las aclaraciones de cada post.\u00a0<\/span><\/div>\n<p>&nbsp;<\/p>\n<p>&nbsp;<\/p>\n<p><span style=\"color: #e69138; font-family: News Cycle; font-size: large;\"><b>INDICE<\/b><\/span><\/p>\n<p>&nbsp;<\/p>\n<p>\u09f9\u00a0<a href=\"https:\/\/mundoletroso.com.ar\/blog\/2024\/08\/06\/%e3%80%94-especial-%e3%80%95-%e2%94%86-mangas-%e2%81%93-manhwas-1-%f0%9f%8e%80%f0%9f%8d%93%f0%9f%92%97-espanol\/\" target=\"_blank\" rel=\"noopener\">\u3014 Especial \u3015 \u2506 Mangas \u2053 Manhwas (1)<\/a>\u00a0 \ud83c\udf80\ud83c\udf53\ud83d\udc97<\/p>\n<p>\u09f9\u00a0<a href=\"https:\/\/mundoletroso.com.ar\/blog\/2024\/08\/26\/%e3%80%94-especial-%e3%80%95-%e2%94%86-novelas-%e2%81%93-danmei-bl-asiaticas-1-%f0%9f%8e%80-%f0%9f%8d%a7%f0%9f%92%9e-espanol\/\" target=\"_blank\" rel=\"noopener\">\u3014 Especial \u3015 \u2506 Novelas \u2053 Danmei \/ BL asiaticas (1)<\/a> \ud83c\udf80 \ud83c\udf67\ud83d\udc9e<\/p>\n<p>\u09f9\u00a0<a href=\"https:\/\/mundoletroso.com.ar\/blog\/2024\/11\/12\/%e3%80%94-especial-%e3%80%95%e2%94%86-novelas-de-amelita-rae-%f0%9f%92%ab%f0%9f%8e%88%f0%9f%a7%81\/\" target=\"_blank\" rel=\"noopener\">\u3014 Especial \u3015 \u2506 Novelas de Amelita Rae<\/a> \ud83d\udcab\ud83c\udf88\ud83e\uddc1<\/p>\n<p>\u09f9\u00a0<a href=\"https:\/\/mundoletroso.com.ar\/blog\/2025\/04\/23\/%e3%80%94-especial-%e3%80%95-%e2%94%86-novelas-%e2%81%93-danmei-bl-asiaticas-2-%f0%9f%8e%80-%f0%9f%8d%a7%f0%9f%92%9e\/\" target=\"_blank\" rel=\"noopener\">\u3014 Especial \u3015 \u2506 Novelas \u2053 Danmei \/ BL asiaticas (2)<\/a> \ud83c\udf80 \ud83c\udf67\ud83d\udc9e<\/p>\n<p>\n\u09f9 <a href=\"https:\/\/mundoletroso.com.ar\/blog\/libros-recomendados-y-leidos-por-bts\/\" target=\"_blank\" rel=\"noopener\">\u3014 Especial \u3015 \u2506 Libros recomendados y le\u00eddos por BTS<\/a> \ud83d\udc9c\ud83c\udfb6\u2728<\/p>\n<p>&nbsp;<\/p>\n<p>&nbsp;<\/p>\n","protected":false},"excerpt":{"rendered":"<p>&nbsp; &nbsp; &nbsp; Dejar\u00e9 en esta p\u00e1gina un \u00edndice de todos los especiales que vaya publicando para que puedan ingresar c\u00f3modamente y no tengan que ir busc\u00e1ndolas.\u00a0 &nbsp; Los especiales se tratan de colecciones de varios libros de alg\u00fan autor en particular, tem\u00e1ticas, manhuas, manhwas, mangas, danmei entre otras novelas asi\u00e1ticas tambi\u00e9n, etc. Son colecciones [&hellip;]<\/p>\n","protected":false},"author":1,"featured_media":0,"parent":0,"menu_order":0,"comment_status":"closed","ping_status":"closed","template":"","meta":{"footnotes":""},"class_list":["post-866","page","type-page","status-publish","hentry"],"_links":{"self":[{"href":"https:\/\/mundoletroso.com.ar\/blog\/wp-json\/wp\/v2\/pages\/866","targetHints":{"allow":["GET"]}}],"collection":[{"href":"https:\/\/mundoletroso.com.ar\/blog\/wp-json\/wp\/v2\/pages"}],"about":[{"href":"https:\/\/mundoletroso.com.ar\/blog\/wp-json\/wp\/v2\/types\/page"}],"author":[{"embeddable":true,"href":"https:\/\/mundoletroso.com.ar\/blog\/wp-json\/wp\/v2\/users\/1"}],"replies":[{"embeddable":true,"href":"https:\/\/mundoletroso.com.ar\/blog\/wp-json\/wp\/v2\/comments?post=866"}],"version-history":[{"count":4,"href":"https:\/\/mundoletroso.com.ar\/blog\/wp-json\/wp\/v2\/pages\/866\/revisions"}],"predecessor-version":[{"id":3621,"href":"https:\/\/mundoletroso.com.ar\/blog\/wp-json\/wp\/v2\/pages\/866\/revisions\/3621"}],"wp:attachment":[{"href":"https:\/\/mundoletroso.com.ar\/blog\/wp-json\/wp\/v2\/media?parent=866"}],"curies":[{"name":"wp","href":"https:\/\/api.w.org\/{rel}","templated":true}]}}