{"id":858,"date":"2025-11-26T13:49:00","date_gmt":"2025-11-26T13:49:00","guid":{"rendered":"https:\/\/mundoletroso.com.ar\/blog\/orden-de-lectura-universo-team-alpha-world-_-susi-hawke-crista-crown\/"},"modified":"2025-12-27T08:45:53","modified_gmt":"2025-12-27T11:45:53","slug":"orden-de-lectura-universo-team-alpha-world-_-susi-hawke-crista-crown","status":"publish","type":"page","link":"https:\/\/mundoletroso.com.ar\/blog\/orden-de-lectura-universo-team-alpha-world-_-susi-hawke-crista-crown\/","title":{"rendered":"[ORDEN DE LECTURA] Universo Team Alpha world _ Susi Hawke &#038; Crista Crown"},"content":{"rendered":"<div>\n<div>\n<div>\n<div><\/p>\n<div class=\"separator\" style=\"clear: both; text-align: center;\"><a style=\"margin-left: 1em; margin-right: 1em;\" href=\"https:\/\/i.postimg.cc\/fRdsb3qg\/UTAW-SHCC.png\"><img loading=\"lazy\" decoding=\"async\" src=\"https:\/\/i.postimg.cc\/fRdsb3qg\/UTAW-SHCC.png\" width=\"603\" height=\"340\" border=\"0\" data-original-height=\"721\" data-original-width=\"1280\" \/><\/a><\/div>\n<p>&nbsp;<\/p>\n<div dir=\"ltr\" style=\"background-color: white; color: #303030; , trebuchet, sans-serif;font-size: 14.3px;\">\n<div style=\"text-align: center;\"><span style=\"color: #6aa84f; font-family: Kalam; font-size: large;\"><u>ORDEN DE LECTURA<\/u><\/span><span style=\"font-size: large;\"><span style=\"font-family: Kalam;\"><br \/>\n<span style=\"color: #6aa84f;\"><u>TEAM ALPHA WORLD<\/u><\/span><\/span><\/span><\/div>\n<div style=\"text-align: center;\"><b><span style=\"color: orange;\">\u00a0<\/span><\/b><\/div>\n<div style=\"text-align: center;\">\n<p class=\"alert alert-info\" style=\"background-color: #d1ecf1; border-radius: 4px; color: #0c5460; font-family: Helvetica, sans-serif; font-size: 0.85rem; padding: 15px;\">(Ultima actualizaci\u00f3n 27\/12\/2025)<\/p>\n<\/div>\n<\/div>\n<div style=\"background-color: white; color: #303030; , trebuchet, sans-serif;font-size: 14.3px; text-align: center;\">\u00a0<\/div>\n<div style=\"background-color: white; color: #303030; , trebuchet, sans-serif;font-size: 14.3px; text-align: center;\">\u00a0<\/div>\n<div style=\"background-color: white; color: #303030; , trebuchet, sans-serif;font-size: 14.3px;\">\n<div><span style=\"font-family: Catamaran; font-size: 17px;\">\ud83d\udce2 Aqu\u00ed no se traduce ning\u00fan libro, no nos hacemos responsables de la manera en que son traducidos o corregidos por las personas o grupos que comparten el contenido.<\/span><\/div>\n<div>\u00a0<\/div>\n<div><span style=\"font-family: Catamaran; font-size: 17px;\">\ud83d\udcd7Si se publican mas libros o cuando ya est\u00e9n en el blog&#8230; aqu\u00ed se actualizar\u00e1.\u00a0<\/span><\/div>\n<div>\u00a0<\/div>\n<div>\u00a0<\/div>\n<div><span style=\"font-family: Catamaran; font-size: 17px;\"><img loading=\"lazy\" decoding=\"async\" class=\"f-panzoom__content f-lazyload is-lazyloaded\" src=\"https:\/\/i.postimg.cc\/wvWpXCCT\/pandcom.gif\" alt=\"Image #115\" width=\"78\" height=\"78\" \/> \u00a0<span style=\"color: #cc0000;\"><b>[Los libros en rojo son los que aun no est\u00e1n disponibles en espa\u00f1ol o aun no son publicados por el autor].<\/b><\/span><\/span><\/div>\n<\/div>\n<div style=\"background-color: white; color: #303030; , trebuchet, sans-serif;font-size: 14.3px;\">\u00a0<\/div>\n<div style=\"background-color: white; color: #303030; , trebuchet, sans-serif;font-size: 14.3px;\">\u00a0<\/div>\n<p style=\"background-color: white; color: #303030;\"><span style=\"font-family: Catamaran; font-size: 20px;\"><b><span style=\"color: #76a5af;\">Series que componen:<\/span><\/b><\/span><\/p>\n<p><span style=\"font-family: Barlow Condensed; font-size: medium;\"><span style=\"font-family: Catamaran; font-size: 20px;\">\ud83c\udf52\u00a0<a href=\"https:\/\/mundoletroso.com.ar\/blog\/2025\/06\/07\/team-a-l-p-h-a-_-susi-hawke-crista-crown-team-alpha-world-espanol\/\">Team A.L.P.H.A.<\/a><\/span><br \/>\n<span style=\"font-family: Catamaran; font-size: 20px;\">\ud83c\udf52\u00a0<a href=\"https:\/\/mundoletroso.com.ar\/blog\/2025\/06\/07\/alphabits-_-susi-hawke-crista-crown-team-alpha-world-espanol\/\">Alphabits<\/a><\/span><br \/>\n<span style=\"font-family: Catamaran; font-size: 20px;\">\ud83c\udf52\u00a0<a href=\"https:\/\/mundoletroso.com.ar\/blog\/2025\/06\/07\/the-family-novak-_-susi-hawke-crista-crown-team-alpha-world-espanol\/\">The Family Novak<\/a><\/span><br \/>\n<span style=\"font-family: Catamaran; font-size: 20px;\">\ud83c\udf52\u00a0<a href=\"https:\/\/mundoletroso.com.ar\/blog\/2025\/06\/08\/knotted-paths-_-susi-hawke-crista-crown-team-alpha-world-espanol\/\">Knotted Paths<\/a><\/span><br \/>\n<span style=\"font-family: Catamaran; font-size: 20px;\">\ud83c\udf52\u00a0<\/span><a href=\"https:\/\/mundoletroso.com.ar\/blog\/2025\/06\/08\/stahp-_-susi-hawke-crista-crown-team-alpha-world-espanol\/\"><span style=\"font-family: Catamaran; font-size: 20px;\">STAHP<\/span><\/a><\/span><\/div>\n<\/div>\n<\/div>\n<\/div>\n<p>&nbsp;<\/p>\n<p><span style=\"font-size: 17px; color: #33cccc; font-family: Catamaran;\"><b>1 \u2192 Team A.L.P.H.A.<\/b><\/span><\/p>\n<ul style=\"text-align: left;\">\n<li><span style=\"font-size: 17px; font-family: Catamaran;\">Grabbed<\/span><\/li>\n<li><span style=\"font-size: 17px; font-family: Catamaran;\">Taken<\/span><\/li>\n<li><span style=\"font-size: 17px; font-family: Catamaran;\">Struck<\/span><\/li>\n<li><span style=\"font-size: 17px; font-family: Catamaran;\">Hacked<\/span><\/li>\n<li><span style=\"font-size: 17px; font-family: Catamaran;\">Stolen<\/span><\/li>\n<li><span style=\"font-size: 17px; font-family: Catamaran;\">Hidden<\/span><\/li>\n<li><span style=\"font-size: 17px; font-family: Catamaran;\">Epilogues<\/span><\/li>\n<li><span style=\"font-size: 17px; font-family: Catamaran;\">Decked<\/span><\/li>\n<li><span style=\"font-size: 17px; font-family: Catamaran;\">Extra team alpha\u00a0<\/span><\/li>\n<\/ul>\n<p><span style=\"font-size: 17px; color: #33cccc; font-family: Catamaran;\"><b>2 \u2192 Alphabits<\/b><\/span><\/p>\n<ul style=\"text-align: left;\">\n<li><span style=\"font-size: 17px; font-family: Catamaran;\">Rescued<\/span><\/li>\n<li><span style=\"font-size: 17px; font-family: Catamaran;\">Abduction<\/span><\/li>\n<li><span style=\"font-size: 17px; font-family: Catamaran;\">Conversion<\/span><\/li>\n<li><span style=\"font-size: 17px; font-family: Catamaran;\">Chained<\/span><\/li>\n<li><span style=\"font-size: 17px; font-family: Catamaran;\">Twisted<\/span><\/li>\n<li><span style=\"font-size: 17px; font-family: Catamaran;\">Silenced<\/span><\/li>\n<li><span style=\"font-size: 17px; font-family: Catamaran;\">Fraught<\/span><\/li>\n<li><span style=\"font-size: 17px; font-family: Catamaran;\">Epilogues<\/span><\/li>\n<\/ul>\n<p><span style=\"font-size: 17px; color: #33cccc; font-family: Catamaran;\"><b>\u00a03 \u2192 The Family Novak<\/b><\/span><\/p>\n<ul style=\"text-align: left;\">\n<li><span style=\"font-size: 17px; font-family: Catamaran;\">Family Ties<\/span><\/li>\n<li><span style=\"font-size: 17px; font-family: Catamaran;\">Ties That Bind<\/span><\/li>\n<li><span style=\"font-size: 17px; font-family: Catamaran;\">Trivial Ties<\/span><\/li>\n<li><span style=\"font-size: 17px; font-family: Catamaran;\">Sticky Ties<\/span><\/li>\n<li><span style=\"font-size: 17px; font-family: Catamaran;\">Crossing Ties<\/span><\/li>\n<li><span style=\"font-size: 17px; font-family: Catamaran;\">Tied and Laced\u00a0<\/span><\/li>\n<\/ul>\n<p><span style=\"font-size: 17px; color: #33cccc; font-family: Catamaran;\"><b>4 \u2192 Knotted Paths<\/b><\/span><\/p>\n<ul style=\"text-align: left;\">\n<li><span style=\"font-size: 17px; font-family: Catamaran;\">Ready or Knot<\/span><\/li>\n<li><span style=\"font-size: 17px; font-family: Catamaran;\">Knot Afraid<\/span><\/li>\n<li><span style=\"font-size: 17px; font-family: Catamaran;\">Knot Alone<\/span><\/li>\n<li><span style=\"font-size: 17px; font-family: Catamaran;\">Knot Again<\/span><\/li>\n<li><span style=\"font-size: 17px; font-family: Catamaran;\">Knot Likely\u00a0<\/span><\/li>\n<\/ul>\n<p><span style=\"font-size: 17px; color: #33cccc; font-family: Catamaran;\"><b>\u00a05 \u2192 STAHP<\/b><\/span><\/p>\n<ul style=\"text-align: left;\">\n<li><span style=\"font-size: 17px; font-family: Catamaran;\">Don&#8217;t STAHP Believing<\/span><\/li>\n<li><span style=\"font-size: 17px; font-family: Catamaran;\">STAHP, Collaborate and Listen<\/span><\/li>\n<li><span style=\"font-size: 17px; font-family: Catamaran;\">Don&#8217;t STAHP Me Now<\/span><\/li>\n<li><span style=\"font-size: 17px; font-family: Catamaran;\">STAHP in the Name of Love<\/span><\/li>\n<li><span style=\"font-size: medium;\"><span style=\"font-family: Merienda;\"><span style=\"font-family: Catamaran; font-size: 17px;\">Nothing&#8217;s Gonna STAHP Us\u00a0<\/span><\/span><\/span><b style=\"color: red;\"><i><span style=\"font-size: medium;\"><span style=\"font-family: Merienda;\"><br \/>\n<\/span><\/span><br \/>\n<\/i><\/b><b style=\"color: red;\"><i><\/p>\n<p><\/i><\/b><\/p>\n<div>\n<div>\u00a0<\/div>\n<div>\u00a0<\/div>\n<div style=\"font-style: italic; text-align: center;\">\u2014\u2014\u2014\u2014\u2014\u2014\u2014\u2014\u2014\u2014\u2014\u2014 \uff08\uffe3\ufe36\uffe3\uff09\u2197 \u2014\u2014\u2014\u2014\u2014\u2014\u2014\u2014\u2014\u2014\u2014\u2014\u3000<\/div>\n<div style=\"color: #cc0000; text-align: center;\"><b>\u00a0<\/b><\/div>\n<div style=\"color: #cc0000; text-align: center;\"><b>\u00a0<\/b><\/div>\n<div style=\"color: #cc0000; text-align: center;\"><b>\u00a0<\/b><\/div>\n<div style=\"text-align: center;\"><b><span style=\"color: #351c75;\">\ud83d\udc9fRecuerden que los libros que aparezcan en\u00a0<\/span><span style=\"color: red;\">rojo<\/span><span style=\"color: #351c75;\">\u00a0es porque aun no esta disponible, se actualizar\u00e1n a medida que los consiga y los suba al blog.<\/span><\/b><\/div>\n<\/div>\n<p><b style=\"color: red;\"><i>\u00a0<\/i><\/b><\/li>\n<\/ul>\n","protected":false},"excerpt":{"rendered":"<p>&nbsp; ORDEN DE LECTURA TEAM ALPHA WORLD \u00a0 (Ultima actualizaci\u00f3n 27\/12\/2025) \u00a0 \u00a0 \ud83d\udce2 Aqu\u00ed no se traduce ning\u00fan libro, no nos hacemos responsables de la manera en que son traducidos o corregidos por las personas o grupos que comparten el contenido. \u00a0 \ud83d\udcd7Si se publican mas libros o cuando ya est\u00e9n en el blog&#8230; [&hellip;]<\/p>\n","protected":false},"author":1,"featured_media":0,"parent":0,"menu_order":0,"comment_status":"closed","ping_status":"closed","template":"","meta":{"footnotes":""},"class_list":["post-858","page","type-page","status-publish","hentry"],"_links":{"self":[{"href":"https:\/\/mundoletroso.com.ar\/blog\/wp-json\/wp\/v2\/pages\/858","targetHints":{"allow":["GET"]}}],"collection":[{"href":"https:\/\/mundoletroso.com.ar\/blog\/wp-json\/wp\/v2\/pages"}],"about":[{"href":"https:\/\/mundoletroso.com.ar\/blog\/wp-json\/wp\/v2\/types\/page"}],"author":[{"embeddable":true,"href":"https:\/\/mundoletroso.com.ar\/blog\/wp-json\/wp\/v2\/users\/1"}],"replies":[{"embeddable":true,"href":"https:\/\/mundoletroso.com.ar\/blog\/wp-json\/wp\/v2\/comments?post=858"}],"version-history":[{"count":6,"href":"https:\/\/mundoletroso.com.ar\/blog\/wp-json\/wp\/v2\/pages\/858\/revisions"}],"predecessor-version":[{"id":3322,"href":"https:\/\/mundoletroso.com.ar\/blog\/wp-json\/wp\/v2\/pages\/858\/revisions\/3322"}],"wp:attachment":[{"href":"https:\/\/mundoletroso.com.ar\/blog\/wp-json\/wp\/v2\/media?parent=858"}],"curies":[{"name":"wp","href":"https:\/\/api.w.org\/{rel}","templated":true}]}}