{"id":851,"date":"2020-01-15T05:23:00","date_gmt":"2020-01-15T05:23:00","guid":{"rendered":"https:\/\/mundoletroso.com.ar\/blog\/contrasena\/"},"modified":"2025-12-04T18:10:02","modified_gmt":"2025-12-04T18:10:02","slug":"contrasena","status":"publish","type":"page","link":"https:\/\/mundoletroso.com.ar\/blog\/contrasena\/","title":{"rendered":"\u00a1Contrase\u00f1a!"},"content":{"rendered":"<p><span style=\"font-family: Barlow Condensed; font-size: large;\"><span style=\"color: magenta;\"><b>Aqu\u00ed abajo tienes la Contrase\u00f1a necesaria para<\/b><\/span><br \/>\n<span style=\"color: magenta;\"><b>descomprimir los archivos RAR que obtengas.<\/b><\/span><\/span><\/p>\n<div class=\"separator\" style=\"clear: both; text-align: center;\"><\/div>\n<p><span style=\"color: red; font-size: large;\"><span style=\"color: blue; font-size: large;\">CONTRASE\u00d1A:<\/span><b style=\"color: red; font-size: xx-large;\"> MUNDO_LETROSO<\/b><\/span><\/p>\n","protected":false},"excerpt":{"rendered":"<p>Aqu\u00ed abajo tienes la Contrase\u00f1a necesaria para descomprimir los archivos RAR que obtengas. CONTRASE\u00d1A: MUNDO_LETROSO<\/p>\n","protected":false},"author":1,"featured_media":0,"parent":0,"menu_order":0,"comment_status":"closed","ping_status":"closed","template":"","meta":{"footnotes":""},"class_list":["post-851","page","type-page","status-publish","hentry"],"_links":{"self":[{"href":"https:\/\/mundoletroso.com.ar\/blog\/wp-json\/wp\/v2\/pages\/851","targetHints":{"allow":["GET"]}}],"collection":[{"href":"https:\/\/mundoletroso.com.ar\/blog\/wp-json\/wp\/v2\/pages"}],"about":[{"href":"https:\/\/mundoletroso.com.ar\/blog\/wp-json\/wp\/v2\/types\/page"}],"author":[{"embeddable":true,"href":"https:\/\/mundoletroso.com.ar\/blog\/wp-json\/wp\/v2\/users\/1"}],"replies":[{"embeddable":true,"href":"https:\/\/mundoletroso.com.ar\/blog\/wp-json\/wp\/v2\/comments?post=851"}],"version-history":[{"count":3,"href":"https:\/\/mundoletroso.com.ar\/blog\/wp-json\/wp\/v2\/pages\/851\/revisions"}],"predecessor-version":[{"id":2298,"href":"https:\/\/mundoletroso.com.ar\/blog\/wp-json\/wp\/v2\/pages\/851\/revisions\/2298"}],"wp:attachment":[{"href":"https:\/\/mundoletroso.com.ar\/blog\/wp-json\/wp\/v2\/media?parent=851"}],"curies":[{"name":"wp","href":"https:\/\/api.w.org\/{rel}","templated":true}]}}