{"id":849,"date":"2025-03-16T04:54:00","date_gmt":"2025-03-16T04:54:00","guid":{"rendered":"https:\/\/mundoletroso.com.ar\/blog\/orden-de-lectura-del-universo-mayhem-_-multiautores-%e2%9c%a8-actualizacion-abril-2025\/"},"modified":"2026-04-04T21:36:52","modified_gmt":"2026-04-05T00:36:52","slug":"orden-de-lectura-del-universo-mayhem-_-multiautores","status":"publish","type":"page","link":"https:\/\/mundoletroso.com.ar\/blog\/orden-de-lectura-del-universo-mayhem-_-multiautores\/","title":{"rendered":"Orden de lectura Universo Mayhem _ Multiautores \u2728 [Actualizaci\u00f3n MARZO 2026]"},"content":{"rendered":"<p>&nbsp;<\/p>\n<div class=\"separator\" style=\"clear: both; text-align: center;\"><a style=\"margin-left: 1em; margin-right: 1em;\" href=\"https:\/\/i.postimg.cc\/0jgHcdTD\/ODLUM.png\"><img loading=\"lazy\" decoding=\"async\" src=\"https:\/\/i.postimg.cc\/0jgHcdTD\/ODLUM.png\" width=\"531\" height=\"299\" border=\"0\" data-original-height=\"721\" data-original-width=\"1280\" \/><\/a><\/div>\n<p>&nbsp;<\/p>\n<div dir=\"ltr\" style=\"background-color: white; color: #303030; , trebuchet, sans-serif;font-size: 14.3px;\">\n<div style=\"text-align: center;\"><span style=\"color: orange;\"><span style=\"font-size: large;\"><u>ORDEN DE LECTURA DEL UNIVERSO MAYHEM<\/u>\u00a0<br \/>\n(Diversos autores)<\/span><\/span><\/div>\n<div style=\"text-align: center;\"><b><span style=\"color: orange;\">\u00a0<\/span><\/b><\/div>\n<div style=\"text-align: center;\"><b><span style=\"color: orange;\">\u00a0<\/span><\/b><\/div>\n<div style=\"text-align: center;\">\n<p class=\"alert alert-info\" style=\"background-color: #d1ecf1; border-radius: 4px; color: #0c5460; font-family: Helvetica, sans-serif; font-size: 0.85rem; padding: 15px;\">(Ultima actualizaci\u00f3n 23\/03\/2025)<\/p>\n<\/div>\n<\/div>\n<div style=\"background-color: white; color: #303030; , trebuchet, sans-serif;font-size: 14.3px; text-align: center;\">\u00a0<\/div>\n<p style=\"background-color: white; color: #303030; , trebuchet, sans-serif;font-size: 14.3px;\"><span style=\"font-family: Catamaran; font-size: 20px; color: #339966;\"><u><b>Series que componen este universo:<\/b><\/u><\/span><\/p>\n<p style=\"background-color: white;\"><span style=\"font-family: Catamaran; font-size: 20px;\">\u2666\u00a0<a href=\"https:\/\/mundoletroso.com.ar\/blog\/2024\/11\/18\/mafia-daddies-_-skyler-snow-%c2%a6-universo-mayhem-espanol\/\">Mafia Daddies<\/a><\/span><br \/>\n<span style=\"font-family: Catamaran; font-size: 20px;\">\u2666\u00a0<a href=\"https:\/\/mundoletroso.com.ar\/blog\/2024\/12\/27\/ruthless-daddies-_-multiautor-%c2%a6-universo-mayhem-espanol\/\">Ruthless Daddies<\/a><\/span><br \/>\n<span style=\"font-family: Catamaran; font-size: 20px;\">\u2666\u00a0<a href=\"https:\/\/mundoletroso.com.ar\/blog\/2025\/03\/07\/vitale-brothers-brea-alepou-skyler-snow-%c2%a6-universo-mayhem-espanol\/\">Vitale Brothers<\/a><\/span><br \/>\n<span style=\"font-family: Catamaran; font-size: 20px;\">\u2666\u00a0<a href=\"https:\/\/mundoletroso.com.ar\/blog\/2025\/04\/06\/corrupt-cupid-_-multiautor-%c2%a6-universo-mayhem-espanol\/\">Corrupt Cupid<\/a><\/span><br \/>\n<span style=\"font-family: Catamaran; font-size: 20px;\">\u2666\u00a0<a href=\"https:\/\/mundoletroso.com.ar\/blog\/2025\/04\/06\/ruthless-daddies-2-_-multiautor-%c2%a6-universo-mayhem-espanol\/\">Ruthless Daddies 2<\/a><\/span><br \/>\n<span style=\"font-family: Catamaran; font-size: 20px;\">\u2666\u00a0<a href=\"https:\/\/mundoletroso.com.ar\/blog\/2025\/04\/07\/the-hitters-mc-club-_-skyler-snow-%c2%a6-universo-mayhem-espanol\/\">The Hitters MC Club<\/a><\/span><br \/>\n<span style=\"font-family: Catamaran; font-size: 20px;\">\u2666\u00a0<span style=\"color: #ff0000;\"><em>Standalone<br \/>\n<\/em><\/span><em><span style=\"font-family: Catamaran;\"><i>\u2666 <\/i><\/span><\/em><span style=\"color: #ff0000;\"><em><span style=\"color: red; font-family: Catamaran; font-size: 20px;\"><i>Marino Family<\/i><\/span><br \/>\n<\/em><\/span><\/span><\/p>\n<p>&nbsp;<\/p>\n<div dir=\"ltr\" style=\"background-color: white; color: #303030; , trebuchet, sans-serif;font-size: 14.3px;\">\n<div style=\"text-align: justify;\"><span style=\"font-family: Catamaran; font-size: 17px;\"><b>\u2705<\/b>Se recomienda seguir el orden de lectura dispuesto por los autores para entender muchos acontecimientos entre libros y detalles del tiempo cronol\u00f3gico que ayudaran a comprender mejor la trama general de este universo y algunos detalles espec\u00edficos de cada personaje. Si bien cada \u00abserie\u00bb de libros tiene sus personajes y sus historias propias siempre se entrelazan con los dem\u00e1s series de alguna manera.<\/span><\/div>\n<div style=\"text-align: justify;\">\u00a0<\/div>\n<div style=\"text-align: justify;\"><span style=\"font-family: Catamaran; font-size: 17px;\"><b>\u2705<\/b>\u00a0Este orden de lectura lo mantendr\u00e9 actualizado siempre que encuentre novedades. Aun as\u00ed las traducciones al espa\u00f1ol se toman su tiempo <u>indeterminado<\/u> en realizarse as\u00ed que no podemos asegurar cuanto demorar\u00e1n los grupos de traductores en finalizar y compartir los libros para yo poder traerlo al blog, sepan comprender y tener paciencia, no me pregunten sobre tiempos estimados porque es informaci\u00f3n ajena que no conozco. Si abandonan alguna traducci\u00f3n lamentablemente quedar\u00e1 inconclusa hasta que alguien lo retome.<\/span><\/div>\n<div style=\"text-align: justify;\">\u00a0<\/div>\n<\/div>\n<div dir=\"ltr\" style=\"background-color: white; color: #303030; , trebuchet, sans-serif;font-size: 14.3px; text-align: justify;\"><span style=\"font-family: Catamaran; font-size: 17px;\">\ud83d\udce2 Aqu\u00ed no se traduce ning\u00fan libro, no nos hacemos responsables de la manera en que son traducidos o corregidos por las personas o grupos que comparten el contenido.<\/span><\/div>\n<div dir=\"ltr\" style=\"background-color: white; color: #303030; , trebuchet, sans-serif;font-size: 14.3px;\">\u00a0<\/div>\n<div dir=\"ltr\" style=\"background-color: white; color: #303030; , trebuchet, sans-serif;font-size: 14.3px;\">\u00a0<\/div>\n<div dir=\"ltr\" style=\"background-color: white; , trebuchet, sans-serif;font-size: 14.3px;\"><span style=\"font-family: Catamaran; font-size: 17px;\"><i><b><span style=\"color: #38761d;\">[Recuerden, los libros en <\/span><span style=\"color: red;\">rojo<\/span><span style=\"color: #38761d;\"> son libros que no tenemos aun en el blog, si la serie tiene mas libros y aqu\u00ed no est\u00e1n enumerados es porque pueden leerlos independientemente del universo y seguir el orden normal pautado que se encuentra en su respectiva publicaci\u00f3n en el blog].<\/span><\/b><\/i><\/span><\/div>\n<div dir=\"ltr\" style=\"background-color: white; , trebuchet, sans-serif;font-size: 14.3px;\"><i><b><span style=\"color: #38761d;\">\u00a0<\/span><\/b><\/i><\/div>\n<div dir=\"ltr\" style=\"background-color: white; , trebuchet, sans-serif;font-size: 14.3px;\"><i><b><span style=\"color: #38761d;\">\u00a0<\/span><\/b><\/i><\/div>\n<p><span style=\"font-family: Catamaran; font-size: 17px;\">1. Break Me Daddy &#8211; Mafia Daddies <\/span><br \/>\n<span style=\"font-family: Catamaran; font-size: 17px;\">2. Fight Me Daddy &#8211; Mafia Daddies <\/span><br \/>\n<span style=\"font-family: Catamaran; font-size: 17px;\">3. Cold &#8211; Ruthless Daddies<\/span><br \/>\n<span style=\"font-family: Catamaran; font-size: 17px;\">4. Watch Me Daddy &#8211; Mafia Daddies<\/span><br \/>\n<span style=\"font-family: Catamaran; font-size: 17px;\">5. Savage &#8211; Ruthless Daddies<\/span><br \/>\n<span style=\"font-family: Catamaran; font-size: 17px;\">6. Take Me Apart &#8211; Vitale Brothers<\/span><br \/>\n<span style=\"font-family: Catamaran; font-size: 17px;\">7. Paid in full &#8211; Vitale Brothers<\/span><br \/>\n<span style=\"font-family: Catamaran; font-size: 17px;\">8. Say I Do &#8211; Vitale Brothers<\/span><br \/>\n<span style=\"font-family: Catamaran; font-size: 17px;\">9. Be Mine Cruel Valentines &#8211; Corrupt Cupid<\/span><br \/>\n<span style=\"font-family: Catamaran; font-size: 17px;\">10. Problems &#8211; Ruthless Daddies 2<\/span><br \/>\n<span style=\"font-family: Catamaran; font-size: 17px;\">11. Bad Habits &#8211; The Hitters MC Club<\/span><br \/>\n<span style=\"font-family: Catamaran; font-size: 17px;\">12. No Good &#8211; The Hitters MC Club<\/span><br \/>\n<span style=\"font-family: Catamaran; font-size: 17px;\">13. Never Say Never &#8211; Vitale Brothers<\/span><br \/>\n<span style=\"font-family: Catamaran; font-size: 17px;\">14. End it All &#8211; Vitale Brothers<\/span><br \/>\n<strong><span style=\"color: red; font-family: Catamaran; font-size: 17px;\"><i>15. Mafia Break In &#8211; Standalone<br \/>\n16. Blood &amp; Lace &#8211; Marino Family<br \/>\n<\/i><\/span><\/strong><span style=\"font-family: Catamaran; font-size: 17px;\">17. Always the Villain &#8211; Vitale Brothers<\/span><\/p>\n<div><span style=\"color: red;\"><i>\u00a0<\/i><\/span><\/div>\n<div>\n<div dir=\"ltr\" style=\"background-color: white; color: #303030; , trebuchet, sans-serif;font-size: 14.3px;\">\n<div style=\"text-align: center;\">\u00a0<\/div>\n<div style=\"text-align: center;\">\u00a0<\/div>\n<div style=\"text-align: center;\">\u2014\u2014\u2014\u2014\u2014\u2014\u2014\u2014\u2014\u2014\u2014\u2014 \uff08\uffe3\ufe36\uffe3\uff09\u2197 \u2014\u2014\u2014\u2014\u2014\u2014\u2014\u2014\u2014\u2014\u2014\u2014\u3000\u00a0<\/div>\n<\/div>\n<div dir=\"ltr\" style=\"background-color: white; color: #303030; , trebuchet, sans-serif;font-size: 14.3px;\">\u00a0<\/div>\n<div dir=\"ltr\" style=\"background-color: white; color: #303030; , trebuchet, sans-serif;font-size: 14.3px;\">\u00a0<\/div>\n<div dir=\"ltr\" style=\"background-color: white; color: #303030; , trebuchet, sans-serif;font-size: 14.3px;\"><\/p>\n<div><span style=\"background-color: #ead1dc; font-size: large;\"><span style=\"color: #c27ba0;\">\ud83d\udc9f<\/span><span style=\"color: #741b47;\">Recuerden que los libros que aparezcan\u00a0<\/span><strong><span style=\"color: red;\"><i>en rojo<\/i><\/span><\/strong><span style=\"color: #741b47;\">\u00a0es porque aun no esta disponible, se actualizar\u00e1n a medida que los consiga y los suba.<\/span><\/span><\/div>\n<\/div>\n<\/div>\n","protected":false},"excerpt":{"rendered":"<p>&nbsp; &nbsp; ORDEN DE LECTURA DEL UNIVERSO MAYHEM\u00a0 (Diversos autores) \u00a0 \u00a0 (Ultima actualizaci\u00f3n 23\/03\/2025) \u00a0 Series que componen este universo: \u2666\u00a0Mafia Daddies \u2666\u00a0Ruthless Daddies \u2666\u00a0Vitale Brothers \u2666\u00a0Corrupt Cupid \u2666\u00a0Ruthless Daddies 2 \u2666\u00a0The Hitters MC Club \u2666\u00a0Standalone \u2666 Marino Family &nbsp; \u2705Se recomienda seguir el orden de lectura dispuesto por los autores para entender muchos [&hellip;]<\/p>\n","protected":false},"author":1,"featured_media":0,"parent":0,"menu_order":0,"comment_status":"closed","ping_status":"closed","template":"","meta":{"footnotes":""},"class_list":["post-849","page","type-page","status-publish","hentry"],"_links":{"self":[{"href":"https:\/\/mundoletroso.com.ar\/blog\/wp-json\/wp\/v2\/pages\/849","targetHints":{"allow":["GET"]}}],"collection":[{"href":"https:\/\/mundoletroso.com.ar\/blog\/wp-json\/wp\/v2\/pages"}],"about":[{"href":"https:\/\/mundoletroso.com.ar\/blog\/wp-json\/wp\/v2\/types\/page"}],"author":[{"embeddable":true,"href":"https:\/\/mundoletroso.com.ar\/blog\/wp-json\/wp\/v2\/users\/1"}],"replies":[{"embeddable":true,"href":"https:\/\/mundoletroso.com.ar\/blog\/wp-json\/wp\/v2\/comments?post=849"}],"version-history":[{"count":6,"href":"https:\/\/mundoletroso.com.ar\/blog\/wp-json\/wp\/v2\/pages\/849\/revisions"}],"predecessor-version":[{"id":3650,"href":"https:\/\/mundoletroso.com.ar\/blog\/wp-json\/wp\/v2\/pages\/849\/revisions\/3650"}],"wp:attachment":[{"href":"https:\/\/mundoletroso.com.ar\/blog\/wp-json\/wp\/v2\/media?parent=849"}],"curies":[{"name":"wp","href":"https:\/\/api.w.org\/{rel}","templated":true}]}}