{"id":847,"date":"2022-07-17T02:35:00","date_gmt":"2022-07-17T02:35:00","guid":{"rendered":"https:\/\/mundoletroso.com.ar\/blog\/orden-de-lectura-del-universo-thirds-charlie-cochet-noviembre-2025\/"},"modified":"2025-12-06T16:56:31","modified_gmt":"2025-12-06T19:56:31","slug":"orden-de-lectura-del-universo-thirds-charlie-cochet","status":"publish","type":"page","link":"https:\/\/mundoletroso.com.ar\/blog\/orden-de-lectura-del-universo-thirds-charlie-cochet\/","title":{"rendered":"Orden de lectura del Universo THIRDS &#8211; Charlie Cochet [Noviembre 2025]"},"content":{"rendered":"<p><a style=\"margin-left: 1em; margin-right: 1em; text-align: center;\" href=\"https:\/\/i.imgur.com\/igJSXwz.png\"><img loading=\"lazy\" decoding=\"async\" class=\"aligncenter\" src=\"https:\/\/i.imgur.com\/igJSXwz.png\" width=\"640\" height=\"362\" border=\"0\" \/><\/a><\/p>\n<p style=\"text-align: center;\"><b style=\"color: #606060; , trebuchet, sans-serif;font-size: 14.3px;\"><span style=\"color: orange;\">\u00a0<\/span><\/b><\/p>\n<p style=\"text-align: center;\"><b style=\"color: #606060; , trebuchet, sans-serif;font-size: 14.3px;\"><span style=\"color: orange;\">ORDEN DE LECTURA DEL UNIVERSO THIRDS &#8211; CHARLIE COCHET<\/span><\/b><\/p>\n<div style=\"background-color: white; color: #606060; , trebuchet, sans-serif;font-size: 14.3px; text-align: center;\">(Ultima actualizaci\u00f3n 25\/11\/2025)<\/div>\n<div style=\"background-color: white; color: #606060; , trebuchet, sans-serif;font-size: 14.3px; text-align: center;\">\u00a0<\/div>\n<div style=\"background-color: white; color: #606060; , trebuchet, sans-serif;font-size: 14.3px; text-align: center;\">\u00a0<\/div>\n<p><span style=\"font-family: Catamaran; font-size: 17px;\"><u style=\"background-color: white; color: #606060;\"><span style=\"color: #339966;\"><strong>Series que componen este universo:<\/strong><\/span><\/p>\n<p><\/u><\/span><\/p>\n<p><span style=\"color: #ffa400; font-family: Catamaran; font-size: 17px;\"><b><span style=\"background-color: white;\">&#8211;\u00a0<\/span><a href=\"https:\/\/mundoletroso.com.ar\/blog\/2022\/04\/16\/thirds-charlie-cochet-%e2%94%82-universo-thirds-espanol\/\">Thirds<\/a><br \/>\n<\/b><\/span><span style=\"color: #ffa400; font-family: Catamaran; font-size: 17px;\"><b>&#8211; <a href=\"https:\/\/mundoletroso.com.ar\/blog\/2022\/04\/16\/thirds-charlie-cochet-%e2%94%82-universo-thirds-espanol\/\" target=\"_blank\" rel=\"noopener\">Thirds Beyond the Books<\/a><br \/>\n<\/b><\/span><span style=\"color: #ffa400; font-family: Catamaran; font-size: 17px;\"><b>&#8211; <a href=\"https:\/\/mundoletroso.com.ar\/blog\/2022\/07\/17\/thirds-rebels-charlie-cochet-espanol-%e2%94%82-universo-thirds\/\" target=\"_blank\" rel=\"noopener\">Thirds: Rebels<\/a><br \/>\n<\/b><\/span><span style=\"color: #ffa400; font-family: Catamaran; font-size: 17px;\"><b>&#8211; <a href=\"https:\/\/mundoletroso.com.ar\/blog\/2022\/07\/17\/tin-charlie-cochet-espanol-%e2%94%82-universo-thirds\/\" target=\"_blank\" rel=\"noopener\">TIN<\/a><\/b><\/span><\/p>\n<p><span style=\"color: #ffa400; font-family: Catamaran; font-size: 17px;\"><b>\u00a0<\/b><\/span><\/p>\n<p><span style=\"font-family: Catamaran; font-size: 17px;\"><b style=\"background-color: white; color: #606060;\">**<\/b><span style=\"background-color: white; color: #606060;\">\u00a0Se recomienda seguir el orden de lectura dispuesto por el autor para entender muchos acontecimientos entre libros y detalles que ayudaran a entender la trama general de este universo y algunos detalles espec\u00edficos de cada personaje.\u00a0<\/span><\/span><br style=\"background-color: white; color: #606060; , trebuchet, sans-serif;font-size: 14.3px;\" \/><br \/>\n<br style=\"background-color: white; color: #606060; , trebuchet, sans-serif;font-size: 14.3px;\" \/><br \/>\n<span style=\"font-family: Catamaran; font-size: 17px;\"><b style=\"background-color: white; color: #606060;\">**<\/b><span style=\"background-color: white;\"><span style=\"color: #606060;\">\u00a0Este orden de lectura lo mantendr\u00e9 actualizado siempre que encuentre novedades. <\/span><br \/>\n<span style=\"color: #606060;\">Las traductores se toman tiempo indeterminado en traducir as\u00ed que no podemos asegurar cuanto demoraran en finalizar y compartir los libros para yo poder traerlo al blog. <\/span><br \/>\n<span style=\"color: #606060;\">Aqu\u00ed no se traduce ning\u00fan libro, no nos hacemos responsables de la manera en que son traducidos o corregidos por ellos y tampoco los conozco as\u00ed\u00a0que por favor no me pidan detalles o tiempos estimativos porque es una informaci\u00f3n que no tengo manera de saberla.<\/span><\/span><\/span><\/p>\n<p><span style=\"background-color: white; font-family: Catamaran; font-size: 17px;\"><span style=\"color: #606060;\">\u00a0<\/span><\/span><\/p>\n<p><span style=\"font-family: Catamaran; font-size: 17px;\">1. Hell &amp; High Water &#8211; [THIRDS]<\/span><br \/>\n<span style=\"font-family: Catamaran; font-size: 17px;\">2. Blood &amp; Thunder &#8211;\u00a0[THIRDS]<\/span><br \/>\n<span style=\"font-family: Catamaran; font-size: 17px;\">3. Rack &amp; Ruin &#8211;\u00a0[THIRDS]<\/span><br \/>\n<span style=\"font-family: Catamaran; font-size: 17px;\">4. Rise &amp; Fall &#8211;\u00a0[THIRDS]<\/span><br \/>\n<span style=\"font-family: Catamaran; font-size: 17px;\">5. Against the Grain &#8211;\u00a0[THIRDS]<\/span><br \/>\n<span style=\"font-family: Catamaran; font-size: 17px;\">6. Catch a Tiger by the Tail &#8211;\u00a0[THIRDS]<\/span><br \/>\n<span style=\"font-family: Catamaran; font-size: 17px;\">7. Smoke &amp; Mirrors &#8211;\u00a0[THIRDS]<\/span><br \/>\n<span style=\"font-family: Catamaran; font-size: 17px;\">8. Thick &amp; Thin &#8211;\u00a0[THIRDS]<\/span><br \/>\n<span style=\"font-family: Catamaran; font-size: 17px;\">9. Darkest Hour Before Dawn &#8211;\u00a0[THIRDS]<\/span><br \/>\n<span style=\"font-family: Catamaran; font-size: 17px;\">10. Gummy Bears &amp; Grenades &#8211;\u00a0[THIRDS]<\/span><br \/>\n<span style=\"font-family: Catamaran; font-size: 17px;\">11. Tried &amp; True &#8211;\u00a0[THIRDS]<\/span><br \/>\n<span style=\"font-family: Catamaran; font-size: 17px;\">12. Thirds BTB: Volume 1 &#8211; [THIRDS Beyond the Books]<\/span><br \/>\n<span style=\"font-family: Catamaran; font-size: 17px;\">13. Thirds BTB: Volume 2 &#8211;\u00a0[THIRDS Beyond the Books]<\/span><br \/>\n<span style=\"font-family: Catamaran; font-size: 17px;\">14. Love and Payne &#8211; [THIRDS: REBELS]<\/span><br \/>\n<span style=\"font-family: Catamaran; font-size: 17px;\">15. Gone But Not Forgotten &#8211; [TIN]<\/span><br \/>\n<span style=\"font-family: Catamaran; font-size: 17px;\">16.\u00a0Cold Light of Day &#8211;\u00a0[TIN]<\/span><\/p>\n<p>&nbsp;<\/p>\n<p><strong><em><span style=\"font-family: Catamaran; font-size: 17px; color: #ff0000;\">17. Go Down in Flames &#8211; [TIN] <\/span> <\/em><\/strong> <br \/>\n<!-- ITEM 2 --> <strong><em> <span style=\"font-family: Catamaran; font-size: 17px; color: #ff0000;\"> 18. Speak of the Devil &#8211; [TIN] <br \/>\n<\/span> <\/em><\/strong><\/p>\n<p>&nbsp;<\/p>\n<p><span style=\"font-size: 19px;\"> <!-- Aqu\u00ed us\u00e9 !important por si acaso el strong intenta cambiarlo --> <strong style=\"background-color: white; color: #606060;\"> Los libros en <span style=\"color: #ff0000 !important;\">ROJO<\/span> son los que aun no est\u00e1n las traducciones en espa\u00f1ol, todo los dem\u00e1s se encuentran ya publicados en el blog. <\/strong> <\/span><\/p>\n<p>&nbsp;<\/p>\n","protected":false},"excerpt":{"rendered":"<p>\u00a0 ORDEN DE LECTURA DEL UNIVERSO THIRDS &#8211; CHARLIE COCHET (Ultima actualizaci\u00f3n 25\/11\/2025) \u00a0 \u00a0 Series que componen este universo: &#8211;\u00a0Thirds &#8211; Thirds Beyond the Books &#8211; Thirds: Rebels &#8211; TIN \u00a0 **\u00a0Se recomienda seguir el orden de lectura dispuesto por el autor para entender muchos acontecimientos entre libros y detalles que ayudaran a entender [&hellip;]<\/p>\n","protected":false},"author":1,"featured_media":0,"parent":0,"menu_order":0,"comment_status":"closed","ping_status":"closed","template":"","meta":{"footnotes":""},"class_list":["post-847","page","type-page","status-publish","hentry"],"_links":{"self":[{"href":"https:\/\/mundoletroso.com.ar\/blog\/wp-json\/wp\/v2\/pages\/847","targetHints":{"allow":["GET"]}}],"collection":[{"href":"https:\/\/mundoletroso.com.ar\/blog\/wp-json\/wp\/v2\/pages"}],"about":[{"href":"https:\/\/mundoletroso.com.ar\/blog\/wp-json\/wp\/v2\/types\/page"}],"author":[{"embeddable":true,"href":"https:\/\/mundoletroso.com.ar\/blog\/wp-json\/wp\/v2\/users\/1"}],"replies":[{"embeddable":true,"href":"https:\/\/mundoletroso.com.ar\/blog\/wp-json\/wp\/v2\/comments?post=847"}],"version-history":[{"count":12,"href":"https:\/\/mundoletroso.com.ar\/blog\/wp-json\/wp\/v2\/pages\/847\/revisions"}],"predecessor-version":[{"id":2423,"href":"https:\/\/mundoletroso.com.ar\/blog\/wp-json\/wp\/v2\/pages\/847\/revisions\/2423"}],"wp:attachment":[{"href":"https:\/\/mundoletroso.com.ar\/blog\/wp-json\/wp\/v2\/media?parent=847"}],"curies":[{"name":"wp","href":"https:\/\/api.w.org\/{rel}","templated":true}]}}