{"id":843,"date":"2023-11-27T13:45:00","date_gmt":"2023-11-27T13:45:00","guid":{"rendered":"https:\/\/mundoletroso.com.ar\/blog\/como-aportar-contenido-como-hacer-un-pedido\/"},"modified":"2026-02-01T00:20:48","modified_gmt":"2026-02-01T03:20:48","slug":"como-aportar-contenido-como-hacer-un-pedido","status":"publish","type":"page","link":"https:\/\/mundoletroso.com.ar\/blog\/como-aportar-contenido-como-hacer-un-pedido\/","title":{"rendered":"\u00bfC\u00f3mo aportar contenido? &#8211; \u00bfC\u00f3mo hacer un pedido?"},"content":{"rendered":"<div class=\"separator\" style=\"clear: both; text-align: center;\"><span style=\"font-family: Merienda; font-size: 17px;\"><a style=\"margin-left: 1em; margin-right: 1em;\" href=\"https:\/\/i.postimg.cc\/02dN3qQC\/Banner-avisos-ML.gif\"><img loading=\"lazy\" decoding=\"async\" src=\"https:\/\/i.postimg.cc\/02dN3qQC\/Banner-avisos-ML.gif\" width=\"585\" height=\"293\" border=\"0\" data-original-height=\"640\" data-original-width=\"1280\" \/><\/a><\/span><\/div>\n<div class=\"separator\" style=\"clear: both; text-align: center;\">\u00a0<\/div>\n<div style=\"text-align: center;\">\n<p><span style=\"color: #e06666; font-family: Merienda; font-size: 17px;\"><span style=\"background-color: white; text-align: left;\">&#8212;-<\/span><span style=\"background-color: white; text-align: left;\">&#8212;-<\/span><span style=\"background-color: white; text-align: left;\">&#8212;-<\/span><span style=\"background-color: white; text-align: start;\">&#8212;&#8212;&#8211; \u226a \u00b0\u2740\u00b0 \u226b &#8212;&#8212;&#8211;<\/span><span style=\"background-color: white; text-align: left;\">&#8212;-<\/span><span style=\"background-color: white; text-align: left;\">&#8212;-<\/span><span style=\"background-color: white; text-align: left;\">&#8212;-<\/span><\/span><\/p>\n<p>&nbsp;<\/p>\n<\/div>\n<p class=\"MsoNormal\" style=\"background-color: white; text-align: center;\"><span style=\"font-family: Merienda; font-size: 17px;\"><b><span style=\"color: #e69138;\">COLABORA CON MUNDO LETROSO<\/span><br \/>\n<span style=\"color: #6fa8dc;\">PEDIDOS DE LIBROS &#8211; MANGAS<\/span><\/b><\/span><\/p>\n<p class=\"MsoNormal\" style=\"background-color: white; color: #303030; , trebuchet, sans-serif;font-size: 14.3px;\"><span style=\"font-size: 17px; font-family: Merienda;\">\u00a0<\/span><\/p>\n<p>&nbsp;<\/p>\n<div class=\"separator\" style=\"clear: both; text-align: center;\"><span style=\"color: #741b47; font-family: Merienda; font-size: 17px;\"><b><a style=\"clear: left; float: left; margin-bottom: 1em; margin-right: 1em;\" href=\"https:\/\/i.postimg.cc\/90cspSw3\/cooltext493242588428961.png\"><img loading=\"lazy\" decoding=\"async\" src=\"https:\/\/i.postimg.cc\/90cspSw3\/cooltext493242588428961.png\" width=\"648\" height=\"45\" border=\"0\" data-original-height=\"61\" data-original-width=\"889\" \/><\/a><\/b><\/span><\/div>\n<p><span style=\"color: #741b47; font-family: Merienda; font-size: 17px;\"><b>\u00a0<\/b><\/span><\/p>\n<p class=\"MsoNormal\" style=\"background-color: white;\"><span style=\"font-family: Merienda; font-size: 17px;\"><span style=\"color: #c27ba0;\"><b>Requisitos que debe cumplir:<\/b><\/span><\/span><\/p>\n<p><span style=\"font-family: Merienda; font-size: 17px;\"><span style=\"color: #303030;\">\ud83c\udf69Solo archivos en espa\u00f1ol, no importa quien lo haya traducido.<br \/>\n<\/span><span style=\"color: #303030;\">\ud83c\udf69Puede ser en cualquier formato: PDF &#8211; EPUB &#8211; PNG &#8211; JPEG, etc.<\/span><\/span><br \/>\n<span style=\"font-size: 17px; font-family: Merienda;\"><span style=\"color: #303030;\">\ud83c\udf69<\/span><span style=\"color: #303030;\">No me consulten si pueden o si lo quiero, env\u00eden directamente lo que desean compartir, todo se aprecia.<\/span><span style=\"color: #303030;\"><br \/>\n\ud83c\udf69<\/span><b><span style=\"color: #e69138;\">NO ENLACES, SOLO ARCHIVOS ADJUNTADOS! \u21b4<\/span><\/b><br \/>\n<span style=\"color: #303030;\">\u2757<\/span><span style=\"color: #303030;\">[<\/span><span style=\"color: #cc99ff;\"><b>\u00danica excepci\u00f3n:<\/b><\/span><i><span style=\"color: #303030;\"> si son muchos libros, podr\u00e1n compartirme una carpeta de\u00a0<\/span><b style=\"color: #303030;\"><span style=\"color: #38761d;\">Google Drive,<\/span><\/b><span style=\"color: #303030;\">\u00a0solo\u00a0<\/span><span style=\"color: #99ccff;\"><u><b>creada y compartida por ustedes mismos<\/b><\/u><\/span><span style=\"color: #303030;\"><span style=\"color: #99ccff;\">,<\/span>\u00a0<\/span><b><span style=\"color: red;\">NO de terceros<\/span><\/b><\/i><span style=\"color: #303030;\">].<br \/>\n<\/span><span style=\"color: #303030;\">\ud83c\udf69<\/span><span style=\"color: #303030;\">No hay limites de correos o mensajes enviados, no te preocupes.<\/span><\/span><\/p>\n<p class=\"MsoNormal\" style=\"background-color: white;\"><span style=\"font-family: Merienda; font-size: 17px;\"><span style=\"color: #303030;\"><br \/>\n<\/span><span style=\"color: #303030;\">\u2728<b><span style=\"color: #c27ba0;\">\u00daNICOS MEDIOS DE RECEPCI\u00d3N \u21b4<\/span><\/b><br \/>\n\u2192\u00a0<a style=\"color: #6411ff;\" href=\"mailto:mundoletroso@outlook.com\"><u><span class=\"15\" style=\"color: blue;\">mundoletroso@outlook.com<\/span><\/u><\/a><br \/>\n<\/span><span style=\"color: #303030;\">\u2192\u00a0<\/span><b><span style=\"color: #2b00fe;\">DM<\/span><\/b><span style=\"color: #303030;\">\u00a0en DC.<\/span><\/span><\/p>\n<p class=\"MsoNormal\" style=\"background-color: white; color: #303030;\"><span style=\"font-size: 17px; font-family: Merienda;\">\u00a0<\/span><\/p>\n<div class=\"separator\" style=\"clear: both; text-align: center;\"><span style=\"color: #741b47; font-family: Merienda; font-size: 17px;\"><b><u><a style=\"clear: left; float: left; margin-bottom: 1em; margin-right: 1em;\" href=\"https:\/\/i.postimg.cc\/FHfF3dQR\/cooltext493243038571374.png\"><img loading=\"lazy\" decoding=\"async\" src=\"https:\/\/i.postimg.cc\/FHfF3dQR\/cooltext493243038571374.png\" width=\"681\" height=\"38\" border=\"0\" data-original-height=\"61\" data-original-width=\"1088\" \/><\/a><\/u><\/b><\/span><\/div>\n<p>&nbsp;<\/p>\n<p class=\"MsoNormal\" style=\"background-color: white; color: #303030;\"><span style=\"font-family: Merienda; font-size: 17px;\"><b><span style=\"color: #674ea7;\">V\u00cdA DC<\/span><\/b><b><span style=\"color: #b45f06;\"><br \/>\n<\/span><\/b><\/span><\/p>\n<p><span style=\"font-family: Merienda; font-size: 17px;\">\u2728<span style=\"color: #c27ba0;\">\u00a0<\/span><b><span style=\"color: #c27ba0;\">A tener en cuenta<\/span><\/b><b> \u2192<\/b>\u00a0Si lo har\u00e1n por el Servidor, es obligatorio leer la\u00a0<b><span style=\"color: #6fa8dc;\"><u>publicaci\u00f3n fijada<\/u><\/span><\/b>\u00a0y seguir los criterios establecidos all\u00ed, as\u00ed me facilitan la b\u00fasqueda. De lo contrario, la publicaci\u00f3n ser\u00e1 borrada autom\u00e1ticamente.<\/span><\/p>\n<p>&nbsp;<\/p>\n<div class=\"separator\" style=\"clear: both; text-align: center;\"><span style=\"font-family: Merienda; font-size: 17px;\"><a style=\"clear: left; float: left; margin-bottom: 1em; margin-right: 1em;\" href=\"https:\/\/i.postimg.cc\/rpnwQFKd\/publifijadapedidos.png\"><img loading=\"lazy\" decoding=\"async\" src=\"https:\/\/i.postimg.cc\/rpnwQFKd\/publifijadapedidos.png\" width=\"644\" height=\"116\" border=\"0\" data-original-height=\"160\" data-original-width=\"890\" \/><\/a><\/span><\/div>\n<p><span style=\"font-size: 17px; font-family: Merienda;\">\u00a0<\/span><\/p>\n<p>&nbsp;<\/p>\n<p class=\"MsoNormal\" style=\"background-color: white;\"><span style=\"color: #303030; font-family: Merienda; font-size: 17px;\"><br \/>\n\ud83c\udf69 No hay limites de posteos por persona pero no mas de uno o dos libros\/mangas por publicaci\u00f3n, pido esto para una buena organizaci\u00f3n m\u00eda.<\/span><br \/>\n<span style=\"font-family: Merienda; font-size: 17px;\"><span style=\"color: #8e7cc3;\"><br \/>\n<\/span><span style=\"color: #8e7cc3;\">Consideraciones\u00a0<\/span><\/span><\/p>\n<p class=\"MsoNormal\" style=\"background-color: white; , trebuchet, sans-serif;font-size: 14.3px;\"><span style=\"font-size: 17px; font-family: Merienda;\"><span style=\"color: #303030;\">\u2b50\ufe0f El titulo de tu post debe contener solo las palabras que correspondan:<b>\u00a0\u00ab<\/b><\/span><span style=\"color: #45818e;\"><b>Pedido de Libro<\/b><\/span><span style=\"color: #303030;\"><b>\u00bb\u00a0<\/b>(serie o manga).\u00a0Todo lo dem\u00e1s en el cuerpo del post.<\/span><\/span><\/p>\n<p class=\"MsoNormal\" style=\"background-color: white; color: #303030; , trebuchet, sans-serif;font-size: 14.3px;\"><span style=\"font-size: 17px; font-family: Merienda;\">\u274c Comentarios con pedidos ser\u00e1n desestimados, tanto en el blog como en DC u otra red social.<\/span><\/p>\n<p class=\"MsoNormal\" style=\"background-color: white; color: #303030; , trebuchet, sans-serif;font-size: 14.3px;\"><span style=\"font-size: 17px; font-family: Merienda;\">\u00a0\u2b50\ufe0f No abrevien datos. No agreguen todos los nombres de los libros de una saga ni dejen sinopsis.<\/span><\/p>\n<p class=\"MsoNormal\" style=\"background-color: white; , trebuchet, sans-serif;font-size: 14.3px;\"><span style=\"font-size: 17px; font-family: Merienda;\"><span style=\"color: #303030;\">\u274c\u00a0<\/span><span style=\"color: #741b47;\"><i>No se aceptan pedidos de libros pertenecientes a una serie\/saga\/universo.\u00a0<\/i><b>Se hace el pedido directamente de la serie en cuesti\u00f3n.<\/b><\/span><\/span><\/p>\n<p class=\"MsoNormal\" style=\"background-color: white; , trebuchet, sans-serif;font-size: 14.3px;\"><span style=\"color: #303030; font-size: 17px; font-family: Merienda;\">\u274c No se aceptan pedidos de\u00a0<b>actualizaci\u00f3n<\/b>\u00a0de alguna serie ya publicada en el blog.<br \/>\n<i>Ya hacemos el seguimiento peri\u00f3dicamente y se actualizar\u00e1 apenas se consigan.<\/i>\u00a0<\/span><\/p>\n<p class=\"MsoNormal\" style=\"background-color: white; color: #303030; , trebuchet, sans-serif;font-size: 14.3px;\"><span style=\"font-size: 17px; font-family: Merienda;\">\u00a0\u2b50\ufe0f Los pedidos se ir\u00e1n publicando en orden, ten paciencia. Tambi\u00e9n se ir\u00e1n intercalando con publicaciones nuevas y aportes que nos hagan.\u00a0<\/span><\/p>\n<p class=\"MsoNormal\" style=\"background-color: white; color: #303030; , trebuchet, sans-serif;font-size: 14.3px;\"><span style=\"font-family: Merienda; font-size: 17px;\">\u2b50Pueden consultar el post de \u201c<b>Estado de pedidos<\/b>\u201d para saber el orden y el estado en el que se encuentran sus pedidos&#8230;\u00a0<span style=\"color: #38761d;\">(Buscando, armando, publicado o no encontrado) \u21b4<\/span><\/span><\/p>\n<p><span style=\"font-family: Merienda; font-size: 17px;\"><img loading=\"lazy\" decoding=\"async\" style=\"background: transparent; border: 1px solid transparent; padding: 5px; text-align: center;\" src=\"https:\/\/i.postimg.cc\/yxcRXXBk\/estadosdepedidos.png\" width=\"614\" height=\"118\" border=\"0\" data-original-height=\"131\" data-original-width=\"684\" \/><span style=\"color: #38761d;\"><br \/>\n<\/span><i><span style=\"color: #e69138;\">&#8211; El post esta dentro del Foro de Pedidos en el Servidor.<br \/>\n<\/span><\/i><span style=\"color: #e69138;\"><i><br \/>\n<\/i><\/span>\ud83d\udc9c Si ves que alguien pide una serie o libro y lo tienes, y quieres enviarlo, hazlo directamente a mi\u00a0<b>DM<\/b>\u00a0en DC, agradecemos much\u00edsimo a esas personitas que ven y aportan siempre.<br \/>\n\u274c Por favor te pido que no avises o preguntes por comentarios si lo\/s quiero\u00a0<i>(env\u00edamelo directamente).<\/i><\/span><\/p>\n<p><span style=\"font-family: Merienda; font-size: 17px;\">\u274c\u00a0No env\u00eden por privado a la persona que lo pidi\u00f3&#8230; estamos colaborando y esta todo organizado para que todo sea compartido de manera publica para que llegue a\u00a0<b>todos por igual.<\/b><\/span><\/p>\n<p class=\"MsoNormal\" style=\"background-color: white; color: #303030;\"><span style=\"color: #b45f06; font-size: 17px; font-family: Merienda;\"><b>VIA EMAIL<\/b><\/span><\/p>\n<p class=\"MsoNormal\" style=\"background-color: white; color: #303030;\"><span style=\"color: #b45f06; font-family: Merienda; font-size: 17px;\"><b>\u00a0<\/b><\/span><\/p>\n<p class=\"MsoNormal\" style=\"background-color: white; color: #303030; , trebuchet, sans-serif;font-size: 14.3px;\"><span style=\"font-size: 17px; font-family: Merienda;\">\u2728<b>Si vas a hacer el pedido por medio de correo electr\u00f3nico&#8230; voy a dejar aqu\u00ed los criterios para que queden claros:<\/b><\/span><\/p>\n<p class=\"MsoNormal\" style=\"background-color: white; color: #303030;\"><span style=\"font-size: 17px; font-family: Merienda;\">\u2b50\ufe0f Antes de publicar, por favor <b><span style=\"color: #674ea7;\">busquen en el\u00a0blog<\/span><\/b>\u00a0y en el canal de \u201c<b><span style=\"color: #674ea7;\">Desaparecidos<\/span><\/b>\u201d en nuestro Servidor de DC\u00a0<span style=\"color: #134f5c;\"><i>(all\u00ed enumero los libros pedidos antes que no fueron encontrados as\u00ed no lo vuelven a pedir)<\/i><\/span><\/span><\/p>\n<p><span style=\"background-attachment: initial; background-image: initial; background-position: initial; background-repeat: initial; background-size: initial; border-color: transparent; border-width: 1px; font-size: 17px; font-family: Merienda;\"><img loading=\"lazy\" decoding=\"async\" style=\"background: transparent; border: 1px solid transparent; padding: 5px;\" src=\"https:\/\/i.postimg.cc\/TPG4rpc2\/librosdesaparecidos.png\" width=\"199\" height=\"30\" border=\"0\" data-original-height=\"30\" data-original-width=\"199\" \/><\/span><\/p>\n<p>\u2b50\ufe0f<b><span style=\"color: #ff00fe;\">\u00a0Datos obligatorios:\u00a0<\/span><\/b><\/p>\n<p class=\"MsoNormal\" style=\"background-color: white; color: #303030;\"><span style=\"font-family: Merienda; font-size: 17px;\"><b><span style=\"color: #ff00fe;\">\u2192<\/span><\/b>\u00a0<b>Titulo de la saga\/serie<\/b>. Se agradece avisar si el libro es \u00fanico o forma parte de una serie y\/o universo. <i>[Si forma parte de una serie por favor NO poner todos los nombres].\u00a0<\/i><br \/>\n<b><span style=\"color: #ff00fe;\">\u2192\u00a0<\/span><\/b><b>Autor\/es<\/b>.<br \/>\n<b><span style=\"color: #ff00fe;\">\u2192\u00a0<\/span><\/b><b>Enlace de Goodreads<\/b>. <i>Todo los libros se encuentran all\u00ed con su titulo en ingl\u00e9s.<br \/>\n\u2022<\/i><a style=\"color: #6411ff;\" href=\"https:\/\/www.goodreads.com\/\">\u00a0https:\/\/www.goodreads.com\/<\/a><\/span><\/p>\n<p class=\"MsoNormal\" style=\"background-color: white; color: #303030; , trebuchet, sans-serif;font-size: 14.3px;\"><span style=\"font-size: 17px; font-family: Merienda;\">\ud83d\udeab <b><span style=\"color: red;\">NO traduzcan los t\u00edtulos<\/span><\/b>, siempre pedir en su idioma original. <i><span style=\"color: #6aa84f;\">(No abrevien nombres, sagas, autores o universos!!).<\/span><\/i><\/span><\/p>\n<p class=\"MsoNormal\" style=\"background-color: white; color: #303030; , trebuchet, sans-serif;font-size: 14.3px;\"><span style=\"font-family: Merienda; font-size: 17px;\"><br \/>\n\u2757Si el libro es de procedencia asi\u00e1tica por favor avisar.<\/span><\/p>\n<div class=\"separator\" style=\"clear: both; text-align: center;\">\u00a0<\/div>\n<p class=\"MsoNormal\" style=\"background-color: white; color: #303030; , trebuchet, sans-serif;font-size: 14.3px;\"><span style=\"font-size: 17px; font-family: Merienda;\">Te agradezco infinitamente la comprensi\u00f3n \ud83e\udd17\ud83d\udc9c<br \/>\nAnte cualquier duda o consulta puedes usar nuestras diversas redes para contactarte.\u00a0<\/span><\/p>\n<div>\n<div class=\"separator\" style=\"clear: both; text-align: left;\">\u00a0<\/div>\n<div class=\"separator\" style=\"clear: both; text-align: center;\"><span style=\"font-family: Merienda; font-size: 17px;\"><span style=\"background-color: white; color: #e06666; text-align: left;\">&#8212;-<\/span><span style=\"background-color: white; color: #e06666; text-align: left;\">&#8212;-<\/span><span style=\"background-color: white; color: #e06666; text-align: left;\">&#8212;-<\/span><span style=\"background-color: white; color: #e06666; text-align: start;\">&#8212;&#8212;&#8211; \u226a \u00b0\u2740\u00b0 \u226b &#8212;&#8212;&#8211;<\/span><span style=\"background-color: white; color: #e06666; text-align: left;\">&#8212;-<\/span><span style=\"background-color: white; color: #e06666; text-align: left;\">&#8212;-<\/span><span style=\"background-color: white; color: #e06666; text-align: left;\">&#8212;-<\/span><\/span><\/div>\n<\/div>\n<div class=\"separator\" style=\"clear: both; text-align: center;\"><span style=\"background-color: white; color: #e06666; font-size: 17px; text-align: left; font-family: Merienda;\">\u00a0<\/span><\/div>\n<div class=\"separator\" style=\"clear: both; text-align: center;\"><span style=\"background-color: white; color: #e06666; font-size: 17px; text-align: left; font-family: Merienda;\">\u00a0<\/span><\/div>\n<div style=\"text-align: center;\">\u00a0<\/div>\n<div style=\"text-align: center;\">\u00a0<\/div>\n<div style=\"text-align: center;\">\n<div><a href=\"https:\/\/mundoletroso.com.ar\/blog\/tdd\/\" target=\"_blank\" rel=\"noopener\"><img loading=\"lazy\" decoding=\"async\" class=\"aligncenter\" src=\"https:\/\/i.postimg.cc\/HxCDHqcY\/TDD234.png\" width=\"163\" height=\"42\" border=\"0\" data-original-height=\"52\" data-original-width=\"202\" \/><\/a><\/div>\n<div><a href=\"https:\/\/mundoletroso.com.ar\/blog\/como-comunicarse-con-el-staff-de-mundo-letroso\/\" target=\"_blank\" rel=\"noopener\"><img loading=\"lazy\" decoding=\"async\" class=\"aligncenter\" src=\"https:\/\/i.postimg.cc\/7YXx9ZCg\/viacontactoml.png\" width=\"164\" height=\"42\" border=\"0\" data-original-height=\"52\" data-original-width=\"202\" \/><\/a><\/div>\n<div>\u00a0<\/div>\n<\/div>\n<div class=\"separator\" style=\"clear: both; text-align: center;\">\n<table style=\"border-collapse: collapse; color: #303030; , trebuchet, sans-serif;font-size: 14.3px; height: 122px; width: 530.688px;\" border=\"0\">\n<tbody>\n<tr style=\"height: 45px;\">\n<td style=\"height: 63px; text-align: center; width: 225.438px;\">\u00a0<\/td>\n<\/tr>\n<tr style=\"text-align: center;\">\n<td style=\"height: 49px; width: 279.625px;\"><span style=\"font-family: Merienda; font-size: 17px;\"><b><span style=\"color: #a64d79;\"><i>\u00bfProblemas con DC? Visita la Gu\u00eda!<\/i><\/span><\/b><\/span><\/td>\n<td style=\"height: 49px; width: 19.625px;\"><span style=\"color: #ff99cc; font-family: Merienda; font-size: 17px;\"><b>\u2192<\/b><\/span><\/td>\n<td style=\"height: 49px; width: 225.438px;\"><span style=\"font-family: Merienda; font-size: 17px;\"><a style=\"color: #6411ff;\" href=\"https:\/\/mundoletroso.com.ar\/guiadc\/\" target=\"_blank\" rel=\"noopener\"><img loading=\"lazy\" decoding=\"async\" style=\"background: transparent; border: 1px solid transparent; padding: 5px; position: relative;\" src=\"https:\/\/i.postimg.cc\/MTWnVnXC\/button-guia-basica-discord.png\" alt=\"\" width=\"175\" height=\"45\" \/><\/a><\/span><\/td>\n<\/tr>\n<\/tbody>\n<\/table>\n<p>&nbsp;<\/p>\n<\/div>\n<div class=\"separator\" style=\"clear: both; text-align: center;\"><span style=\"background-color: white; color: #e06666; font-size: 17px; text-align: left; font-family: Merienda;\">\u00a0<\/span><\/div>\n","protected":false},"excerpt":{"rendered":"<p>\u00a0 &#8212;-&#8212;-&#8212;-&#8212;&#8212;&#8211; \u226a \u00b0\u2740\u00b0 \u226b &#8212;&#8212;&#8211;&#8212;-&#8212;-&#8212;- &nbsp; COLABORA CON MUNDO LETROSO PEDIDOS DE LIBROS &#8211; MANGAS \u00a0 &nbsp; \u00a0 Requisitos que debe cumplir: \ud83c\udf69Solo archivos en espa\u00f1ol, no importa quien lo haya traducido. \ud83c\udf69Puede ser en cualquier formato: PDF &#8211; EPUB &#8211; PNG &#8211; JPEG, etc. \ud83c\udf69No me consulten si pueden o si lo quiero, [&hellip;]<\/p>\n","protected":false},"author":1,"featured_media":0,"parent":0,"menu_order":0,"comment_status":"closed","ping_status":"closed","template":"","meta":{"footnotes":""},"class_list":["post-843","page","type-page","status-publish","hentry"],"_links":{"self":[{"href":"https:\/\/mundoletroso.com.ar\/blog\/wp-json\/wp\/v2\/pages\/843","targetHints":{"allow":["GET"]}}],"collection":[{"href":"https:\/\/mundoletroso.com.ar\/blog\/wp-json\/wp\/v2\/pages"}],"about":[{"href":"https:\/\/mundoletroso.com.ar\/blog\/wp-json\/wp\/v2\/types\/page"}],"author":[{"embeddable":true,"href":"https:\/\/mundoletroso.com.ar\/blog\/wp-json\/wp\/v2\/users\/1"}],"replies":[{"embeddable":true,"href":"https:\/\/mundoletroso.com.ar\/blog\/wp-json\/wp\/v2\/comments?post=843"}],"version-history":[{"count":6,"href":"https:\/\/mundoletroso.com.ar\/blog\/wp-json\/wp\/v2\/pages\/843\/revisions"}],"predecessor-version":[{"id":3378,"href":"https:\/\/mundoletroso.com.ar\/blog\/wp-json\/wp\/v2\/pages\/843\/revisions\/3378"}],"wp:attachment":[{"href":"https:\/\/mundoletroso.com.ar\/blog\/wp-json\/wp\/v2\/media?parent=843"}],"curies":[{"name":"wp","href":"https:\/\/api.w.org\/{rel}","templated":true}]}}