{"id":841,"date":"2026-01-31T00:29:00","date_gmt":"2026-01-31T03:29:00","guid":{"rendered":"https:\/\/mundoletroso.com.ar\/blog\/%e2%99%a5-series-online-de-novelas-publicadas-%e2%99%a5\/"},"modified":"2026-01-31T00:55:57","modified_gmt":"2026-01-31T03:55:57","slug":"%e2%99%a5-series-online-de-novelas-publicadas-%e2%99%a5","status":"publish","type":"page","link":"https:\/\/mundoletroso.com.ar\/blog\/%e2%99%a5-series-online-de-novelas-publicadas-%e2%99%a5\/","title":{"rendered":"\u2665 [Series online de novelas publicadas] \u2665"},"content":{"rendered":"<p><!-- BANNER Y PRESENTACI\u00d3N --><\/p>\n<div class=\"post-series-container\">\n    <img decoding=\"async\" class=\"post-series-banner\" src=\"https:\/\/i.postimg.cc\/L65wLdfj\/banner-blog-series.gif\" alt=\"Banner Series\" style=\"max-width:100%; height:auto; display:block; margin:0 auto 20px;\" \/> <\/p>\n<div class=\"post-series-intro\">\n        <b>Buenas Buenas!<\/b><\/p>\n<p>Estar\u00e9 subiendo varias series y pel\u00edculas para verse online de algunas novelas que han sido y ser\u00e1n subidas a futuro en el blog. Por lo general ser\u00e1n las <u>asi\u00e1ticas<\/u>, que quiz\u00e1s son las m\u00e1s complejas de encontrar.<\/p>\n<p>No subir\u00e9 las adaptaciones de otros libros porque son m\u00e1s f\u00e1ciles de buscar por Google, salvo alguna que otra pel\u00edcula.<\/p>\n<p>\ud83c\udf38 Son libres de pedirme alguna en particular, siempre y cuando sean inspiradas o basadas en libros o mangas que tengamos o podamos subir al blog.<\/p>\n<p>Todo lo cargado ser\u00e1 para verse online.<\/p>\n<\/p><\/div>\n<div class=\"post-series-important\">\n        <b>Los enlaces, sin excepci\u00f3n, estar\u00e1n publicados exclusivamente siempre en nuestro servidor de DC y los detalles tambi\u00e9n estar\u00e1n junto a la publicaci\u00f3n.<\/b>\n    <\/div>\n<div class=\"post-series-discord\">\n        <b>\u2728 Canal donde encontrar\u00e1n las publicaciones:<\/b><br \/>\n        <br \/><img decoding=\"async\" src=\"https:\/\/i.postimg.cc\/FsWWHrqn\/SO.png\" alt=\"Series Online\" \/>\n    <\/div>\n<div style=\"text-align: center; margin: 20px 0; color: #b88bad;\">\n<p>Todo ser\u00e1 subido con subt\u00edtulos en espa\u00f1ol y tratar\u00e9 que sean de buena calidad, me avisan cualquier cosa.<\/p>\n<\/p><\/div>\n<div class=\"post-series-divider\">\u2b50 \u2500\u2500 \u2730 \u2500\u2500 \u2b50 \u2500\u2500\u300e\u2730\u300f\u2500\u2500 \u2b50 \u2500\u2500 \u2730 \u2500\u2500 \u2b50<\/div>\n<div class=\"post-series-title-section\">\n<h2>Listado de Series \/ Pel\u00edculas junto a las novelas<\/h2>\n<\/p><\/div>\n<\/div>\n<div class=\"post-series-divider\">\u274d\u274d\u274d\u2756\u274d\u274d\u274d<\/div>\n<p><!-- LISTADO DE SERIES (EN UNA SOLA L\u00cdNEA CADA UNA PARA QUE NO FALLE) --><\/p>\n\n    <div class=\"contenedor-ficha-serie\">\n        <div class=\"ficha-cabecera\">\n            <h3 class=\"ficha-titulo\">\ud83d\udc9f UNTIL WE MEET AGAIN<\/h3>\n            <div class=\"ficha-autor\">LazySheep<\/div>\n        <\/div>\n        <div class=\"ficha-imagenes\">\n            <div class=\"img-wrapper\"><img decoding=\"async\" src=\"https:\/\/i.postimg.cc\/VNVQdZx4\/Untilwemeetagain.webp\" alt=\"Serie\"><\/div>\n            <div class=\"img-wrapper\"><img decoding=\"async\" src=\"https:\/\/blogger.googleusercontent.com\/img\/a\/AVvXsEiw0mID2VZRdnVQqj8-vTGy1DxJhE5QdmU41Brc_qveiXe2rKgu2cZR0jDvJnDQPrjVuSer07esKZo-XbkGdHXMbLyeHZj9DCDgNaJ28uZWXkUG3aJN2B3DBni7fv_z4rZ267Epj7viS_pfhF38Gnwx9IiNRIK3o8JZixcl0Rfb6rc689zQ0ktMkVt1Qlur\" alt=\"Libro\"><\/div>\n        <\/div>\n        <div class=\"ficha-acciones\">\n            <span class=\"serie-estado disponible\"><img decoding=\"async\" src=\"https:\/\/i.postimg.cc\/WzRKb9cT\/aestheticjstarp4.gif\" class=\"icono-estado\"> Ya disponible<\/span>\n            <a href=\"https:\/\/mundoletroso.com.ar\/blog\/2024\/08\/26\/%e3%80%94-especial-%e3%80%95-%e2%94%86-novelas-%e2%81%93-danmei-bl-asiaticas-1-%f0%9f%8e%80-%f0%9f%8d%a7%f0%9f%92%9e-espanol\/\" class=\"serie-btn-libro\" target=\"_blank\">Libro \ud83d\udcd6<\/a>\n        <\/div>\n    <\/div>\n    <div class=\"ficha-separador\">\u274d\u274d\u274d\u2756\u274d\u274d\u274d<\/div>\n    \n\n    <div class=\"contenedor-ficha-serie\">\n        <div class=\"ficha-cabecera\">\n            <h3 class=\"ficha-titulo\">\ud83d\udc9f GUARDIAN, ZHEN HUN<\/h3>\n            <div class=\"ficha-autor\">Priest<\/div>\n        <\/div>\n        <div class=\"ficha-imagenes\">\n            <div class=\"img-wrapper\"><img decoding=\"async\" src=\"https:\/\/i.postimg.cc\/2SkPTfm2\/Guardian.jpg\" alt=\"Serie\"><\/div>\n            <div class=\"img-wrapper\"><img decoding=\"async\" src=\"https:\/\/blogger.googleusercontent.com\/img\/a\/AVvXsEiWSzoOUp3knteRGE4McSJjT-vCCcy-fC75OtAtlXDbtS-cL354sMB2pF0OimEPLIliYyhpDBbZYuEukrcDwIO67gGeYwD9oXX_H_tGEvQTWom260dILX_jr0dmuxq_rFarPYz4vhRCLzqDb5S98U9e_HbI1L4GfcUL9lMzavAesXKm-oRXoAvsC48VzcO4\" alt=\"Libro\"><\/div>\n        <\/div>\n        <div class=\"ficha-acciones\">\n            <span class=\"serie-estado disponible\"><img decoding=\"async\" src=\"https:\/\/i.postimg.cc\/WzRKb9cT\/aestheticjstarp4.gif\" class=\"icono-estado\"> Ya disponible<\/span>\n            <a href=\"https:\/\/mundoletroso.com.ar\/blog\/2024\/08\/26\/%e3%80%94-especial-%e3%80%95-%e2%94%86-novelas-%e2%81%93-danmei-bl-asiaticas-1-%f0%9f%8e%80-%f0%9f%8d%a7%f0%9f%92%9e-espanol\/\" class=\"serie-btn-libro\" target=\"_blank\">Libro \ud83d\udcd6<\/a>\n        <\/div>\n    <\/div>\n    <div class=\"ficha-separador\">\u274d\u274d\u274d\u2756\u274d\u274d\u274d<\/div>\n    \n\n    <div class=\"contenedor-ficha-serie\">\n        <div class=\"ficha-cabecera\">\n            <h3 class=\"ficha-titulo\">\ud83d\udc9f El infierno de Gabriel<\/h3>\n            <div class=\"ficha-autor\">Sylvain Reynard<\/div>\n        <\/div>\n        <div class=\"ficha-imagenes\">\n            <div class=\"img-wrapper\"><img decoding=\"async\" src=\"https:\/\/i.postimg.cc\/vm29Y0Pz\/EIDGP.jpg\" alt=\"Serie\"><\/div>\n            <div class=\"img-wrapper\"><img decoding=\"async\" src=\"https:\/\/res.cloudinary.com\/minubecita\/image\/upload\/v1714709570\/2024\/Portadas\/El%20infierno%20de%20Gabriel.jpg\" alt=\"Libro\"><\/div>\n        <\/div>\n        <div class=\"ficha-acciones\">\n            <span class=\"serie-estado disponible\"><img decoding=\"async\" src=\"https:\/\/i.postimg.cc\/WzRKb9cT\/aestheticjstarp4.gif\" class=\"icono-estado\"> Ya disponible<\/span>\n            <a href=\"https:\/\/mundoletroso.com.ar\/blog\/2020\/09\/20\/infierno-de-gabriel-sylvain-reynard-espanol-pdf\/\" class=\"serie-btn-libro\" target=\"_blank\">Libro \ud83d\udcd6<\/a>\n        <\/div>\n    <\/div>\n    <div class=\"ficha-separador\">\u274d\u274d\u274d\u2756\u274d\u274d\u274d<\/div>\n    \n\n    <div class=\"contenedor-ficha-serie\">\n        <div class=\"ficha-cabecera\">\n            <h3 class=\"ficha-titulo\">\ud83d\udc9f The Effect: The Series<\/h3>\n            <div class=\"ficha-autor\">SweetSky<\/div>\n        <\/div>\n        <div class=\"ficha-imagenes\">\n            <div class=\"img-wrapper\"><img decoding=\"async\" src=\"https:\/\/i.postimg.cc\/4d50X0w7\/TES.webp\" alt=\"Serie\"><\/div>\n            <div class=\"img-wrapper\"><img decoding=\"async\" src=\"https:\/\/i.postimg.cc\/25dcxtsc\/213815472.png\" alt=\"Libro\"><\/div>\n        <\/div>\n        <div class=\"ficha-acciones\">\n            <span class=\"serie-estado disponible\"><img decoding=\"async\" src=\"https:\/\/i.postimg.cc\/WzRKb9cT\/aestheticjstarp4.gif\" class=\"icono-estado\"> Ya disponible<\/span>\n            <a href=\"https:\/\/mundoletroso.com.ar\/blog\/2024\/11\/15\/the-effect-_-sweetsky-espanol\/\" class=\"serie-btn-libro\" target=\"_blank\">Libro \ud83d\udcd6<\/a>\n        <\/div>\n    <\/div>\n    <div class=\"ficha-separador\">\u274d\u274d\u274d\u2756\u274d\u274d\u274d<\/div>\n    \n\n    <div class=\"contenedor-ficha-serie\">\n        <div class=\"ficha-cabecera\">\n            <h3 class=\"ficha-titulo\">\ud83d\udc9f Watashi no Shiawase<\/h3>\n            <div class=\"ficha-autor\">Pel\u00edcula Live Action<\/div>\n        <\/div>\n        <div class=\"ficha-imagenes\">\n            <div class=\"img-wrapper\"><img decoding=\"async\" src=\"https:\/\/i.postimg.cc\/J4R63chG\/MHM.png\" alt=\"Serie\"><\/div>\n            <div class=\"img-wrapper\"><img decoding=\"async\" src=\"https:\/\/i.postimg.cc\/3NTLc2Cf\/xlrdmssp.jpg\" alt=\"Libro\"><\/div>\n        <\/div>\n        <div class=\"ficha-acciones\">\n            <span class=\"serie-estado disponible\"><img decoding=\"async\" src=\"https:\/\/i.postimg.cc\/WzRKb9cT\/aestheticjstarp4.gif\" class=\"icono-estado\"> Ya disponible<\/span>\n            <a href=\"https:\/\/mundoletroso.com.ar\/blog\/2024\/12\/31\/watashi-no-shiawase-na-kekkon-_-akumi-agitogi-rito-kohsaka-espanol\/\" class=\"serie-btn-libro\" target=\"_blank\">Libro \ud83d\udcd6<\/a>\n        <\/div>\n    <\/div>\n    <div class=\"ficha-separador\">\u274d\u274d\u274d\u2756\u274d\u274d\u274d<\/div>\n    \n\n    <div class=\"contenedor-ficha-serie\">\n        <div class=\"ficha-cabecera\">\n            <h3 class=\"ficha-titulo\">\ud83d\udc9f Doukyuusei<\/h3>\n            <div class=\"ficha-autor\">Pel\u00edcula<\/div>\n        <\/div>\n        <div class=\"ficha-imagenes\">\n            <div class=\"img-wrapper\"><img decoding=\"async\" src=\"https:\/\/i.postimg.cc\/C18Y7r55\/D-AN-P.jpg\" alt=\"Serie\"><\/div>\n            <div class=\"img-wrapper\"><img decoding=\"async\" src=\"https:\/\/images-na.ssl-images-amazon.com\/images\/S\/compressed.photo.goodreads.com\/books\/1399938028i\/5720743.jpg\" alt=\"Libro\"><\/div>\n        <\/div>\n        <div class=\"ficha-acciones\">\n            <span class=\"serie-estado disponible\"><img decoding=\"async\" src=\"https:\/\/i.postimg.cc\/WzRKb9cT\/aestheticjstarp4.gif\" class=\"icono-estado\"> Ya disponible<\/span>\n            <a href=\"https:\/\/mundoletroso.com.ar\/blog\/2025\/01\/10\/doukyuusei-_-asumiko-nakamura-espanol\/\" class=\"serie-btn-libro\" target=\"_blank\">Libro \ud83d\udcd6<\/a>\n        <\/div>\n    <\/div>\n    <div class=\"ficha-separador\">\u274d\u274d\u274d\u2756\u274d\u274d\u274d<\/div>\n    \n\n    <div class=\"contenedor-ficha-serie\">\n        <div class=\"ficha-cabecera\">\n            <h3 class=\"ficha-titulo\">\ud83d\udc9f P\u00eddeme lo que quieras<\/h3>\n            <div class=\"ficha-autor\">Pel\u00edcula<\/div>\n        <\/div>\n        <div class=\"ficha-imagenes\">\n            <div class=\"img-wrapper\"><img decoding=\"async\" src=\"https:\/\/m.media-amazon.com\/images\/S\/compressed.photo.goodreads.com\/books\/1351353818i\/16112083.jpg\" alt=\"Serie\"><\/div>\n            <div class=\"img-wrapper\"><img decoding=\"async\" src=\"https:\/\/i.postimg.cc\/FzPp5Yz0\/PLQQ_P.png\" alt=\"Libro\"><\/div>\n        <\/div>\n        <div class=\"ficha-acciones\">\n            <span class=\"serie-estado disponible\"><img decoding=\"async\" src=\"https:\/\/i.postimg.cc\/WzRKb9cT\/aestheticjstarp4.gif\" class=\"icono-estado\"> Ya disponible<\/span>\n            <a href=\"https:\/\/mundoletroso.com.ar\/blog\/2025\/04\/24\/pideme-lo-que-quieras-_-megan-maxwell-espanol\/\" class=\"serie-btn-libro\" target=\"_blank\">Libro \ud83d\udcd6<\/a>\n        <\/div>\n    <\/div>\n    <div class=\"ficha-separador\">\u274d\u274d\u274d\u2756\u274d\u274d\u274d<\/div>\n    \n\n    <div class=\"contenedor-ficha-serie\">\n        <div class=\"ficha-cabecera\">\n            <h3 class=\"ficha-titulo\">\ud83d\udc9f Advance Bravely<\/h3>\n            <div class=\"ficha-autor\">Chai Ji Dan<\/div>\n        <\/div>\n        <div class=\"ficha-imagenes\">\n            <div class=\"img-wrapper\"><img decoding=\"async\" src=\"https:\/\/m.media-amazon.com\/images\/S\/compressed.photo.goodreads.com\/books\/1497421419i\/35431927.jpg\" alt=\"Serie\"><\/div>\n            <div class=\"img-wrapper\"><img decoding=\"async\" src=\"https:\/\/i.postimg.cc\/cC5y4wk6\/imagen.png\" alt=\"Libro\"><\/div>\n        <\/div>\n        <div class=\"ficha-acciones\">\n            <span class=\"serie-estado disponible\"><img decoding=\"async\" src=\"https:\/\/i.postimg.cc\/WzRKb9cT\/aestheticjstarp4.gif\" class=\"icono-estado\"> Ya disponible<\/span>\n            <a href=\"https:\/\/mundoletroso.com.ar\/blog\/2025\/03\/28\/advance-bravely-_-chai-ji-dan-espanol\/\" class=\"serie-btn-libro\" target=\"_blank\">Libro \ud83d\udcd6<\/a>\n        <\/div>\n    <\/div>\n    <div class=\"ficha-separador\">\u274d\u274d\u274d\u2756\u274d\u274d\u274d<\/div>\n    \n\n    <div class=\"contenedor-ficha-serie\">\n        <div class=\"ficha-cabecera\">\n            <h3 class=\"ficha-titulo\">\ud83d\udc9f MY ACCIDENTAL LOVE IS YOU<\/h3>\n            <div class=\"ficha-autor\">MAME<\/div>\n        <\/div>\n        <div class=\"ficha-imagenes\">\n            <div class=\"img-wrapper\"><img decoding=\"async\" src=\"https:\/\/i.postimg.cc\/cJRq9zVw\/AL-SO.png\" alt=\"Serie\"><\/div>\n            <div class=\"img-wrapper\"><img decoding=\"async\" src=\"\" alt=\"Libro\"><\/div>\n        <\/div>\n        <div class=\"ficha-acciones\">\n            <span class=\"serie-estado pendiente\"><img decoding=\"async\" src=\"https:\/\/i.postimg.cc\/5y94yyLg\/diamantee.gif\" class=\"icono-estado\"> Pendiente<\/span>\n            <a href=\"https:\/\/mundoletroso.com.ar\/blog\/2025\/04\/23\/%e3%80%94-especial-%e3%80%95-%e2%94%86-novelas-%e2%81%93-danmei-bl-asiaticas-2-%f0%9f%8e%80-%f0%9f%8d%a7%f0%9f%92%9e\/\" class=\"serie-btn-libro\" target=\"_blank\">Libro \ud83d\udcd6<\/a>\n        <\/div>\n    <\/div>\n    <div class=\"ficha-separador\">\u274d\u274d\u274d\u2756\u274d\u274d\u274d<\/div>\n    \n\n    <div class=\"contenedor-ficha-serie\">\n        <div class=\"ficha-cabecera\">\n            <h3 class=\"ficha-titulo\">\ud83d\udc9f HEATED RIVALRY<\/h3>\n            <div class=\"ficha-autor\">Rachel Reid<\/div>\n        <\/div>\n        <div class=\"ficha-imagenes\">\n            <div class=\"img-wrapper\"><img decoding=\"async\" src=\"https:\/\/m.media-amazon.com\/images\/S\/compressed.photo.goodreads.com\/books\/1764956889i\/220966494.jpg\" alt=\"Serie\"><\/div>\n            <div class=\"img-wrapper\"><img decoding=\"async\" src=\"https:\/\/i.postimg.cc\/Fs68NwB0\/HR_GC_RR.jpg\" alt=\"Libro\"><\/div>\n        <\/div>\n        <div class=\"ficha-acciones\">\n            <span class=\"serie-estado disponible\"><img decoding=\"async\" src=\"https:\/\/i.postimg.cc\/WzRKb9cT\/aestheticjstarp4.gif\" class=\"icono-estado\"> Ya disponible<\/span>\n            <a href=\"https:\/\/mundoletroso.com.ar\/blog\/game-changers-rachel-reid-espanol\/\" class=\"serie-btn-libro\" target=\"_blank\">Libro \ud83d\udcd6<\/a>\n        <\/div>\n    <\/div>\n    <div class=\"ficha-separador\">\u274d\u274d\u274d\u2756\u274d\u274d\u274d<\/div>\n    \n\n    <div class=\"contenedor-ficha-serie\">\n        <div class=\"ficha-cabecera\">\n            <h3 class=\"ficha-titulo\">\ud83d\udc9f Ember &amp; ice<\/h3>\n            <div class=\"ficha-autor\">Audiolibro Sub Espa\u00f1ol<\/div>\n        <\/div>\n        <div class=\"ficha-imagenes\">\n            <div class=\"img-wrapper\"><img decoding=\"async\" src=\"https:\/\/i.postimg.cc\/MKBFNCbj\/E_I.jpg\" alt=\"Serie\"><\/div>\n            <div class=\"img-wrapper\"><img decoding=\"async\" src=\"https:\/\/i.postimg.cc\/7YpyT1Xk\/photo_2026_01_30_23_54_13.jpg\" alt=\"Libro\"><\/div>\n        <\/div>\n        <div class=\"ficha-acciones\">\n            <span class=\"serie-estado disponible\"><img decoding=\"async\" src=\"https:\/\/i.postimg.cc\/WzRKb9cT\/aestheticjstarp4.gif\" class=\"icono-estado\"> Ya disponible<\/span>\n            <a href=\"#\" class=\"serie-btn-libro\" target=\"_blank\">Libro \ud83d\udcd6<\/a>\n        <\/div>\n    <\/div>\n    <div class=\"ficha-separador\">\u274d\u274d\u274d\u2756\u274d\u274d\u274d<\/div>\n    \n","protected":false},"excerpt":{"rendered":"<p>Buenas Buenas! Estar\u00e9 subiendo varias series y pel\u00edculas para verse online de algunas novelas que han sido y ser\u00e1n subidas a futuro en el blog. Por lo general ser\u00e1n las asi\u00e1ticas, que quiz\u00e1s son las m\u00e1s complejas de encontrar. No subir\u00e9 las adaptaciones de otros libros porque son m\u00e1s f\u00e1ciles de buscar por Google, salvo [&hellip;]<\/p>\n","protected":false},"author":1,"featured_media":0,"parent":0,"menu_order":0,"comment_status":"closed","ping_status":"closed","template":"","meta":{"footnotes":""},"class_list":["post-841","page","type-page","status-publish","hentry"],"_links":{"self":[{"href":"https:\/\/mundoletroso.com.ar\/blog\/wp-json\/wp\/v2\/pages\/841","targetHints":{"allow":["GET"]}}],"collection":[{"href":"https:\/\/mundoletroso.com.ar\/blog\/wp-json\/wp\/v2\/pages"}],"about":[{"href":"https:\/\/mundoletroso.com.ar\/blog\/wp-json\/wp\/v2\/types\/page"}],"author":[{"embeddable":true,"href":"https:\/\/mundoletroso.com.ar\/blog\/wp-json\/wp\/v2\/users\/1"}],"replies":[{"embeddable":true,"href":"https:\/\/mundoletroso.com.ar\/blog\/wp-json\/wp\/v2\/comments?post=841"}],"version-history":[{"count":14,"href":"https:\/\/mundoletroso.com.ar\/blog\/wp-json\/wp\/v2\/pages\/841\/revisions"}],"predecessor-version":[{"id":3376,"href":"https:\/\/mundoletroso.com.ar\/blog\/wp-json\/wp\/v2\/pages\/841\/revisions\/3376"}],"wp:attachment":[{"href":"https:\/\/mundoletroso.com.ar\/blog\/wp-json\/wp\/v2\/media?parent=841"}],"curies":[{"name":"wp","href":"https:\/\/api.w.org\/{rel}","templated":true}]}}