{"id":837,"date":"2022-10-25T23:09:00","date_gmt":"2022-10-25T23:09:00","guid":{"rendered":"https:\/\/mundoletroso.com.ar\/blog\/apoyanos-%f0%9f%92%9c\/"},"modified":"2025-12-14T17:39:27","modified_gmt":"2025-12-14T20:39:27","slug":"apoyaraml","status":"publish","type":"page","link":"https:\/\/mundoletroso.com.ar\/blog\/apoyaraml\/","title":{"rendered":"Apoyanos \ud83d\udc9c"},"content":{"rendered":"<div style=\"font-family: 'Merienda', sans-serif; font-size: 15px; line-height: 1.8; color: #444;\">\n<p><!-- Imagen Superior --><\/p>\n<div style=\"text-align: center; margin-bottom: 20px;\"><a href=\"https:\/\/i.imgur.com\/YR6l5ye.png\" target=\"_blank\" rel=\"noopener\"><br \/>\n<img loading=\"lazy\" decoding=\"async\" style=\"max-width: 100%; height: auto;\" src=\"https:\/\/i.imgur.com\/YR6l5ye.png\" alt=\"Header\" width=\"574\" height=\"287\" \/><br \/>\n<\/a><\/div>\n<p><!-- Fecha --><\/p>\n<div style=\"text-align: center; font-family: 'Bad Script', cursive; font-size: 16px; color: #888; margin-bottom: 30px;\">\ufe35\ufe35\ufe35\ufe35\ufe35\ufe35\ufe35\ufe35\ufe35\ufe35<br \/>\ncreado ; 14\/12\/2025<br \/>\n\ufe36\ufe36\ufe36\ufe36\ufe36\ufe36\ufe36\ufe36\ufe36\ufe36<\/div>\n<p><!-- Contenido del Texto --><\/p>\n<div style=\"text-align: justify;\">\n<p>Desde el comienzo, all\u00e1 por el 2016, cree el blog con el objetivo de aprender y compartir lecturas que yo hab\u00eda hecho y me hab\u00edan gustado. Al pasar los meses se convirti\u00f3 en querer fomentar la lectura mas all\u00e1 de los libros que yo hab\u00eda le\u00eddo, sino cualquiera y de cualquier g\u00e9nero&#8230; el dedicarle mis tiempos libres al blog y a sus temas t\u00e9cnicos, me apasionaron y sobretodo el descubrir todo un mundo nuevo&#8230; un mundo de libros y tem\u00e1ticas que ni sabia que exist\u00edan, haci\u00e9ndome que me enamorara de muchos autores que desconoc\u00eda.<\/p>\n<p>Con el pasar el tiempo me lleve varios golpes que me obligaron a cambiar y modificar mi blog de mil maneras para poder evitar que me lo borraran, no creo que alguien se acuerde las veces que me pase de Blogger a WordPress, como en 2 oportunidades, fue toda una odisea porque son sitios totalmente diferentes. En alg\u00fan momento tambi\u00e9n incursion\u00e9 varias veces en diferentes modos de descarga hasta que pude dar con el adecuado que jam\u00e1s me di\u00f3 problemas graves. Con esto puedo decir que estoy orgullosa de que jam\u00e1s me borraron ninguno de mis blogs, quiz\u00e1s s\u00ed tuve llamadas de atenci\u00f3n o me cerraron nubes o sitios pero mi blog sigue intacto&#8230;<\/p>\n<p>Obviamente nunca fue mi intenci\u00f3n el fomentar la ilegalidad sino todo lo contrario, siempre promuevo el apoyo a los autores, que siempre compren los libros f\u00edsicos o digitales oficiales, si est\u00e1 a su alcance, es la \u00fanica manera de ayudar a que sigan escribiendo las maravillosas obras que nos dejan.<\/p>\n<p>Lamentablemente existe la cacer\u00eda de brujas, que hay desde hace tiempo, y que sigue en pie&#8230; y siempre estar\u00e1 entre nosotros, se han perdido muchos buenos blogs y canales de Telegram. Por esto, es importante el no compartir accesos, invitaciones o enlaces.<\/p>\n<p>En 2024 he tenido que renunciar a mucho, dejando atr\u00e1s otras plataformas y dominios. Desde ese momento empezamos a trasladarnos al Servidor de Discord, que hasta el momento funciona muy bien y tenemos la ventaja de que es gratuito.<\/p>\n<p>Ahora bien, estamos en 2025 y tuvimos la mala suerte, hace unas semanas, de que nos eliminaran la cuenta de Pastebin y Teletype, que eran los contenedores de enlaces que est\u00e1bamos usando desde hace varios a\u00f1os&#8230; mas de 300 enlaces son los que tengo que volver a migrar a otros sitios&#8230;<\/p>\n<p>Estas semanas que han pasado he estado en la b\u00fasqueda de nuevos sitios de confianza en la que alojar los enlaces, ya que dejarlos expuestos en el Servidor de Discord es muy peligroso&#8230; porque nos pueden cerrar todo por infringir condiciones de uso.<br \/>\nLamentablemente no he podido encontrar ninguno que tenga antig\u00fcedad y que cumpla con mis expectativas y necesidades, intente con uno y me lo cerraron a los d\u00edas.<\/p>\n<p>Por mi paz mental tome una decisi\u00f3n, de la cual s\u00e9 que quiz\u00e1s me arrepienta, de volver a adquirir un hosting privado para poder hacer yo misma una p\u00e1gina que contenga los enlaces&#8230; busqu\u00e9 durante d\u00edas y al final pude encontrar uno relativamente econ\u00f3mico, pero sigue siendo dinero que se tiene que solventar trimestralmente [20 mil pesos argentinos &#8211; aproximadamente 15 o 16 USD].<\/p>\n<p>Aprovechando el Hosting web, desde ahora estoy alojando dos sitios creados por mi para usarse exclusivamente como contenedores de enlaces (opc 1 y 2). Desde ahora el acceso a estos contenedores ser\u00e1 con contrase\u00f1a para asegurarlos aun mas. En todo este \u00ednterin, Blogger comenz\u00f3 a bajarme muchas publicaciones en varias tandas&#8230; incluyendo la p\u00e1gina donde tenia la invitaci\u00f3n a DC, oblig\u00e1ndome a tener que ver que hacer. Tomando la decisi\u00f3n de pasar todo A WordPress nuevamente. As\u00ed que a partir de ahora todo estar\u00e1 creado y gestionado por mi, salvo los sitios de almacenamiento que seguir\u00e1n siendo los de siempre.<br \/>\nCon este nuevo gasto de dinero y tiempo, es cuando, con una mano en el coraz\u00f3n, solicito que si esta en la posibilidad de poder apoyar, aunque sea con un d\u00f3lar, lo hagan.<\/p>\n<p>Obviamente no es obligatorio y queda en la posibilidad de quien pueda.<br \/>\nLa verdad, esto sali\u00f3 de un impulso de poder seguir con el blog&#8230; mas que porque me sobre el dinero. Como algunos sabr\u00e1n soy de Argentina y no estamos bien desde hace a\u00f1os&#8230; el cambio de gobierno no hizo cambios significativos en la clase trabajadora as\u00ed que estamos medio complicados.<br \/>\nNo estoy para hablar de temas pol\u00edticos pero siempre ser\u00e9 honesta con estos temas&#8230; el objetivo principal del blog siempre fue que todo sea gratuito pero es imposible seguir si aparecen tantas trabas, igualmente siempre tratar\u00e9 de seguir lo mas que pueda&#8230; no se preocupen, que intentar\u00e9 no desaparecer!<\/p>\n<p>Nuevamente repito, no se sientan en la obligaci\u00f3n jam\u00e1s de tener que apoyarnos econ\u00f3micamente, ya agradezco infinitamente la paciencia y por supuesto las colaboraciones de contenido que siempre alguien hace \ud83d\udc9c\u00a0<\/p>\n<\/div>\n<p><!-- Separador --><\/p>\n<div style=\"text-align: center; margin: 30px 0; color: #414549;\">\u2501\u2501\u2501\u2501\u2501\u2501\u2501\u2501\u2501\u2501 \u00a0 \u30fb \u00a0 \u30fb \u00a0 \u30fb \u00a0 \u30fb \u2606<\/div>\n<p><!-- Lista --><\/p>\n<ul style=\"text-align: left; margin-left: 20px; margin-bottom: 20px;\">\n<li style=\"margin-bottom: 10px;\">Dejar\u00e9 el correo de Paypal para quienes sean de otros pa\u00edses y quieran ayudarnos.<\/li>\n<li style=\"margin-bottom: 10px;\">Si eres de Argentina puedes mandar DM o abrir Ticket <span style=\"font-size: small;\"><i>(por DC)<\/i><\/span> y te paso CBU.<\/li>\n<\/ul>\n<div style=\"text-align: center; margin-bottom: 30px;\"><i style=\"font-size: 12px;\"><b>(En cualquier caso siempre d\u00e9jenme su ID de cuenta de DC)<\/b><\/i><\/div>\n<p><!-- Footer Firma y Bot\u00f3n --><\/p>\n<div style=\"margin-top: 40px;\">\n<p style=\"text-align: left; display: flex; align-items: center; gap: 10px;\"><span style=\"color: #8e7cc3;\">Gracias infinitas por leer tanta palabrer\u00eda y la comprensi\u00f3n<\/span><br \/>\n<img loading=\"lazy\" decoding=\"async\" style=\"vertical-align: middle;\" src=\"https:\/\/i.postimg.cc\/j5z9Rc6g\/793614552435916800.webp\" alt=\"Coraz\u00f3n\" width=\"41\" height=\"41\" \/><\/p>\n<div style=\"display: flex; align-items: center; justify-content: flex-start;\">\n<!-- TU NOMBRE --><br \/>\n <span style=\"font-family: 'Merienda', cursive; font-size: 16px; color: #666;\"><br \/>\n        Agustina.-<br \/>\n    <\/span><\/p>\n<p>    <!-- EL BOT\u00d3N --><br \/>\n    <a href=\"javascript:void(0);\" class=\"btn-paypal-firma\" onclick=\"abrirPopupDonar(event)\"><br \/>\n        \ud83c\udf52 PayPal<br \/>\n    <\/a>\n<\/div>\n","protected":false},"excerpt":{"rendered":"<p>\ufe35\ufe35\ufe35\ufe35\ufe35\ufe35\ufe35\ufe35\ufe35\ufe35 creado ; 14\/12\/2025 \ufe36\ufe36\ufe36\ufe36\ufe36\ufe36\ufe36\ufe36\ufe36\ufe36 Desde el comienzo, all\u00e1 por el 2016, cree el blog con el objetivo de aprender y compartir lecturas que yo hab\u00eda hecho y me hab\u00edan gustado. Al pasar los meses se convirti\u00f3 en querer fomentar la lectura mas all\u00e1 de los libros que yo hab\u00eda le\u00eddo, sino cualquiera y de [&hellip;]<\/p>\n","protected":false},"author":1,"featured_media":0,"parent":0,"menu_order":0,"comment_status":"closed","ping_status":"closed","template":"","meta":{"footnotes":""},"class_list":["post-837","page","type-page","status-publish","hentry"],"_links":{"self":[{"href":"https:\/\/mundoletroso.com.ar\/blog\/wp-json\/wp\/v2\/pages\/837","targetHints":{"allow":["GET"]}}],"collection":[{"href":"https:\/\/mundoletroso.com.ar\/blog\/wp-json\/wp\/v2\/pages"}],"about":[{"href":"https:\/\/mundoletroso.com.ar\/blog\/wp-json\/wp\/v2\/types\/page"}],"author":[{"embeddable":true,"href":"https:\/\/mundoletroso.com.ar\/blog\/wp-json\/wp\/v2\/users\/1"}],"replies":[{"embeddable":true,"href":"https:\/\/mundoletroso.com.ar\/blog\/wp-json\/wp\/v2\/comments?post=837"}],"version-history":[{"count":15,"href":"https:\/\/mundoletroso.com.ar\/blog\/wp-json\/wp\/v2\/pages\/837\/revisions"}],"predecessor-version":[{"id":3289,"href":"https:\/\/mundoletroso.com.ar\/blog\/wp-json\/wp\/v2\/pages\/837\/revisions\/3289"}],"wp:attachment":[{"href":"https:\/\/mundoletroso.com.ar\/blog\/wp-json\/wp\/v2\/media?parent=837"}],"curies":[{"name":"wp","href":"https:\/\/api.w.org\/{rel}","templated":true}]}}