{"id":827,"date":"2026-01-30T21:23:00","date_gmt":"2026-01-31T00:23:00","guid":{"rendered":"https:\/\/mundoletroso.com.ar\/blog\/orden-de-lectura-del-universo-mitologico-de-rick-riordan\/"},"modified":"2026-01-30T21:23:18","modified_gmt":"2026-01-31T00:23:18","slug":"orden-de-lectura-del-universo-mitologico-de-rick-riordan","status":"publish","type":"page","link":"https:\/\/mundoletroso.com.ar\/blog\/orden-de-lectura-del-universo-mitologico-de-rick-riordan\/","title":{"rendered":"Orden de lectura del Universo Mitologico de Rick Riordan"},"content":{"rendered":"<p>&nbsp;<\/p>\n<div class=\"separator\" style=\"clear: both; text-align: center;\"><a style=\"margin-left: 1em; margin-right: 1em;\" href=\"https:\/\/i.postimg.cc\/C1RkJ1xG\/ODL02.png\"><img loading=\"lazy\" decoding=\"async\" src=\"https:\/\/i.postimg.cc\/C1RkJ1xG\/ODL02.png\" width=\"524\" height=\"296\" border=\"0\" data-original-height=\"721\" data-original-width=\"1280\" \/><\/a><\/div>\n<p>&nbsp;<\/p>\n<p>&nbsp;<\/p>\n<p>&nbsp;<\/p>\n<div dir=\"ltr\" style=\"background-color: white; color: #303030;\">\n<div style=\"text-align: center;\"><span style=\"color: orange;\"><span style=\"font-family: Rubik Bubbles; font-size: large;\"><u>ORDEN DE LECTURA DEL UNIVERSO MITOLOGICO DE RICK RIORDAN<\/u>\u00a0(Percy Jackson)<\/span><\/span><\/div>\n<div style=\", trebuchet, sans-serif;font-size: 14.3px; text-align: center;\"><b><span style=\"color: orange;\">\u00a0<\/span><\/b><\/div>\n<div style=\", trebuchet, sans-serif;font-size: 14.3px; text-align: center;\"><b><span style=\"color: orange;\">\u00a0<\/span><\/b><\/div>\n<div style=\", trebuchet, sans-serif;font-size: 14.3px; text-align: center;\">\n<p class=\"alert alert-info\" style=\"background-color: #d1ecf1; border-radius: 4px; color: #0c5460; font-family: Helvetica, sans-serif; font-size: 0.85rem; padding: 15px;\">(Ultima actualizaci\u00f3n 30\/01\/2026)<\/p>\n<\/div>\n<\/div>\n<div style=\"background-color: white; color: #303030; , trebuchet, sans-serif;font-size: 14.3px; text-align: center;\">\u00a0<\/div>\n<p><span style=\"font-family: Catamaran; font-size: 20px; color: #339966;\"><u style=\"background-color: white;\"><b>Series que componen este universo:<\/b><\/u><\/span><br style=\"background-color: white; color: #303030; , trebuchet, sans-serif;font-size: 14.3px;\" \/><br \/>\n<br style=\"background-color: white; color: #303030; , trebuchet, sans-serif;font-size: 14.3px;\" \/><br \/>\n<span style=\"font-family: Kumbh Sans; font-size: medium;\"><span style=\"font-family: Catamaran; font-size: 20px;\"><span style=\"color: #38761d;\">\u2666<\/span> <a href=\"https:\/\/mundoletroso.com.ar\/blog\/2025\/07\/22\/1-percy-jackson-the-olympians-_-rick-riordan-el-universo-mitologico\/\" target=\"_blank\" rel=\"noopener\">Percy Jackson &amp; the Olympians<\/a><\/span><br \/>\n<span style=\"font-family: Catamaran; font-size: 20px;\"><span style=\"color: #38761d;\">\u2666<\/span>\u00a0<a href=\"https:\/\/mundoletroso.com.ar\/blog\/2024\/09\/07\/e-camp-half-blood-chronicles-_-rick-riordan-el-universo-mitologico\/\" target=\"_blank\" rel=\"noopener\">Camp Half-Blood Chronicles<\/a><\/span><br \/>\n<span style=\"font-family: Catamaran; font-size: 20px;\"><span style=\"color: #38761d;\">\u2666<\/span>\u00a0<a href=\"https:\/\/mundoletroso.com.ar\/blog\/2024\/09\/07\/4-the-kane-chronicles-_-rick-riordan-el-universo-mitologico\/\" target=\"_blank\" rel=\"noopener\">The Kane Chronicles &amp;\u00a0Demigods &amp; Magicians<\/a><\/span><br \/>\n<span style=\"font-family: Catamaran; font-size: 20px;\"><span style=\"color: #38761d;\">\u2666<\/span>\u00a0<a href=\"https:\/\/mundoletroso.com.ar\/blog\/2024\/09\/07\/9-the-heroes-of-olympus-_-rick-riordan-el-universo-mitologico\/\" target=\"_blank\" rel=\"noopener\">The Heroes of Olympus<\/a><\/span><br \/>\n<span style=\"font-family: Catamaran; font-size: 20px;\"><span style=\"color: #38761d;\">\u2666<\/span>\u00a0<a href=\"https:\/\/mundoletroso.com.ar\/blog\/2024\/09\/07\/10-magnus-chase-and-the-gods-of-asgard-_-rick-riordan-el-universo-mitologico\/\" target=\"_blank\" rel=\"noopener\">Magnus Chase and the Gods of Asgard<\/a><\/span><br \/>\n<span style=\"font-family: Catamaran; font-size: 20px;\"><span style=\"color: #38761d;\">\u2666<\/span>\u00a0<\/span><a href=\"https:\/\/mundoletroso.com.ar\/blog\/2024\/09\/07\/11-the-trials-of-apollo-_-rick-riordan-el-universo-mitologico\/\" target=\"_blank\" rel=\"noopener\"><span style=\"font-family: Catamaran; font-size: 20px;\">The Trials of Apollo<\/span><\/a><\/span><\/p>\n<p>&nbsp;<\/p>\n<div dir=\"ltr\" style=\"background-color: white;\">\n<div style=\"color: #303030; text-align: justify;\"><span style=\"font-family: Catamaran; font-size: 17px;\"><b>\u2705<\/b>Se recomienda seguir el orden de lectura dispuesto para entender muchos acontecimientos entre libros y detalles del tiempo cronol\u00f3gico que ayudaran a comprender mejor la trama general de este universo y algunos detalles espec\u00edficos de cada personaje. Si bien cada \u00abserie\u00bb de libros tiene sus personajes y sus historias propias siempre se entrelazan con los dem\u00e1s series de alguna manera.<\/span><\/div>\n<div style=\"text-align: justify;\"><span style=\"color: #303030; font-family: Catamaran; font-size: 17px;\">\u00a0<\/span><\/div>\n<div style=\"text-align: justify;\"><span style=\"font-family: Catamaran; font-size: 17px;\"><b>\u2705<\/b>\u00a0Este orden de lectura lo mantendr\u00e9 actualizado siempre que encuentre novedades, el autor aun se encuentra escribiendo nuevos libros y se seguir\u00e1n agregando libros al universo, aun as\u00ed las traducciones al espa\u00f1ol se toman su tiempo indeterminado en realizarse as\u00ed que no podemos asegurar cuanto demorar\u00e1n los grupos de traductores en finalizar y compartir los libros para yo poder traerlo al blog, sepan comprender y tener paciencia, no me pregunten sobre tiempos estimados porque es informaci\u00f3n ajena que no conozco.<\/span><\/div>\n<div style=\"text-align: justify;\">\u00a0<\/div>\n<\/div>\n<div dir=\"ltr\" style=\"background-color: white; color: #303030; text-align: justify;\"><span style=\"font-family: Catamaran; font-size: 17px;\">\ud83d\udce2 Aqu\u00ed no se traduce ning\u00fan libro, no nos hacemos responsables de la manera en que son traducidos o corregidos por las personas o grupos que comparten el contenido.<\/span><\/div>\n<div dir=\"ltr\" style=\"background-color: white; color: #303030; , trebuchet, sans-serif;font-size: 14.3px;\">\u00a0<\/div>\n<div dir=\"ltr\" style=\"background-color: white; color: #303030; , trebuchet, sans-serif;font-size: 14.3px;\">\u00a0<\/div>\n<div dir=\"ltr\" style=\"background-color: white; font-size: 14.3px;\"><span style=\"color: #38761d; font-family: News Cycle; font-size: 13px;\"><i><b>[Se enumerar\u00e1n las series en el orden que deben leerse y si es necesario los libros dentro de una serie, es decir, los libros dentro de una serie se leen en el orden que se ven salvo que este aclarado con un n\u00famero de orden especifico, gracias!]<\/b><\/i><\/span><\/div>\n<div dir=\"ltr\" style=\"background-color: white; color: #303030; , trebuchet, sans-serif;font-size: 14.3px;\">\u00a0<\/div>\n<div dir=\"ltr\" style=\"background-color: white; color: #303030; , trebuchet, sans-serif;font-size: 14.3px;\">\u00a0<\/div>\n<div dir=\"ltr\" style=\"background-color: white; color: #303030; , trebuchet, sans-serif;font-size: 14.3px;\">\u00a0<\/div>\n<div dir=\"ltr\">\n<div dir=\"ltr\" style=\"background-color: white;\"><span style=\"font-family: Catamaran; font-size: 17px; color: #33cccc;\"><b>1 \u2192 Percy Jackson &amp; the Olympians<\/b><\/span><\/div>\n<div dir=\"ltr\" style=\"background-color: white; color: #303030; , trebuchet, sans-serif;font-size: 14.3px;\">\n<span style=\"font-family: Catamaran; font-size: 17px;\">\u205c The Lightning Thief\u00a0<\/span><\/div>\n<div dir=\"ltr\" style=\"background-color: white; color: #303030; , trebuchet, sans-serif;font-size: 14.3px;\"><span style=\"font-family: Catamaran; font-size: 17px;\">\u205c The Sea Of Monsters<\/span><\/div>\n<div dir=\"ltr\" style=\"background-color: white; color: #303030; , trebuchet, sans-serif;font-size: 14.3px;\"><span style=\"font-family: Catamaran; font-size: 17px;\">\u205c The Titan\u2019s Curse\u00a0<\/span><\/div>\n<div dir=\"ltr\" style=\"background-color: white; color: #303030; , trebuchet, sans-serif;font-size: 14.3px;\"><span style=\"font-family: Catamaran; font-size: 17px;\">\u205c The Battle Of The Labyrinth\u00a0<\/span><\/div>\n<div dir=\"ltr\" style=\"background-color: white; color: #303030; , trebuchet, sans-serif;font-size: 14.3px;\"><span style=\"font-family: Catamaran; font-size: 17px;\">\u205c The Last Olympian\u00a0<\/span><\/div>\n<div dir=\"ltr\" style=\"background-color: white; color: #303030; , trebuchet, sans-serif;font-size: 14.3px;\"><span style=\"font-family: Catamaran; font-size: 17px;\">\u205c Percy Jackson and the Singer of Apollo<\/span><\/div>\n<div dir=\"ltr\" style=\"background-color: white; color: #303030; , trebuchet, sans-serif;font-size: 14.3px;\"><span style=\"font-family: Catamaran; font-size: 17px;\">\u205c The Chalice of the Gods<\/span><\/div>\n<div dir=\"ltr\" style=\"background-color: white;\"><span style=\"color: #303030; font-family: Catamaran; font-size: 17px;\">\u205c Percy Jackson and the olimpians the demigod files<\/span><br \/>\n<span style=\"font-family: Catamaran; font-size: 17px;\">\u205c\u00a0Wrath of the Triple Goddess<\/span><\/div>\n<div dir=\"ltr\" style=\"background-color: white; color: #303030; , trebuchet, sans-serif;font-size: 14.3px;\"><span style=\"color: #ff0000;\"><em><strong><span style=\"font-family: Catamaran; font-size: 17px;\">\u205c Libro \u00absin titulo\u00bb<\/span><\/strong><\/em><\/span><\/div>\n<div dir=\"ltr\" style=\"background-color: white; color: #303030; , trebuchet, sans-serif;font-size: 14.3px;\">\u00a0<\/div>\n<div dir=\"ltr\" style=\"background-color: white;\"><span style=\"color: #33cccc; font-family: Catamaran; font-size: 17px;\"><b>(Extras) Camp Half-Blood Chronicles<\/b><\/span><\/div>\n<div dir=\"ltr\" style=\"background-color: white; color: #303030; , trebuchet, sans-serif;font-size: 14.3px;\">\u00a0<\/div>\n<div dir=\"ltr\" style=\"background-color: white;\"><span style=\"font-family: Catamaran; font-size: 17px;\"><span style=\"color: #b45f06;\"><strong>2<\/strong> \u2192<\/span><span style=\"color: #303030;\"> Percy Jackson&#8217;s Greek Gods<\/span><\/span><\/div>\n<div dir=\"ltr\" style=\"background-color: white;\"><span style=\"font-family: Catamaran; font-size: 17px;\"><span style=\"color: #b45f06;\"><strong>3<\/strong><b>\u00a0\u2192\u00a0<\/b><\/span><span style=\"color: #303030;\">Percy Jackson&#8217;s Greek Heroes<\/span><\/span><\/div>\n<div dir=\"ltr\" style=\"background-color: white;\"><span style=\"color: #303030; font-size: 17px; font-family: Catamaran;\">\u00a0<\/span><\/div>\n<div dir=\"ltr\" style=\"background-color: white; color: #303030; , trebuchet, sans-serif;font-size: 14.3px;\">\u00a0<\/div>\n<div dir=\"ltr\" style=\"background-color: white;\"><span style=\"font-family: Catamaran; font-size: 17px; color: #33cccc;\"><b>4 \u2192<\/b> <b>The Kane Chronicles &amp; Demigods &amp; Magicians<\/b><\/span><\/div>\n<div dir=\"ltr\" style=\"background-color: white; color: #303030; , trebuchet, sans-serif;font-size: 14.3px;\">\u00a0<\/div>\n<div dir=\"ltr\" style=\"background-color: white;\">\n<div dir=\"ltr\" style=\"color: #303030; , trebuchet, sans-serif;font-size: 14.3px;\"><span style=\"font-family: Catamaran; font-size: 17px;\">\u205c The Red Pyramid\u00a0<\/span><\/div>\n<div dir=\"ltr\" style=\"color: #303030; , trebuchet, sans-serif;font-size: 14.3px;\"><span style=\"font-family: Catamaran; font-size: 17px;\">\u205c The Throne of Fire\u2009<\/span><\/div>\n<div dir=\"ltr\" style=\"color: #303030; , trebuchet, sans-serif;font-size: 14.3px;\"><span style=\"font-family: Catamaran; font-size: 17px;\">\u205c The Serpent\u2019s Shadow<\/span><\/div>\n<div dir=\"ltr\" style=\"color: #303030; , trebuchet, sans-serif;font-size: 14.3px;\">\u00a0<\/div>\n<div dir=\"ltr\"><span style=\"font-family: Catamaran; font-size: 17px;\"><span style=\"color: #33cccc;\"><b>5 \u2192<\/b><\/span><span style=\"color: #303030;\">\u00a0The Son of Sobek &#8211; <\/span><span style=\"color: #33cccc;\"><b>Demigods &amp; Magicians<\/b><\/span><\/span><\/div>\n<div dir=\"ltr\"><span style=\"font-family: Catamaran; font-size: 17px;\"><span style=\"color: #33cccc;\"><b>6 \u2192<\/b><\/span><span style=\"color: #303030;\"><span style=\"color: #33cccc;\">\u00a0<\/span>The Staff of Serapis &#8211;\u00a0<\/span><span style=\"color: #33cccc;\"><b>Demigods &amp; Magicians<\/b><\/span><\/span><\/div>\n<div dir=\"ltr\"><span style=\"font-family: Catamaran; font-size: 17px;\"><span style=\"color: #33cccc;\"><b>7 \u2192<\/b><\/span><span style=\"color: #303030;\">\u00a0The Crown of Ptolemy &#8211;\u00a0<\/span><span style=\"color: #33cccc;\"><b>Demigods &amp; Magicians<\/b><\/span><\/span><\/div>\n<\/div>\n<div dir=\"ltr\" style=\"background-color: white; color: #303030; , trebuchet, sans-serif;font-size: 14.3px;\">\u00a0<\/div>\n<div dir=\"ltr\" style=\"background-color: white; color: #303030; , trebuchet, sans-serif;font-size: 14.3px;\">\u00a0<\/div>\n<div dir=\"ltr\" style=\"background-color: white;\"><span style=\"font-family: Catamaran; font-size: 17px;\"><span style=\"color: #33cccc;\"><b>8\u00a0\u2192<\/b><\/span><span style=\"color: #303030;\">\u00a0Your Guide to Egyptian Gods &amp; Creatures, Glyphs &amp; Spells, and More &#8211;\u00a0<\/span><span style=\"color: #33cccc;\"><b>Camp Half-Blood Chronicles<\/b><\/span><\/span><\/div>\n<div dir=\"ltr\" style=\"background-color: white; color: #303030; , trebuchet, sans-serif;font-size: 14.3px;\">\u00a0<\/div>\n<div dir=\"ltr\" style=\"background-color: white; color: #303030; , trebuchet, sans-serif;font-size: 14.3px;\">\u00a0<\/div>\n<div dir=\"ltr\" style=\"background-color: white;\"><span style=\"font-family: Catamaran; font-size: 17px; color: #33cccc;\"><b>9 \u2192<\/b> <b>The Heroes of Olympus<\/b><\/span><\/div>\n<div dir=\"ltr\" style=\"background-color: white; color: #303030; , trebuchet, sans-serif;font-size: 14.3px;\"><\/p>\n<div dir=\"ltr\"><span style=\"font-family: Catamaran; font-size: 17px;\">\u205c The Heroes of Olympus<\/span><\/div>\n<div dir=\"ltr\"><span style=\"font-family: Catamaran; font-size: 17px;\">\u205c The Son of Neptune\u00a0<\/span><\/div>\n<div dir=\"ltr\"><span style=\"font-family: Catamaran; font-size: 17px;\">\u205c The Mark of Athena\u2009<\/span><\/div>\n<div dir=\"ltr\"><span style=\"font-family: Catamaran; font-size: 17px;\">\u205c The House of Hades<\/span><\/div>\n<div dir=\"ltr\"><span style=\"font-family: Catamaran; font-size: 17px;\">\u205c The Blood of Olympus\u2009<\/span><\/div>\n<div dir=\"ltr\"><span style=\"font-family: Catamaran; font-size: 17px;\">\u205c The Demigod Diaries\u00a0<\/span><\/div>\n<div dir=\"ltr\">\u00a0<\/div>\n<div dir=\"ltr\">\u00a0<\/div>\n<\/div>\n<div dir=\"ltr\" style=\"background-color: white;\"><span style=\"color: #33cccc; font-family: Catamaran; font-size: 17px;\"><b>10 \u2192 Magnus Chase and the Gods of Asgard<\/b><\/span><\/div>\n<div dir=\"ltr\" style=\"background-color: white; color: #303030; , trebuchet, sans-serif;font-size: 14.3px;\">\n<div dir=\"ltr\">\u00a0<\/div>\n<div dir=\"ltr\"><span style=\"font-family: Catamaran; font-size: 17px;\">\u205c The Sword of Summer<\/span><\/div>\n<div dir=\"ltr\"><span style=\"font-family: Catamaran; font-size: 17px;\">\u205c The Hammer of Thor\u00a0<\/span><\/div>\n<div dir=\"ltr\"><span style=\"font-family: Catamaran; font-size: 17px;\">\u205c The Ship of the Dead<\/span><\/div>\n<div dir=\"ltr\"><span style=\"font-family: Catamaran; font-size: 17px;\">\u205c Guide to the norse worlds your introduction to deities, mythical beings &amp; fantastic creatures<\/span><\/div>\n<div dir=\"ltr\"><span style=\"font-family: Catamaran; font-size: 17px;\">\u205c 9 From the Nine Worlds<\/span><\/div>\n<\/div>\n<div dir=\"ltr\" style=\"background-color: white; color: #303030; , trebuchet, sans-serif;font-size: 14.3px;\">\u00a0<\/div>\n<div dir=\"ltr\" style=\"background-color: white; color: #303030; , trebuchet, sans-serif;font-size: 14.3px;\">\u00a0<\/div>\n<div dir=\"ltr\" style=\"background-color: white;\"><span style=\"color: #b45f06; font-family: Catamaran; font-size: 17px;\"><b><span style=\"color: #33cccc;\">11 \u2192 The Trials of Apollo<\/span>\u00a0<\/b><\/span><\/div>\n<div dir=\"ltr\" style=\"background-color: white; color: #303030; , trebuchet, sans-serif;font-size: 14.3px;\">\u00a0<\/div>\n<div dir=\"ltr\" style=\"background-color: white; color: #303030; , trebuchet, sans-serif;font-size: 14.3px;\">\n<div dir=\"ltr\"><span style=\"font-family: Catamaran; font-size: 17px;\">\u205c The Hidden Oracle<\/span><\/div>\n<div dir=\"ltr\"><span style=\"font-family: Catamaran; font-size: 17px;\">\u205c The Dark Prophecy\u00a0<\/span><\/div>\n<div dir=\"ltr\"><span style=\"font-family: Catamaran; font-size: 17px;\">\u205c Camp Half-Blood Confidential<\/span><\/div>\n<div dir=\"ltr\"><span style=\"font-family: Catamaran; font-size: 17px;\">\u205c The Burning Maze<\/span><\/div>\n<div dir=\"ltr\"><span style=\"font-family: Catamaran; font-size: 17px;\">\u205c The Tyrant\u2019s Tomb<\/span><\/div>\n<div dir=\"ltr\"><span style=\"font-family: Catamaran; font-size: 17px;\">\u205c Camp Jupiter Classified: A Probatio&#8217;s Journal<\/span><\/div>\n<div dir=\"ltr\"><span style=\"font-family: Catamaran; font-size: 17px;\">\u205c The Tower of Nero<\/span><\/div>\n<\/div>\n<div style=\"background-color: white; color: #303030; , trebuchet, sans-serif;font-size: 14.3px;\">\u00a0<\/div>\n<div style=\"background-color: white; color: #303030; , trebuchet, sans-serif;font-size: 14.3px;\">\u00a0<\/div>\n<div style=\"background-color: white;\"><span style=\"font-family: Catamaran; font-size: 17px;\"><span style=\"color: #33cccc;\"><b>12 \u2192<\/b><\/span><span style=\"color: #303030;\"> The Sun and the Star: A Nico di Angelo Adventure &#8211;\u00a0<\/span><span style=\"color: #33cccc;\"><b>Camp Half-Blood Chronicles<\/b><\/span><\/span><\/div>\n<div style=\"background-color: white;\"><b style=\"color: #b45f06; font-size: large;\">\u00a0<\/b><\/div>\n<div style=\"background-color: white;\"><b style=\"color: #b45f06; font-size: large;\">\u00a0<\/b><\/div>\n<div style=\"background-color: white;\"><b style=\"color: #b45f06; font-size: large;\">\u00a0<\/b><\/div>\n<div style=\"background-color: white;\"><b style=\"color: #b45f06; font-size: large;\">\u00a0<\/b><\/div>\n<div style=\"text-align: center;\">\u2014\u2014\u2014\u2014\u2014\u2014\u2014\u2014\u2014\u2014\u2014\u2014 \uff08\uffe3\ufe36\uffe3\uff09\u2197 \u2014\u2014\u2014\u2014\u2014\u2014\u2014\u2014\u2014\u2014\u2014\u2014\u3000\u00a0<\/div>\n<\/div>\n<div dir=\"ltr\">\u00a0<\/div>\n<div dir=\"ltr\">\u00a0<\/div>\n<div dir=\"ltr\"><\/p>\n<div><span style=\"background-color: #ead1dc; font-size: large;\"><span style=\"color: #c27ba0; font-family: Racing Sans One;\">\ud83d\udc9f<\/span><span style=\"color: #741b47; font-family: Racing Sans One;\">Recuerden que los libros que aparezcan <\/span><span style=\"color: red; font-family: Racing Sans One;\"><i>en rojo<\/i><\/span><span style=\"color: #741b47; font-family: Racing Sans One;\"> es porque aun no esta disponible, se actualizar\u00e1n a medida que los consiga y los suba.<\/span><\/span><\/div>\n<\/div>\n","protected":false},"excerpt":{"rendered":"<p>&nbsp; &nbsp; &nbsp; &nbsp; ORDEN DE LECTURA DEL UNIVERSO MITOLOGICO DE RICK RIORDAN\u00a0(Percy Jackson) \u00a0 \u00a0 (Ultima actualizaci\u00f3n 30\/01\/2026) \u00a0 Series que componen este universo: \u2666 Percy Jackson &amp; the Olympians \u2666\u00a0Camp Half-Blood Chronicles \u2666\u00a0The Kane Chronicles &amp;\u00a0Demigods &amp; Magicians \u2666\u00a0The Heroes of Olympus \u2666\u00a0Magnus Chase and the Gods of Asgard \u2666\u00a0The Trials of Apollo [&hellip;]<\/p>\n","protected":false},"author":1,"featured_media":0,"parent":0,"menu_order":0,"comment_status":"closed","ping_status":"closed","template":"","meta":{"footnotes":""},"class_list":["post-827","page","type-page","status-publish","hentry"],"_links":{"self":[{"href":"https:\/\/mundoletroso.com.ar\/blog\/wp-json\/wp\/v2\/pages\/827","targetHints":{"allow":["GET"]}}],"collection":[{"href":"https:\/\/mundoletroso.com.ar\/blog\/wp-json\/wp\/v2\/pages"}],"about":[{"href":"https:\/\/mundoletroso.com.ar\/blog\/wp-json\/wp\/v2\/types\/page"}],"author":[{"embeddable":true,"href":"https:\/\/mundoletroso.com.ar\/blog\/wp-json\/wp\/v2\/users\/1"}],"replies":[{"embeddable":true,"href":"https:\/\/mundoletroso.com.ar\/blog\/wp-json\/wp\/v2\/comments?post=827"}],"version-history":[{"count":4,"href":"https:\/\/mundoletroso.com.ar\/blog\/wp-json\/wp\/v2\/pages\/827\/revisions"}],"predecessor-version":[{"id":3367,"href":"https:\/\/mundoletroso.com.ar\/blog\/wp-json\/wp\/v2\/pages\/827\/revisions\/3367"}],"wp:attachment":[{"href":"https:\/\/mundoletroso.com.ar\/blog\/wp-json\/wp\/v2\/media?parent=827"}],"curies":[{"name":"wp","href":"https:\/\/api.w.org\/{rel}","templated":true}]}}