{"id":825,"date":"2025-11-26T06:52:00","date_gmt":"2025-11-26T06:52:00","guid":{"rendered":"https:\/\/mundoletroso.com.ar\/blog\/orden-de-lectura-the-marriage-mayhem-world-_-aja-foxx-actualizacion-noviembre-2025\/"},"modified":"2025-12-06T16:31:23","modified_gmt":"2025-12-06T19:31:23","slug":"orden-de-lectura-the-marriage-mayhem-world-_-aja-foxx","status":"publish","type":"page","link":"https:\/\/mundoletroso.com.ar\/blog\/orden-de-lectura-the-marriage-mayhem-world-_-aja-foxx\/","title":{"rendered":"[Orden de lectura] The Marriage Mayhem World _ Aja Foxx \/ Actualizaci\u00f3n Noviembre 2025"},"content":{"rendered":"<p>&nbsp;<\/p>\n<div class=\"separator\" style=\"clear: both; text-align: center;\"><a style=\"margin-left: 1em; margin-right: 1em;\" href=\"https:\/\/i.postimg.cc\/fbSwmtrm\/UTMMW-AF.png\"><img loading=\"lazy\" decoding=\"async\" src=\"https:\/\/i.postimg.cc\/fbSwmtrm\/UTMMW-AF.png\" width=\"542\" height=\"305\" border=\"0\" data-original-height=\"721\" data-original-width=\"1280\" \/><\/a><\/div>\n<p>&nbsp;<\/p>\n<div dir=\"ltr\" style=\"background-color: white; color: #303030; , trebuchet, sans-serif;font-size: 14.3px;\">\n<div style=\"text-align: center;\"><span style=\"color: #6aa84f; font-family: Kalam; font-size: large;\"><u>ORDEN DE LECTURA<\/u><\/span><span style=\"font-size: large;\"><span style=\"font-family: Kalam;\"><br \/>\n<span style=\"color: #6aa84f;\"><u>THE MARRIAGE MAYHEM WORLD<\/u><\/span><\/span><\/span><\/div>\n<div style=\"text-align: center;\"><b><span style=\"color: orange;\">\u00a0<\/span><\/b><\/div>\n<div style=\"text-align: center;\">\n<p class=\"alert alert-info\" style=\"background-color: #d1ecf1; border-radius: 4px; color: #0c5460; font-family: Helvetica, sans-serif; font-size: 0.85rem; padding: 15px;\">(Ultima actualizaci\u00f3n 26\/11\/2025)<\/p>\n<\/div>\n<\/div>\n<div style=\"background-color: white; color: #303030; , trebuchet, sans-serif;font-size: 14.3px; text-align: center;\">\u00a0<\/div>\n<div style=\"background-color: white; color: #303030; , trebuchet, sans-serif;font-size: 14.3px; text-align: center;\">\u00a0<\/div>\n<div style=\"background-color: white; color: #303030; , trebuchet, sans-serif;font-size: 14.3px;\">\n<div><span style=\"font-family: Catamaran;\">\ud83d\udce2 Aqu\u00ed no se traduce ning\u00fan libro, no nos hacemos responsables de la manera en que son traducidos o corregidos por las personas o grupos que comparten el contenido.<\/span><\/div>\n<div><span style=\"font-family: Catamaran;\">\ud83e\uddc1 Si se publican mas libros o cuando ya est\u00e9n en el blog&#8230; aqu\u00ed se actualizar\u00e1.\u00a0<\/span><\/div>\n<div>\u00a0<\/div>\n<div>\u00a0<\/div>\n<div><span style=\"font-family: Catamaran;\"><img loading=\"lazy\" decoding=\"async\" class=\"f-panzoom__content f-lazyload is-lazyloaded\" src=\"https:\/\/i.postimg.cc\/wvWpXCCT\/pandcom.gif\" alt=\"Image #115\" width=\"78\" height=\"78\" \/>\u00a0<span style=\"color: #cc0000; font-size: 14px;\"><b>[Los libros en rojo son los que aun no est\u00e1n disponibles en espa\u00f1ol o aun no son publicados por el autor].<\/b><\/span><\/span><\/div>\n<div>\u00a0<\/div>\n<div>\u00a0<\/div>\n<div><span style=\"font-family: Catamaran; font-size: 20px;\"><b><span style=\"color: #76a5af;\">Series que componen:<\/p>\n<p><\/span><\/b><\/span><span style=\"font-family: Catamaran; font-size: 18px;\"><span style=\"color: #ff00fe;\">\u2729<\/span>\u00a0<a style=\"color: #6411ff;\" href=\"https:\/\/mundoletroso.com.ar\/blog\/2025\/06\/05\/marriage-mayhem-_-aja-foxx-the-marriage-mayhem-world-espanol\/\" target=\"_blank\" rel=\"noopener\">Marriage Mayhem<\/a><br \/>\n<\/span><span style=\"font-family: Catamaran; font-size: 18px;\"><span style=\"color: #ff00fe;\">\u2729<\/span>\u00a0<a href=\"https:\/\/mundoletroso.com.ar\/blog\/2025\/06\/05\/mafia-mayhem-_-aja-foxx-the-marriage-mayhem-world-espanol\/\" target=\"_blank\" rel=\"noopener\">Mafia Mayhem<\/a><br \/>\n<\/span><span style=\"font-family: Catamaran; font-size: 18px;\"><span style=\"color: #ff00fe;\">\u2729<\/span>\u00a0<a href=\"https:\/\/mundoletroso.com.ar\/blog\/2025\/06\/05\/mafia-mayhem-the-italian-connection-_-aja-foxx-the-marriage-mayhem-world-espanol\/\" target=\"_blank\" rel=\"noopener\">Mafia Mayhem: The Italian Connection<\/a><b><span style=\"color: #76a5af;\">\u00a0<\/span><\/b><\/span><\/div>\n<\/div>\n<p style=\"background-color: white; color: #303030;\">\u00a0<\/p>\n<p style=\"background-color: white; color: #303030;\"><span style=\"font-size: medium; font-family: Catamaran; color: #33cccc;\"><b>1 \u2192 Marriage Mayhem<\/b><\/span><\/p>\n<ul style=\"text-align: left;\">\n<li style=\"background-color: white; color: #303030;\"><span style=\"font-size: medium; font-family: Catamaran;\">The Marriage Contract<\/span><\/li>\n<li style=\"background-color: white; color: #303030;\"><span style=\"font-size: medium; font-family: Catamaran;\">The Marriage Runaway<\/span><\/li>\n<li style=\"background-color: white; color: #303030;\"><span style=\"font-size: medium; font-family: Catamaran;\">The Marriage Switch<\/span><\/li>\n<li style=\"background-color: white; color: #303030;\"><span style=\"font-size: medium; font-family: Catamaran;\">The Marriage Betrothal: Engagement Edition<\/span><\/li>\n<li style=\"background-color: white; color: #303030;\"><span style=\"font-size: medium; font-family: Catamaran;\">The Marriage Merger: Engagement Edition<\/span><\/li>\n<li style=\"background-color: white; color: #303030;\"><span style=\"font-size: medium; font-family: Catamaran;\">The Marriage Secret<\/span><\/li>\n<li style=\"background-color: white; color: #303030;\"><span style=\"font-size: medium; font-family: Catamaran;\">The Marriage Negotiation<\/span><\/li>\n<li style=\"background-color: white; color: #303030;\"><span style=\"font-size: medium; font-family: Catamaran;\">The Marriage Clause\n<p><\/span><\/li>\n<\/ul>\n<p><span style=\"font-size: medium; font-family: Catamaran; color: #33cccc;\"><b>2 \u2192\u00a0 Mafia Mayhem<\/b><\/span><\/p>\n<ul style=\"text-align: left;\">\n<li><span style=\"font-size: medium; font-family: Catamaran;\">The Capo&#8217;s Boy<\/span><\/li>\n<li><span style=\"font-size: medium; font-family: Catamaran;\">The Boss&#8217;s Boy<\/span><\/li>\n<li><span style=\"font-size: medium; font-family: Catamaran;\">The King&#8217;s Boy<\/span><\/li>\n<li><span style=\"font-size: medium; font-family: Catamaran;\">The Jefe&#8217;s Boy\n<p><\/span><\/li>\n<\/ul>\n<p><span style=\"font-size: medium; font-family: Catamaran;\"><b>\u00a0<span style=\"color: #33cccc;\">3 \u2192 Mafia Mayhem: The Italian Connection\u00a0<\/span><\/b><\/span><\/p>\n<ul style=\"text-align: left;\">\n<li><span style=\"font-size: medium; font-family: Catamaran;\">Bound To His Oath\u00a0<\/span><\/li>\n<li><span style=\"font-size: medium; font-family: Catamaran;\">Inherting The Mafia<\/span>\n<\/li>\n<\/ul>\n<p><span style=\"font-family: Catamaran;\">\u00a0\u00a0<\/span><\/p>\n<div>\n<div style=\"font-style: italic; text-align: center;\">\u2014\u2014\u2014\u2014\u2014\u2014\u2014\u2014\u2014\u2014\u2014\u2014 \uff08\uffe3\ufe36\uffe3\uff09\u2197 \u2014\u2014\u2014\u2014\u2014\u2014\u2014\u2014\u2014\u2014\u2014\u2014\u3000<\/div>\n<div style=\"color: #cc0000; text-align: center;\"><b>\u00a0<\/b><\/div>\n<div style=\"color: #cc0000; text-align: center;\"><b>\u00a0<\/b><\/div>\n<div style=\"color: #cc0000; text-align: center;\"><b>\u00a0<\/b><\/div>\n<div style=\"text-align: center;\"><b><span style=\"color: #351c75;\">\ud83d\udc9fRecuerden que los libros que aparezcan en\u00a0<\/span><span style=\"color: red;\">rojo<\/span><span style=\"color: #351c75;\">\u00a0es porque aun no esta disponible, se actualizar\u00e1n a medida que los consiga y los suba al blog.<\/span><\/b><\/div>\n<\/div>\n","protected":false},"excerpt":{"rendered":"<p>&nbsp; &nbsp; ORDEN DE LECTURA THE MARRIAGE MAYHEM WORLD \u00a0 (Ultima actualizaci\u00f3n 26\/11\/2025) \u00a0 \u00a0 \ud83d\udce2 Aqu\u00ed no se traduce ning\u00fan libro, no nos hacemos responsables de la manera en que son traducidos o corregidos por las personas o grupos que comparten el contenido. \ud83e\uddc1 Si se publican mas libros o cuando ya est\u00e9n en [&hellip;]<\/p>\n","protected":false},"author":1,"featured_media":0,"parent":0,"menu_order":0,"comment_status":"closed","ping_status":"closed","template":"","meta":{"footnotes":""},"class_list":["post-825","page","type-page","status-publish","hentry"],"_links":{"self":[{"href":"https:\/\/mundoletroso.com.ar\/blog\/wp-json\/wp\/v2\/pages\/825","targetHints":{"allow":["GET"]}}],"collection":[{"href":"https:\/\/mundoletroso.com.ar\/blog\/wp-json\/wp\/v2\/pages"}],"about":[{"href":"https:\/\/mundoletroso.com.ar\/blog\/wp-json\/wp\/v2\/types\/page"}],"author":[{"embeddable":true,"href":"https:\/\/mundoletroso.com.ar\/blog\/wp-json\/wp\/v2\/users\/1"}],"replies":[{"embeddable":true,"href":"https:\/\/mundoletroso.com.ar\/blog\/wp-json\/wp\/v2\/comments?post=825"}],"version-history":[{"count":3,"href":"https:\/\/mundoletroso.com.ar\/blog\/wp-json\/wp\/v2\/pages\/825\/revisions"}],"predecessor-version":[{"id":2411,"href":"https:\/\/mundoletroso.com.ar\/blog\/wp-json\/wp\/v2\/pages\/825\/revisions\/2411"}],"wp:attachment":[{"href":"https:\/\/mundoletroso.com.ar\/blog\/wp-json\/wp\/v2\/media?parent=825"}],"curies":[{"name":"wp","href":"https:\/\/api.w.org\/{rel}","templated":true}]}}