{"id":3416,"date":"2026-02-08T20:25:24","date_gmt":"2026-02-08T23:25:24","guid":{"rendered":"https:\/\/mundoletroso.com.ar\/blog\/?page_id=3416"},"modified":"2026-02-15T00:34:24","modified_gmt":"2026-02-15T03:34:24","slug":"club-de-lectura","status":"publish","type":"page","link":"https:\/\/mundoletroso.com.ar\/blog\/club-de-lectura\/","title":{"rendered":"Club de Lectura"},"content":{"rendered":"<p><img loading=\"lazy\" decoding=\"async\" class=\"aligncenter \" src=\"https:\/\/i.postimg.cc\/T2nK3q3f\/Copia_de_portada_hoja.png\" width=\"284\" height=\"278\" \/><\/p>\n<p>&nbsp;<\/p>\n<p><span style=\"font-family: Catamaran; font-size: 18px;\">Te invitamos a participar de nuestro Club de Lectura, un evento mensual pensado para compartir libros, charlas y opiniones en un ambiente relajado y cercano, exclusivamente dentro de nuestro servidor de DC.<\/span><\/p>\n<p><span style=\"font-family: Catamaran; font-size: 18px;\">El evento ser\u00e1 coordinado por una moderadora, dedicada especialmente a esta actividad, para garantizar una experiencia organizada, din\u00e1mica y agradable para todos los participantes.<\/span><\/p>\n<p>&nbsp;<\/p>\n<p><span style=\"font-family: Signika Negative; font-size: 24px;\">\ud83d\uddd3\ufe0f <span style=\"color: #cc99ff;\"><strong>\u00bfC\u00f3mo funciona el Club de Lectura?<\/strong><\/span><\/span><\/p>\n<p><span style=\"font-family: Catamaran; font-size: 18px;\">La din\u00e1mica del evento se desarrollar\u00e1 de la siguiente manera <em>(las fechas pueden variar levemente cada mes)<\/em>:<\/span><\/p>\n<p>&nbsp;<\/p>\n<p><span style=\"font-family: Signika Negative; font-size: 20px;\">\ud83d\udd39 <span style=\"color: #99ccff;\">Propuestas de lectura \u21b4<\/span><\/span><\/p>\n<p><span style=\"font-family: Catamaran; font-size: 18px;\">Durante la primera semana de cada mes, los miembros del servidor podr\u00e1n sugerir libros en espa\u00f1ol para la lectura mensual.<\/span><\/p>\n<p>&nbsp;<\/p>\n<p><span style=\"font-family: Signika Negative; font-size: 20px; color: #99ccff;\">\ud83d\udd39 Sorteo del libro \u21b4<\/span><\/p>\n<p><span style=\"font-family: Catamaran; font-size: 18px;\">El primer fin de semana del mes, se realizar\u00e1 un sorteo en vivo por videollamada dentro del canal de voz del servidor para elegir el libro ganador.<\/span><\/p>\n<p>&nbsp;<\/p>\n<p>\n<span style=\"font-family: Signika Negative; font-size: 20px; color: #99ccff;\">Una vez finalizado el sorteo:<\/span><\/p>\n<ul>\n<li><span style=\"font-family: Catamaran; font-size: 18px;\">Se anunciar\u00e1 el libro seleccionado.<\/span><\/li>\n<li><span style=\"font-family: Catamaran; font-size: 18px;\">Se informar\u00e1 el tiempo estimado de lectura, que ser\u00e1 aproximadamente de 20 d\u00edas, aunque puede variar seg\u00fan la extensi\u00f3n del libro.<\/span><\/li>\n<\/ul>\n<p>&nbsp;<\/p>\n<p><span style=\"font-family: Signika Negative; font-size: 20px; color: #99ccff;\">\ud83d\udd39 Tiempo de lectura \u21b4<\/span><\/p>\n<p><span style=\"font-family: Catamaran; font-size: 18px;\">Cada participante podr\u00e1 leer el libro a su propio ritmo dentro del per\u00edodo establecido.<\/span><\/p>\n<p>&nbsp;<\/p>\n<p><span style=\"font-family: Signika Negative; color: #99ccff; font-size: 20px;\">\ud83d\udd39 Debate y charla final \u21b4<\/span><\/p>\n<p><span style=\"font-family: Catamaran; font-size: 18px;\">Al finalizar el tiempo de lectura, el s\u00e1bado siguiente a la fecha limite establecida, se realizar\u00e1 una conversaci\u00f3n\/debate por voz en uno de los canales exclusivos para esta actividad.<\/span><\/p>\n<p>&nbsp;<\/p>\n<p><strong><span style=\"font-family: Signika Negative; font-size: 20px; color: #99ccff;\">Este encuentro tendr\u00e1 una estructura base, pero la idea principal es que sea:<\/span><\/strong><\/p>\n<p>&nbsp;<\/p>\n<ul>\n<li><span style=\"font-family: Catamaran; font-size: 18px;\">M\u00e1s din\u00e1mico y natural<\/span><\/li>\n<li><span style=\"font-family: Catamaran; font-size: 18px;\">Cercano y participativo<\/span><\/li>\n<li><span style=\"font-family: Catamaran; font-size: 18px;\">Lejos del formato r\u00edgido de \u201cpreguntas y respuestas\u201d repetitivas<\/span><\/li>\n<li><span style=\"font-family: Catamaran; font-size: 18px;\">Buscamos una charla amena, como si estuvi\u00e9ramos comentando el libro entre amigos.<\/span><\/li>\n<\/ul>\n<h2 data-start=\"2025\" data-end=\"2060\">\u00a0<\/h2>\n<h2 data-start=\"2025\" data-end=\"2060\"><span style=\"font-family: Signika Negative; font-size: 20px;\">\ud83c\udfa7 <span style=\"color: #99ccff;\">Participaci\u00f3n en las llamadas<\/span><\/span><\/h2>\n<p>&nbsp;<\/p>\n<ul>\n<li data-start=\"2064\" data-end=\"2168\"><span style=\"font-family: Catamaran; font-size: 18px;\">Lo ideal es que quienes participen lo hagan con <strong data-start=\"2112\" data-end=\"2139\">auriculares y micr\u00f3fono<\/strong>, para una mejor experiencia.<\/span><\/li>\n<li data-start=\"2171\" data-end=\"2295\"><span style=\"font-family: Catamaran; font-size: 18px;\">DC permite conectarse f\u00e1cilmente desde <strong data-start=\"2215\" data-end=\"2239\">PC, celular o tablet<\/strong>, por lo que no es necesario contar con una computadora.<\/span><\/li>\n<li data-start=\"2298\" data-end=\"2448\"><span style=\"font-family: Catamaran; font-size: 18px;\">Si alguien no se anima a hablar, lo idea seria que pueda <strong data-start=\"2337\" data-end=\"2365\">escuchar la conversaci\u00f3n<\/strong> y participar mediante el <strong data-start=\"2391\" data-end=\"2409\">canal de texto<\/strong>, sin perder la din\u00e1mica del encuentro.<\/span><\/li>\n<\/ul>\n<h2 data-start=\"2455\" data-end=\"2468\">\u00a0<\/h2>\n<h2 data-start=\"2455\" data-end=\"2468\"><span style=\"font-family: Signika Negative; font-size: 20px; color: #99ccff;\">\u23f0 Horarios<\/span><\/h2>\n<p>&nbsp;<\/p>\n<ul>\n<li><span style=\"font-family: Catamaran; font-size: 18px;\">Toda la actividad del Club de Lectura se realizar\u00e1 en horario de la<strong data-start=\"2524\" data-end=\"2558\"> Ciudad de M\u00e9xico<\/strong>.<\/span><\/li>\n<li><span style=\"font-family: Catamaran; font-size: 18px;\">Las fechas y horarios exactos de cada encuentro se anunciar\u00e1n con anticipaci\u00f3n en el <strong data-start=\"2647\" data-end=\"2681\">canal de anuncios de la actividad dentro del Servidor<\/strong>.<\/span><\/li>\n<\/ul>\n<h2 data-start=\"2689\" data-end=\"2717\">\u00a0<\/h2>\n<h2 data-start=\"2689\" data-end=\"2717\"><span style=\"font-family: Signika Negative; font-size: 20px; color: #99ccff;\">\ud83d\udccc Informaci\u00f3n importante<\/span><\/h2>\n<p>&nbsp;<\/p>\n<ul>\n<li data-start=\"2721\" data-end=\"2786\"><span style=\"font-family: Catamaran; font-size: 18px;\">El evento es exclusivo para miembros del servidor de DC.<\/span><\/li>\n<li data-start=\"2789\" data-end=\"2854\"><span style=\"font-family: Catamaran; font-size: 18px;\">Todos los libros propuestos y le\u00eddos ser\u00e1n en idioma espa\u00f1ol.<\/span>\n<\/li>\n<\/ul>\n<p>&nbsp;<\/p>\n<p data-start=\"2896\" data-end=\"3040\"><span style=\"font-family: Catamaran; font-size: 18px;\">\ud83d\udc9c <strong><span style=\"color: #99cc00;\">Para ingresar \u2192<\/span><\/strong> Solo debes hacerlo mediante cualquier bot\u00f3n de \u00abobtener\u00bb dentro de las publicaciones del blog.<\/span>\u00a0<\/p>\n<p data-start=\"2896\" data-end=\"3040\">\u00a0<\/p>\n<p data-start=\"2896\" data-end=\"3040\"><img loading=\"lazy\" decoding=\"async\" class=\"aligncenter size-medium\" src=\"https:\/\/i.postimg.cc\/FF0cQfDG\/CDL0_1.png\" width=\"1280\" height=\"670\" \/><\/p>\n<p data-start=\"2896\" data-end=\"3040\">\u00a0<\/p>\n<p data-start=\"2896\" data-end=\"3040\"><span style=\"font-family: Catamaran; font-size: 19px;\">Si te gusta leer, compartir opiniones y conocer otros puntos de vista en un ambiente respetuoso y distendido, <span style=\"color: #ff99cc;\"><strong>\u00a1\u00danete al Club de Lectura de Mundo Letroso!<\/strong><\/span><\/span><\/p>\n","protected":false},"excerpt":{"rendered":"<p>&nbsp; Te invitamos a participar de nuestro Club de Lectura, un evento mensual pensado para compartir libros, charlas y opiniones en un ambiente relajado y cercano, exclusivamente dentro de nuestro servidor de DC. El evento ser\u00e1 coordinado por una moderadora, dedicada especialmente a esta actividad, para garantizar una experiencia organizada, din\u00e1mica y agradable para todos [&hellip;]<\/p>\n","protected":false},"author":1,"featured_media":0,"parent":0,"menu_order":0,"comment_status":"closed","ping_status":"closed","template":"","meta":{"footnotes":""},"class_list":["post-3416","page","type-page","status-publish","hentry"],"_links":{"self":[{"href":"https:\/\/mundoletroso.com.ar\/blog\/wp-json\/wp\/v2\/pages\/3416","targetHints":{"allow":["GET"]}}],"collection":[{"href":"https:\/\/mundoletroso.com.ar\/blog\/wp-json\/wp\/v2\/pages"}],"about":[{"href":"https:\/\/mundoletroso.com.ar\/blog\/wp-json\/wp\/v2\/types\/page"}],"author":[{"embeddable":true,"href":"https:\/\/mundoletroso.com.ar\/blog\/wp-json\/wp\/v2\/users\/1"}],"replies":[{"embeddable":true,"href":"https:\/\/mundoletroso.com.ar\/blog\/wp-json\/wp\/v2\/comments?post=3416"}],"version-history":[{"count":8,"href":"https:\/\/mundoletroso.com.ar\/blog\/wp-json\/wp\/v2\/pages\/3416\/revisions"}],"predecessor-version":[{"id":3465,"href":"https:\/\/mundoletroso.com.ar\/blog\/wp-json\/wp\/v2\/pages\/3416\/revisions\/3465"}],"wp:attachment":[{"href":"https:\/\/mundoletroso.com.ar\/blog\/wp-json\/wp\/v2\/media?parent=3416"}],"curies":[{"name":"wp","href":"https:\/\/api.w.org\/{rel}","templated":true}]}}