{"id":3384,"date":"2026-02-03T10:02:54","date_gmt":"2026-02-03T13:02:54","guid":{"rendered":"https:\/\/mundoletroso.com.ar\/blog\/?page_id=3384"},"modified":"2026-02-12T15:43:05","modified_gmt":"2026-02-12T18:43:05","slug":"orden-de-lectura-universo-destined-paranormals_taylor-rylan","status":"publish","type":"page","link":"https:\/\/mundoletroso.com.ar\/blog\/orden-de-lectura-universo-destined-paranormals_taylor-rylan\/","title":{"rendered":"[Orden de Lectura] Universo Destined Paranormals _ Taylor Rylan (Febrero 2026)"},"content":{"rendered":"<p><img loading=\"lazy\" decoding=\"async\" class=\"aligncenter \" src=\"https:\/\/i.postimg.cc\/mkVJSd5y\/DP-TR.png\" width=\"541\" height=\"305\" \/><\/p>\n<div dir=\"ltr\">\n<div style=\"text-align: center;\"><b><br \/>\n<span style=\"font-family: Catamaran; font-size: 20px; color: #ffcc00;\">ORDEN DE LECTURA DEL UNIVERSO DESTINED PARANORMALS _ TAYLOR RYLAN<\/span><\/b><\/div>\n<div style=\"text-align: center;\">\n<p class=\"alert alert-info\"><span style=\"font-family: Catamaran; font-size: 15px;\">(Ultima actualizaci\u00f3n 2\/02\/2026)<\/span><\/p>\n<\/div>\n<\/div>\n<div style=\"text-align: center;\">\u00a0<\/div>\n<p><span style=\"color: #33cccc; font-size: 17px;\"><strong><span style=\"font-family: Catamaran;\"><u>Libros que componen este universo:<\/u><\/span><\/strong><\/span><\/p>\n<ul>\n<li><a href=\"https:\/\/mundoletroso.com.ar\/blog\/honey-creek-den-_-taylor-rylan-%e2%81%9d-universo-destined-paranormals-espanol\/\" target=\"_blank\" rel=\"noopener\"><span style=\"font-family: Catamaran; font-size: 18px;\">Honey Creek Den<\/span><\/a><\/li>\n<li><a href=\"https:\/\/mundoletroso.com.ar\/blog\/timber-valley-wolf-pack_taylor-rylan-%e2%81%9d-universo-destined-paranormals\/\" target=\"_blank\" rel=\"noopener\"><span style=\"font-family: Catamaran; font-size: 18px;\">Timber Valley Wolf Pack<\/span><\/a><\/li>\n<li><a href=\"https:\/\/mundoletroso.com.ar\/blog\/warlocks-of-amherst_taylor-rylan-%e2%81%9d-universo-destined-paranormals\/\" target=\"_blank\" rel=\"noopener\"><span style=\"font-family: Catamaran; font-size: 18px;\">Warlocks of Amherst<\/span><\/a><\/li>\n<li><a href=\"https:\/\/mundoletroso.com.ar\/blog\/vampires-of-the-beloved-gem_taylor-rylan-%e2%81%9d-universo-destined-paranormals\/\" target=\"_blank\" rel=\"noopener\"><span style=\"font-family: Catamaran; font-size: 18px;\">Vampires of the Beloved Gem<\/span><\/a><\/li>\n<li><a href=\"https:\/\/mundoletroso.com.ar\/blog\/paranormalcouncilenforcers_taylorrylan\/\" target=\"_blank\" rel=\"noopener\"><span style=\"font-family: Catamaran; font-size: 18px;\">Paranormal Council Enforcers<\/span><\/a><\/li>\n<li><a href=\"https:\/\/mundoletroso.com.ar\/blog\/destined-paranormals_taylor-rylan-%e2%81%9d-universo-destined-paranormals\/\" target=\"_blank\" rel=\"noopener\"><span style=\"font-family: Catamaran; font-size: 18px;\">Destined Paranormals<\/span><\/a><\/li>\n<\/ul>\n<p>&nbsp;<\/p>\n<p style=\"text-align: justify;\"><span style=\"font-family: Catamaran; font-size: 18px;\">\u25b7\u2661 Se sugiere seguir este orden de lectura ya que las historias se entrelazan a trav\u00e9s de diversas series. Este orden cronol\u00f3gico es sugerido por la autora para no perderse detalles de la trama general y aparici\u00f3n de los personajes.<\/span><\/p>\n<p style=\"text-align: justify;\"><span style=\"font-family: Catamaran; font-size: 18px;\">\u25b7\u2661 Esta publicaci\u00f3n se mantendr\u00e1 actualizado siempre que encuentre novedades, se encontrar\u00e1 tambi\u00e9n en el Servidor de DC.<\/span><\/p>\n<p style=\"text-align: justify;\"><span style=\"font-family: Catamaran; font-size: 18px;\">\u25b7\u2661 Aqu\u00ed no se traduce ning\u00fan libro, no nos hacemos responsables de la manera en que son traducidos y\/o corregidos.<\/span><\/p>\n<p>&nbsp;<\/p>\n<p><span style=\"font-family: Merienda; font-size: 17px; color: #99ccff;\"><strong>\u25c7 (1) Honey Creek Den<\/strong><\/span><\/p>\n<p><span style=\"font-family: Merienda; font-size: 17px;\">1. War\u2019s Mate<\/span><br \/>\n<span style=\"font-family: Merienda; font-size: 17px;\">2. Troy\u2019s Warlock<\/span><br \/>\n<span style=\"font-family: Merienda; font-size: 17px;\">3. Ryker\u2019s Enchantment<\/span><br \/>\n<span style=\"font-family: Merienda; font-size: 17px;\">4. Grayson\u2019s Enlightenment<\/span><br \/>\n<span style=\"font-family: Merienda; font-size: 17px;\">5. Gage\u2019s Serenity<\/span><br \/>\n<span style=\"font-family: Merienda; font-size: 17px;\">6. Jules\u2019s Sanctuary<\/span><\/p>\n<p><strong><span style=\"font-family: Merienda; font-size: 17px; color: #99ccff;\"><\/p>\n<p><\/span><span style=\"font-family: Merienda; font-size: 17px; color: #99ccff;\">\u25c7<\/span><span style=\"font-family: Merienda; font-size: 17px; color: #99ccff;\"> (2) Timber Valley Wolf Pack<\/span><\/strong><\/p>\n<p><span style=\"font-family: Merienda; font-size: 17px;\">1. Forest\u2019s Hope<\/span><br \/>\n<span style=\"font-family: Merienda; font-size: 17px;\">2. Sterling\u2019s Treasure<\/span><br \/>\n<span style=\"font-family: Merienda; font-size: 17px;\">3. Alistair\u2019s One<\/span><br \/>\n<span style=\"font-family: Merienda; font-size: 17px;\">4. Tucker\u2019s Trouble<\/span><br \/>\n<span style=\"font-family: Merienda; font-size: 17px;\">5. Jude\u2019s Whisper<\/span><br \/>\n<span style=\"font-family: Merienda; font-size: 17px;\">6. Canyon\u2019s Choice<\/span><br \/>\n<strong><span style=\"color: #99ccff;\"><span style=\"font-family: Merienda; font-size: 17px;\"><br \/>\n<\/span><\/span><\/strong><\/p>\n<p><strong><span style=\"color: #99ccff;\"><span style=\"font-family: Merienda; font-size: 17px;\">\u25c7<\/span><span style=\"font-family: Merienda; font-size: 17px;\"> (3) Warlocks of Amherst<\/span><\/span><\/strong><\/p>\n<p><span style=\"font-family: Merienda; font-size: 17px;\">1. Cornelius<\/span><br \/>\n<span style=\"font-family: Merienda; font-size: 17px;\">2. Balthazar<\/span><br \/>\n<span style=\"font-family: Merienda; font-size: 17px;\">3. Constantine<\/span><br \/>\n<span style=\"font-family: Merienda; font-size: 17px;\">4. Grantham<\/span><br \/>\n<span style=\"font-family: Merienda; font-size: 17px;\">5. Fenwick<\/span><br \/>\n<span style=\"font-family: Merienda; font-size: 17px;\">6. Edison<\/span><br \/>\n<span style=\"font-family: Merienda; font-size: 17px;\">7. Arthur<\/span><\/p>\n<p>&nbsp;<\/p>\n<p><span style=\"color: #99ccff;\"><strong><span style=\"font-family: Merienda; font-size: 17px;\"><span style=\"color: #99ccff;\">\u25c7 (4) Vampires of the Beloved Gem<\/span><\/span><\/strong><\/span><\/p>\n<p><span style=\"font-family: Merienda; font-size: 17px;\">1. Diego\u2019s Heart<\/span><br \/>\n<span style=\"font-family: Merienda; font-size: 17px;\">2. Giovanni\u2019s Jackpot<\/span><br \/>\n<span style=\"font-family: Merienda; font-size: 17px;\">3. Fergus\u2019s Hurricane<\/span><br \/>\n<span style=\"font-family: Merienda; font-size: 17px;\">4. Matteo\u2019s Whirlwind<\/span><br \/>\n<span style=\"font-family: Merienda; font-size: 17px;\">5. Nikolai\u2019s Beloved<br \/>\n<\/span><\/p>\n<p>&nbsp;<\/p>\n<p><span style=\"color: #99ccff;\"><strong><span style=\"font-family: Merienda; font-size: 17px;\">\u25c7 (5) Paranormal Council Enforcers<\/span><\/strong><\/span><\/p>\n<p><span style=\"font-family: Merienda; font-size: 17px;\">1. Ambrosius<\/span><\/p>\n<p><span style=\"color: #ff0000;\"><em><span style=\"font-family: Merienda; font-size: 17px;\">2. Atticus<\/span><\/em><\/span><br \/>\n<span style=\"color: #ff0000;\"><em><span style=\"font-family: Merienda; font-size: 17px;\">3. Reinhold <\/span><\/em><\/span><br \/>\n<span style=\"color: #ff0000;\"><em><span style=\"font-family: Merienda; font-size: 17px;\">4. Garic<\/span><\/em><\/span><br \/>\n<span style=\"color: #ff0000;\"><em><span style=\"font-family: Merienda; font-size: 17px;\">5. Everett<\/span><\/em><\/span><br \/>\n<span style=\"color: #ff0000;\"><em><span style=\"font-family: Merienda; font-size: 17px;\">6. Benjamin<\/span><\/em><\/span><br \/>\n<span style=\"color: #ff0000;\"><em><span style=\"font-family: Merienda; font-size: 17px;\">7. Raiden<\/span><\/em><\/span><br \/>\n<span style=\"color: #ff0000;\"><em><span style=\"font-family: Merienda; font-size: 17px;\">8. Parker<\/span><\/em><\/span><br \/>\n<span style=\"color: #ff0000;\"><em><span style=\"font-family: Merienda; font-size: 17px;\">9. Ramsey<\/span><\/em><\/span><br \/>\n<span style=\"color: #ff0000;\"><em><span style=\"font-family: Merienda; font-size: 17px;\">10. Castiel<\/span><\/em><\/span><br \/>\n<span style=\"color: #ff0000;\"><em><span style=\"font-family: Merienda; font-size: 17px;\">11. Damien<\/span><\/em><\/span><br \/>\n<span style=\"color: #ff0000;\"><em><span style=\"font-family: Merienda; font-size: 17px;\">12. Sebastian<\/span><\/em><\/span><br \/>\n<span style=\"color: #ff0000;\"><em><span style=\"font-family: Merienda; font-size: 17px;\">13. Warwick<\/span><\/em><\/span><br \/>\n<span style=\"color: #ff0000;\"><em><span style=\"font-family: Merienda; font-size: 17px;\">14. Dimitri<\/span><\/em><\/span><br \/>\n<span style=\"color: #ff0000;\"><em><span style=\"font-family: Merienda; font-size: 17px;\">15. Frederick<\/span><\/em><\/span><br \/>\n<span style=\"color: #ff0000;\"><em><span style=\"font-family: Merienda; font-size: 17px;\">16. Briggs<\/span><\/em><\/span><br \/>\n<span style=\"color: #ff0000;\"><em><span style=\"font-family: Merienda; font-size: 17px;\">17. Dante<\/span><\/em><\/span><br \/>\n<span style=\"color: #ff0000;\"><em><span style=\"font-family: Merienda; font-size: 17px;\">18. Maxwell<\/span><\/em><\/span><br \/>\n<span style=\"color: #ff0000;\"><em><span style=\"font-family: Merienda; font-size: 17px;\">19. Vaughn <\/span><\/em><\/span><\/p>\n<p>&nbsp;<\/p>\n<p><span style=\"color: #99ccff;\"><strong><span style=\"font-family: Merienda; font-size: 17px;\">\u25c7 (6) Destined Paranormals<\/span><\/strong><\/span><\/p>\n<p><span style=\"font-family: Merienda; font-size: 17px;\">1. Aleric<\/span><br \/>\n<span style=\"font-family: Merienda; font-size: 17px;\">2. Monroe<\/span><br \/>\n<span style=\"font-family: Merienda; font-size: 17px;\">3. Calum<\/span><br \/>\n<span style=\"font-family: Merienda; font-size: 17px;\">4. Stefan<\/span><br \/>\n<span style=\"font-family: Merienda; font-size: 17px;\">5. Connor<\/span><br \/>\n<span style=\"font-family: Merienda; font-size: 17px;\">6. Knox<\/span><br \/>\n<span style=\"font-family: Merienda; font-size: 17px;\">7. Roman<\/span><\/p>\n<p>&nbsp;<\/p>\n<p>&nbsp;<\/p>\n<p style=\"text-align: center;\"><span style=\"color: #ccffff;\">\u25cf\u25cf\u25cf\u25cf\u25cf\u25cf <\/span><\/p>\n<p style=\"text-align: center;\"><span style=\"font-family: Maven Pro; font-size: 13px;\"><b>\u200bLos libros en <span style=\"color: #ff0000;\">ROJO<\/span> son los que aun no est\u00e1n las traducciones en espa\u00f1ol, todo los dem\u00e1s se encuentran ya publicados en el blog.\u00a0<\/b><\/span><\/p>\n","protected":false},"excerpt":{"rendered":"<p>ORDEN DE LECTURA DEL UNIVERSO DESTINED PARANORMALS _ TAYLOR RYLAN (Ultima actualizaci\u00f3n 2\/02\/2026) \u00a0 Libros que componen este universo: Honey Creek Den Timber Valley Wolf Pack Warlocks of Amherst Vampires of the Beloved Gem Paranormal Council Enforcers Destined Paranormals &nbsp; \u25b7\u2661 Se sugiere seguir este orden de lectura ya que las historias se entrelazan a [&hellip;]<\/p>\n","protected":false},"author":1,"featured_media":0,"parent":0,"menu_order":0,"comment_status":"closed","ping_status":"closed","template":"","meta":{"footnotes":""},"class_list":["post-3384","page","type-page","status-publish","hentry"],"_links":{"self":[{"href":"https:\/\/mundoletroso.com.ar\/blog\/wp-json\/wp\/v2\/pages\/3384","targetHints":{"allow":["GET"]}}],"collection":[{"href":"https:\/\/mundoletroso.com.ar\/blog\/wp-json\/wp\/v2\/pages"}],"about":[{"href":"https:\/\/mundoletroso.com.ar\/blog\/wp-json\/wp\/v2\/types\/page"}],"author":[{"embeddable":true,"href":"https:\/\/mundoletroso.com.ar\/blog\/wp-json\/wp\/v2\/users\/1"}],"replies":[{"embeddable":true,"href":"https:\/\/mundoletroso.com.ar\/blog\/wp-json\/wp\/v2\/comments?post=3384"}],"version-history":[{"count":16,"href":"https:\/\/mundoletroso.com.ar\/blog\/wp-json\/wp\/v2\/pages\/3384\/revisions"}],"predecessor-version":[{"id":3434,"href":"https:\/\/mundoletroso.com.ar\/blog\/wp-json\/wp\/v2\/pages\/3384\/revisions\/3434"}],"wp:attachment":[{"href":"https:\/\/mundoletroso.com.ar\/blog\/wp-json\/wp\/v2\/media?parent=3384"}],"curies":[{"name":"wp","href":"https:\/\/api.w.org\/{rel}","templated":true}]}}